{"id":9470,"date":"2014-01-13T20:52:16","date_gmt":"2014-01-13T18:52:16","guid":{"rendered":"http:\/\/www.mountainguide.ro\/?page_id=9470"},"modified":"2022-01-11T21:07:51","modified_gmt":"2022-01-11T19:07:51","slug":"ski-touring-freeride-skiing-and-snowboarding-snowshoeing","status":"publish","type":"page","link":"https:\/\/www.mountainguide.ro\/ro\/schi-de-tura-freeride-snowboard\/","title":{"rendered":"Schi de tur\u0103, snowboard, freeride, rachete de z\u0103pad\u0103"},"content":{"rendered":"<p><\/p>\n<div class=\"video-responsive-container\"><iframe src=\"https:\/\/youtube.com\/embed\/T_zLZ8PFwZY?rel=0\" frameborder=\"0\" allowfullscreen=\"allowfullscreen\"><br \/>\n<\/iframe><\/div>\n<p>Manualele de geografie scriu c\u0103 aproape 30% din suprafa\u021ba Rom\u00e2niei e acoperit\u0103 de mun\u021bi. Promi\u021b\u0103tor pentru schiul de p\u00e2rtie, ai zice. \u00cen realitate, \u00een\u0103l\u021bimea relativ mic\u0103 (\u00een compara\u021bie Alpii, Pirineii, etc) \u0219i clima relativ uscat\u0103, temperat continental\u0103, creeaz\u0103 condi\u021bii mai pu\u021bin propice pentru construirea unor mari sta\u021biuni de schi, care s\u0103 rivalizeze cu imensele domenii schiabile din vestul \u0219i centrul Europei.<\/p>\n<p>Dovad\u0103 stau at\u00e2t aglomera\u021bia de pe pu\u021binii kilometri de p\u00e2rtie amenaja\u021bi \u00een Carpa\u021bii Rom\u00e2ne\u0219ti, dar \u0219i coloanele de ma\u0219ini cu num\u0103r de Rom\u00e2nia care iau cu asalt sta\u021biunile de schi din Alpi \u00een fiecare iarn\u0103.<\/p>\n<p>Dar orice pahar pe jum\u0103tate gol are \u0219i o jum\u0103tate plin\u0103: lipsa p\u0103rtiilor amenajate transform\u0103 <strong>Carpa\u021bii Rom\u00e2ne\u0219ti<\/strong> \u00eentr-un mic <strong>rai al schiului de tur\u0103<\/strong>, al <strong>split-boarding<\/strong>-ului, al <strong>schiului \u00een afara pistelor<\/strong>.<\/p>\n<p><strong>Zona montan\u0103 Bra\u0219ovului<\/strong> este, geografic vorbind, cea mai bogat\u0103 \u0219i variat\u0103 din Rom\u00e2nia. Plec\u00e2nd din <strong>Ciuca\u0219<\/strong>, continu\u00e2nd cu <strong>Grohoti\u0219ului<\/strong>, <strong>Piatra Mare<\/strong>, <strong>Post\u0103varu<\/strong>, <strong>Bucegi<\/strong>, <strong>Piatra Craiului<\/strong> \u0219i termin\u00e2nd cu <strong>F\u0103g\u0103ra\u0219<\/strong>, g\u0103sim op\u021biuni de dat pentru toate gusturile: de la trasee u\u0219oare, pentru \u00eencep\u0103torii schiului de tur\u0103, la cobor\u00e2ri tehnice pentru cei avansa\u021bi. Amatorii de plimb\u0103ri mai relaxate, cu adaus mai redus de adrenalin\u0103, se pot bucura de ture pe rachete de z\u0103pad\u0103, sau chiar de ski nordic.<\/p>\n<p>Z\u0103pada perfect\u0103 ascunde, \u00eens\u0103, multe capcane, \u0219i asisten\u021ba unui cunosc\u0103tor \u00een detaliu a zonelor este imperativ\u0103. <strong>Iulian Cozma<\/strong> cunoa\u0219te mun\u021bii din jurul Bra\u0219ovului ca pe propriile buzunare. La \u00eenceput prin explor\u0103ri personale, apoi \u00een <strong>peste 20 de sezoane de iarn\u0103<\/strong> \u00een care a ghidat pe coclaurile \u00eenz\u0103pezite grupuri de montaniarzi veni\u021bi \u00een Rom\u00e2nia din toate col\u021burile lumii. An dup\u0103 an Iulian \u0219i-a cl\u0103dit \u0219i consolidat o experien\u021b\u0103 solid\u0103, \u0219tie unde e z\u0103pada bun\u0103 \u0219i sigur\u0103 \u00een fiecare s\u0103pt\u0103m\u00e2n\u0103 a sezonului rece, \u0219i \u0219tie c\u00e2nd \u0219i cum s\u0103 schimbe traseele \u0219i rutele stabilite ini\u021bial \u00eentr-un program, atunci c\u00e2nd schimb\u0103rile de temperatur\u0103 \u0219i vizibilitate, starea z\u0103pezii o cer.<\/p>\n<p>Apela\u021bi cu \u00eencredere la noi pentru programe de o s\u0103pt\u0103m\u00e2n\u0103, care s\u0103 parcurg\u0103 mai multe masive montane \u0219i diferite scenarii de schi \u00een afara pistelor, sau ie\u0219iri scurte, de weekend. Totul ambalat \u00een pachete all-inclusive, cu transport, cazare, mas\u0103, etc.<\/p>\n<p>Ne pute\u021bi trimite un mesaj folosind modulul de comentarii de mai jos, sau folosind formularul din pagina de <a href=\"http:\/\/www.mountainguide.ro\/en\/contact-iulian-cozma-hiking-guide\/\">Contact<\/a>.<\/p>","protected":false},"excerpt":{"rendered":"<p>Manualele de geografie scriu c\u0103 aproape 30% din suprafa\u021ba Rom\u00e2niei e acoperit\u0103 de mun\u021bi. Promi\u021b\u0103tor pentru schiul de p\u00e2rtie, ai zice. \u00cen realitate, \u00een\u0103l\u021bimea relativ mic\u0103 (\u00een compara\u021bie Alpii, Pirineii, etc) \u0219i clima relativ uscat\u0103, temperat continental\u0103, creeaz\u0103 condi\u021bii mai pu\u021bin propice pentru construirea unor mari sta\u021biuni de schi, care s\u0103 rivalizeze cu imensele domenii&#8230;  <a class=\"excerpt-read-more\" href=\"https:\/\/www.mountainguide.ro\/ro\/schi-de-tura-freeride-snowboard\/\" title=\"Read Schi de tur\u0103, snowboard, freeride, rachete de z\u0103pad\u0103\">Cite\u0219te mai mult &raquo;<\/a><\/p>\n","protected":false},"author":3,"featured_media":0,"parent":0,"menu_order":0,"comment_status":"open","ping_status":"closed","template":"","meta":{"footnotes":""},"tags":[1071,1062,1070,1080,1081,18,16,166,1072,1089,1067,1068,1085,1084,1064,411,1086,1076,1011,683,35,1083,1088,1087,50,24,1066,1069,734,1082,1079,674,1091,63,872,128,1078,1061,1090,21],"class_list":["post-9470","page","type-page","status-publish","hentry","tag-activity","tag-adventure","tag-backcountry","tag-board","tag-boarding","tag-brasov","tag-bucegi","tag-carpathians","tag-erlebnis","tag-felle","tag-free-ride","tag-freeride","tag-fuhrung","tag-gefuhrte","tag-guided","tag-holiday","tag-pisten","tag-programm","tag-pulver-skifahren","tag-pulverschnee","tag-romania","tag-schi-de-tura","tag-schi-touring","tag-schnee","tag-siebenburgen","tag-ski-touring","tag-skinning","tag-slopes","tag-snow","tag-south","tag-split","tag-splitboard","tag-sudkarpaten","tag-tour","tag-touring","tag-transylvania","tag-transylvanien","tag-trip","tag-urlaub","tag-winter"],"yoast_head":"<!-- This site is optimized with the Yoast SEO plugin v27.5 - https:\/\/yoast.com\/product\/yoast-seo-wordpress\/ -->\n<title>Schi de tur\u0103, snowboard, freeride, rachete de z\u0103pad\u0103 - mountainguide.ro<\/title>\n<meta name=\"robots\" content=\"index, follow, max-snippet:-1, max-image-preview:large, max-video-preview:-1\" \/>\n<link rel=\"canonical\" href=\"https:\/\/www.mountainguide.ro\/ro\/ski-touring-freeride-romania\/\" \/>\n<meta property=\"og:locale\" content=\"ro_RO\" \/>\n<meta property=\"og:type\" content=\"article\" \/>\n<meta property=\"og:title\" content=\"Schi de tur\u0103, snowboard, freeride, rachete de z\u0103pad\u0103 - mountainguide.ro\" \/>\n<meta property=\"og:description\" content=\"Manualele de geografie scriu c\u0103 aproape 30% din suprafa\u021ba Rom\u00e2niei e acoperit\u0103 de mun\u021bi. Promi\u021b\u0103tor pentru schiul de p\u00e2rtie, ai zice. \u00cen realitate, \u00een\u0103l\u021bimea relativ mic\u0103 (\u00een compara\u021bie Alpii, Pirineii, etc) \u0219i clima relativ uscat\u0103, temperat continental\u0103, creeaz\u0103 condi\u021bii mai pu\u021bin propice pentru construirea unor mari sta\u021biuni de schi, care s\u0103 rivalizeze cu imensele domenii... Cite\u0219te mai mult &raquo;\" \/>\n<meta property=\"og:url\" content=\"http:\/\/www.mountainguide.ro\/ro\/ski-touring-freeride-romania\/\" \/>\n<meta property=\"og:site_name\" content=\"Ghid montan\" \/>\n<meta property=\"article:publisher\" content=\"https:\/\/www.facebook.com\/mountainguide.ro\/\" \/>\n<meta property=\"article:modified_time\" content=\"2022-01-11T19:07:51+00:00\" \/>\n<meta name=\"twitter:card\" content=\"summary_large_image\" \/>\n<meta name=\"twitter:label1\" content=\"Timp estimat pentru citire\" \/>\n\t<meta name=\"twitter:data1\" content=\"25 de minute\" \/>\n<script type=\"application\/ld+json\" class=\"yoast-schema-graph\">{\"@context\":\"https:\\\/\\\/schema.org\",\"@graph\":[{\"@type\":\"WebPage\",\"@id\":\"https:\\\/\\\/www.mountainguide.ro\\\/ro\\\/ski-touring-freeride-romania\\\/\",\"url\":\"https:\\\/\\\/www.mountainguide.ro\\\/ro\\\/ski-touring-freeride-romania\\\/\",\"name\":\"Schi de tur\u0103, snowboard, freeride, rachete de z\u0103pad\u0103 - mountainguide.ro\",\"isPartOf\":{\"@id\":\"https:\\\/\\\/www.mountainguide.ro\\\/ro\\\/#website\"},\"datePublished\":\"2014-01-13T18:52:16+00:00\",\"dateModified\":\"2022-01-11T19:07:51+00:00\",\"breadcrumb\":{\"@id\":\"https:\\\/\\\/www.mountainguide.ro\\\/ro\\\/ski-touring-freeride-romania\\\/#breadcrumb\"},\"inLanguage\":\"ro-RO\",\"potentialAction\":[{\"@type\":\"ReadAction\",\"target\":[[\"https:\\\/\\\/www.mountainguide.ro\\\/ro\\\/ski-touring-freeride-romania\\\/\"]]}]},{\"@type\":\"BreadcrumbList\",\"@id\":\"https:\\\/\\\/www.mountainguide.ro\\\/ro\\\/ski-touring-freeride-romania\\\/#breadcrumb\",\"itemListElement\":[{\"@type\":\"ListItem\",\"position\":1,\"name\":\"Home\",\"item\":\"https:\\\/\\\/www.mountainguide.ro\\\/ro\\\/\"},{\"@type\":\"ListItem\",\"position\":2,\"name\":\"Unspoilt mountain territory\"}]},{\"@type\":\"WebSite\",\"@id\":\"https:\\\/\\\/www.mountainguide.ro\\\/ro\\\/#website\",\"url\":\"https:\\\/\\\/www.mountainguide.ro\\\/ro\\\/\",\"name\":\"Ghid montan\",\"description\":\"Drumetii montane, schi de tura, ture cu bicicleta \u00een Rom\u00e2nia\",\"potentialAction\":[{\"@type\":\"SearchAction\",\"target\":{\"@type\":\"EntryPoint\",\"urlTemplate\":\"https:\\\/\\\/www.mountainguide.ro\\\/ro\\\/?s={search_term_string}\"},\"query-input\":{\"@type\":\"PropertyValueSpecification\",\"valueRequired\":true,\"valueName\":\"search_term_string\"}}],\"inLanguage\":\"ro-RO\"}]}<\/script>\n<!-- \/ Yoast SEO plugin. -->","yoast_head_json":{"title":"Schi de tur\u0103, snowboard, freeride, rachete de z\u0103pad\u0103 - mountainguide.ro","robots":{"index":"index","follow":"follow","max-snippet":"max-snippet:-1","max-image-preview":"max-image-preview:large","max-video-preview":"max-video-preview:-1"},"canonical":"https:\/\/www.mountainguide.ro\/ro\/ski-touring-freeride-romania\/","og_locale":"ro_RO","og_type":"article","og_title":"Schi de tur\u0103, snowboard, freeride, rachete de z\u0103pad\u0103 - mountainguide.ro","og_description":"Manualele de geografie scriu c\u0103 aproape 30% din suprafa\u021ba Rom\u00e2niei e acoperit\u0103 de mun\u021bi. Promi\u021b\u0103tor pentru schiul de p\u00e2rtie, ai zice. \u00cen realitate, \u00een\u0103l\u021bimea relativ mic\u0103 (\u00een compara\u021bie Alpii, Pirineii, etc) \u0219i clima relativ uscat\u0103, temperat continental\u0103, creeaz\u0103 condi\u021bii mai pu\u021bin propice pentru construirea unor mari sta\u021biuni de schi, care s\u0103 rivalizeze cu imensele domenii... Cite\u0219te mai mult &raquo;","og_url":"http:\/\/www.mountainguide.ro\/ro\/ski-touring-freeride-romania\/","og_site_name":"Ghid montan","article_publisher":"https:\/\/www.facebook.com\/mountainguide.ro\/","article_modified_time":"2022-01-11T19:07:51+00:00","twitter_card":"summary_large_image","twitter_misc":{"Timp estimat pentru citire":"25 de minute"},"schema":{"@context":"https:\/\/schema.org","@graph":[{"@type":"WebPage","@id":"https:\/\/www.mountainguide.ro\/ro\/ski-touring-freeride-romania\/","url":"https:\/\/www.mountainguide.ro\/ro\/ski-touring-freeride-romania\/","name":"Schi de tur\u0103, snowboard, freeride, rachete de z\u0103pad\u0103 - mountainguide.ro","isPartOf":{"@id":"https:\/\/www.mountainguide.ro\/ro\/#website"},"datePublished":"2014-01-13T18:52:16+00:00","dateModified":"2022-01-11T19:07:51+00:00","breadcrumb":{"@id":"https:\/\/www.mountainguide.ro\/ro\/ski-touring-freeride-romania\/#breadcrumb"},"inLanguage":"ro-RO","potentialAction":[{"@type":"ReadAction","target":[["https:\/\/www.mountainguide.ro\/ro\/ski-touring-freeride-romania\/"]]}]},{"@type":"BreadcrumbList","@id":"https:\/\/www.mountainguide.ro\/ro\/ski-touring-freeride-romania\/#breadcrumb","itemListElement":[{"@type":"ListItem","position":1,"name":"Home","item":"https:\/\/www.mountainguide.ro\/ro\/"},{"@type":"ListItem","position":2,"name":"Unspoilt mountain territory"}]},{"@type":"WebSite","@id":"https:\/\/www.mountainguide.ro\/ro\/#website","url":"https:\/\/www.mountainguide.ro\/ro\/","name":"Ghid montan","description":"Drumetii montane, schi de tura, ture cu bicicleta \u00een Rom\u00e2nia","potentialAction":[{"@type":"SearchAction","target":{"@type":"EntryPoint","urlTemplate":"https:\/\/www.mountainguide.ro\/ro\/?s={search_term_string}"},"query-input":{"@type":"PropertyValueSpecification","valueRequired":true,"valueName":"search_term_string"}}],"inLanguage":"ro-RO"}]}},"_links":{"self":[{"href":"https:\/\/www.mountainguide.ro\/ro\/wp-json\/wp\/v2\/pages\/9470","targetHints":{"allow":["GET"]}}],"collection":[{"href":"https:\/\/www.mountainguide.ro\/ro\/wp-json\/wp\/v2\/pages"}],"about":[{"href":"https:\/\/www.mountainguide.ro\/ro\/wp-json\/wp\/v2\/types\/page"}],"author":[{"embeddable":true,"href":"https:\/\/www.mountainguide.ro\/ro\/wp-json\/wp\/v2\/users\/3"}],"replies":[{"embeddable":true,"href":"https:\/\/www.mountainguide.ro\/ro\/wp-json\/wp\/v2\/comments?post=9470"}],"version-history":[{"count":26,"href":"https:\/\/www.mountainguide.ro\/ro\/wp-json\/wp\/v2\/pages\/9470\/revisions"}],"predecessor-version":[{"id":15074,"href":"https:\/\/www.mountainguide.ro\/ro\/wp-json\/wp\/v2\/pages\/9470\/revisions\/15074"}],"wp:attachment":[{"href":"https:\/\/www.mountainguide.ro\/ro\/wp-json\/wp\/v2\/media?parent=9470"}],"wp:term":[{"taxonomy":"post_tag","embeddable":true,"href":"https:\/\/www.mountainguide.ro\/ro\/wp-json\/wp\/v2\/tags?post=9470"}],"curies":[{"name":"wp","href":"https:\/\/api.w.org\/{rel}","templated":true}]}}