{"id":9390,"date":"2014-01-13T19:51:52","date_gmt":"2014-01-13T17:51:52","guid":{"rendered":"http:\/\/www.mountainguide.ro\/?page_id=9390"},"modified":"2022-01-11T21:08:23","modified_gmt":"2022-01-11T19:08:23","slug":"hiking-trekking-mountaineering-in-the-romanian-mountains","status":"publish","type":"page","link":"https:\/\/www.mountainguide.ro\/ro\/drumetii-montane-romania\/","title":{"rendered":"Drume\u021bie \u00een mun\u021bii Rom\u00e2niei"},"content":{"rendered":"<p><img decoding=\"async\" class=\"alignleft wp-image-10409\" src=\"http:\/\/www.mountainguide.ro\/wp-content\/uploads\/2014\/01\/trail.jpg\" alt=\"Drumetii montane in Gradina Carpatilor\" width=\"670\" srcset=\"https:\/\/www.mountainguide.ro\/wp-content\/uploads\/2014\/01\/trail.jpg 800w, https:\/\/www.mountainguide.ro\/wp-content\/uploads\/2014\/01\/trail-300x100.jpg 300w\" sizes=\"(max-width: 800px) 100vw, 800px\" \/>\u00cen ultimii ani, Rom\u00e2nia a \u00eenceput s\u0103 fie tot mai prezent\u0103 pe lista destina\u021biilor de vacan\u021be active \u0219i tot mai mul\u021bi turi\u0219ti aleg s\u0103-\u0219i petreac\u0103 aici vacan\u021bele. Fiind o \u021bar\u0103 cu multe zone muntoase, nu este de mirare c\u0103 drume\u021biile sunt foarte des practicate iar traseele sunt bine marcate \u0219i adaptate fiec\u0103rui turist.<\/p>\n<p>Folosindu-se de cei peste 22 ani de experien\u021b\u0103 \u00een organizarea de drume\u021bii montane cu grupuri de turi\u0219ti din toat\u0103 lumea, Iulian Cozma Outdoor Adventures va ofer\u0103 toate elementele pentru a avea o vacan\u021b\u0103 ideal\u0103 \u00een mun\u021bii din Rom\u00e2nia: drume\u021bii montane de var\u0103 \u00een toate masivele din Rom\u00e2nia, care includ: transport, cazare \u0219i servicii de ghid. De asemena, turele pot fi customizate \u00een func\u021bie de cerin\u021bele turi\u0219tilor \u0219i de preg\u0103tirea fizic\u0103.<\/p>\n<p>Cea mai mare parte a drume\u021biilor sunt organizate \u00een parcuri naturale, de aceea pot fi admirate specii rare de flor\u0103 (floare de col\u021b, bujori de munte, gen\u021bian\u0103 etc.) sau faun\u0103 (capra neagr\u0103, marmota, acvila de munte, coco\u0219ul de munte etc.).<\/p>\n<p>V\u0103 a\u0219tept\u0103m s\u0103 descoperim impreuna frumuse\u021bea Carpa\u021bilor!<\/p>","protected":false},"excerpt":{"rendered":"<p>\u00cen ultimii ani, Rom\u00e2nia a \u00eenceput s\u0103 fie tot mai prezent\u0103 pe lista destina\u021biilor de vacan\u021be active \u0219i tot mai mul\u021bi turi\u0219ti aleg s\u0103-\u0219i petreac\u0103 aici vacan\u021bele. Fiind o \u021bar\u0103 cu multe zone muntoase, nu este de mirare c\u0103 drume\u021biile sunt foarte des practicate iar traseele sunt bine marcate \u0219i adaptate fiec\u0103rui turist. Folosindu-se de&#8230;  <a class=\"excerpt-read-more\" href=\"https:\/\/www.mountainguide.ro\/ro\/drumetii-montane-romania\/\" title=\"Read Drume\u021bie \u00een mun\u021bii Rom\u00e2niei\">Cite\u0219te mai mult &raquo;<\/a><\/p>\n","protected":false},"author":3,"featured_media":0,"parent":0,"menu_order":0,"comment_status":"open","ping_status":"closed","template":"","meta":{"footnotes":""},"tags":[1096,1062,18,16,96,166,423,1093,1098,1099,30,22,412,411,95,1092,141,1097,9,225,1063,1095,35,1082,1094,63,128,528,1061,138,19],"class_list":["post-9390","page","type-page","status-publish","hentry","tag-active","tag-adventure","tag-brasov","tag-bucegi","tag-bucovina","tag-carpathians","tag-ciucas","tag-custom","tag-danube","tag-delta","tag-fagaras","tag-hiking","tag-hills","tag-holiday","tag-maramures","tag-mountaineering","tag-mountains","tag-outdoors","tag-piatra-craiului","tag-postavaru","tag-program","tag-programme","tag-romania","tag-south","tag-special","tag-tour","tag-transylvania","tag-trekking","tag-trip","tag-vacation","tag-walking"],"yoast_head":"<!-- This site is optimized with the Yoast SEO plugin v27.5 - https:\/\/yoast.com\/product\/yoast-seo-wordpress\/ -->\n<title>Drume\u021bie \u00een mun\u021bii Rom\u00e2niei - mountainguide.ro<\/title>\n<meta name=\"robots\" content=\"index, follow, max-snippet:-1, max-image-preview:large, max-video-preview:-1\" \/>\n<link rel=\"canonical\" href=\"https:\/\/www.mountainguide.ro\/ro\/hiking-tours-romania\/\" \/>\n<meta property=\"og:locale\" content=\"ro_RO\" \/>\n<meta property=\"og:type\" content=\"article\" \/>\n<meta property=\"og:title\" content=\"Drume\u021bie \u00een mun\u021bii Rom\u00e2niei - mountainguide.ro\" \/>\n<meta property=\"og:description\" content=\"\u00cen ultimii ani, Rom\u00e2nia a \u00eenceput s\u0103 fie tot mai prezent\u0103 pe lista destina\u021biilor de vacan\u021be active \u0219i tot mai mul\u021bi turi\u0219ti aleg s\u0103-\u0219i petreac\u0103 aici vacan\u021bele. Fiind o \u021bar\u0103 cu multe zone muntoase, nu este de mirare c\u0103 drume\u021biile sunt foarte des practicate iar traseele sunt bine marcate \u0219i adaptate fiec\u0103rui turist. Folosindu-se de... Cite\u0219te mai mult &raquo;\" \/>\n<meta property=\"og:url\" content=\"http:\/\/www.mountainguide.ro\/ro\/hiking-tours-romania\/\" \/>\n<meta property=\"og:site_name\" content=\"Ghid montan\" \/>\n<meta property=\"article:publisher\" content=\"https:\/\/www.facebook.com\/mountainguide.ro\/\" \/>\n<meta property=\"article:modified_time\" content=\"2022-01-11T19:08:23+00:00\" \/>\n<meta property=\"og:image\" content=\"http:\/\/www.mountainguide.ro\/wp-content\/uploads\/2014\/01\/trail.jpg\" \/>\n<meta name=\"twitter:card\" content=\"summary_large_image\" \/>\n<meta name=\"twitter:label1\" content=\"Timp estimat pentru citire\" \/>\n\t<meta name=\"twitter:data1\" content=\"4 minute\" \/>\n<script type=\"application\/ld+json\" class=\"yoast-schema-graph\">{\"@context\":\"https:\\\/\\\/schema.org\",\"@graph\":[{\"@type\":\"WebPage\",\"@id\":\"https:\\\/\\\/www.mountainguide.ro\\\/ro\\\/hiking-tours-romania\\\/\",\"url\":\"https:\\\/\\\/www.mountainguide.ro\\\/ro\\\/hiking-tours-romania\\\/\",\"name\":\"Drume\u021bie \u00een mun\u021bii Rom\u00e2niei - mountainguide.ro\",\"isPartOf\":{\"@id\":\"https:\\\/\\\/www.mountainguide.ro\\\/ro\\\/#website\"},\"primaryImageOfPage\":{\"@id\":\"https:\\\/\\\/www.mountainguide.ro\\\/ro\\\/hiking-tours-romania\\\/#primaryimage\"},\"image\":{\"@id\":\"https:\\\/\\\/www.mountainguide.ro\\\/en\\\/hiking-tours-romania\\\/#primaryimage\"},\"thumbnailUrl\":\"http:\\\/\\\/www.mountainguide.ro\\\/wp-content\\\/uploads\\\/2014\\\/01\\\/trail.jpg\",\"datePublished\":\"2014-01-13T17:51:52+00:00\",\"dateModified\":\"2022-01-11T19:08:23+00:00\",\"breadcrumb\":{\"@id\":\"https:\\\/\\\/www.mountainguide.ro\\\/ro\\\/hiking-tours-romania\\\/#breadcrumb\"},\"inLanguage\":\"ro-RO\",\"potentialAction\":[{\"@type\":\"ReadAction\",\"target\":[[\"https:\\\/\\\/www.mountainguide.ro\\\/ro\\\/hiking-tours-romania\\\/\"]]}]},{\"@type\":\"ImageObject\",\"inLanguage\":\"ro-RO\",\"@id\":\"https:\\\/\\\/www.mountainguide.ro\\\/ro\\\/hiking-tours-romania\\\/#primaryimage\",\"url\":\"http:\\\/\\\/www.mountainguide.ro\\\/wp-content\\\/uploads\\\/2014\\\/01\\\/trail.jpg\",\"contentUrl\":\"http:\\\/\\\/www.mountainguide.ro\\\/wp-content\\\/uploads\\\/2014\\\/01\\\/trail.jpg\"},{\"@type\":\"BreadcrumbList\",\"@id\":\"https:\\\/\\\/www.mountainguide.ro\\\/ro\\\/hiking-tours-romania\\\/#breadcrumb\",\"itemListElement\":[{\"@type\":\"ListItem\",\"position\":1,\"name\":\"Home\",\"item\":\"https:\\\/\\\/www.mountainguide.ro\\\/ro\\\/\"},{\"@type\":\"ListItem\",\"position\":2,\"name\":\"Walking on the borders of old empires\"}]},{\"@type\":\"WebSite\",\"@id\":\"https:\\\/\\\/www.mountainguide.ro\\\/ro\\\/#website\",\"url\":\"https:\\\/\\\/www.mountainguide.ro\\\/ro\\\/\",\"name\":\"Ghid montan\",\"description\":\"Drumetii montane, schi de tura, ture cu bicicleta \u00een Rom\u00e2nia\",\"potentialAction\":[{\"@type\":\"SearchAction\",\"target\":{\"@type\":\"EntryPoint\",\"urlTemplate\":\"https:\\\/\\\/www.mountainguide.ro\\\/ro\\\/?s={search_term_string}\"},\"query-input\":{\"@type\":\"PropertyValueSpecification\",\"valueRequired\":true,\"valueName\":\"search_term_string\"}}],\"inLanguage\":\"ro-RO\"}]}<\/script>\n<!-- \/ Yoast SEO plugin. -->","yoast_head_json":{"title":"Drume\u021bie \u00een mun\u021bii Rom\u00e2niei - mountainguide.ro","robots":{"index":"index","follow":"follow","max-snippet":"max-snippet:-1","max-image-preview":"max-image-preview:large","max-video-preview":"max-video-preview:-1"},"canonical":"https:\/\/www.mountainguide.ro\/ro\/hiking-tours-romania\/","og_locale":"ro_RO","og_type":"article","og_title":"Drume\u021bie \u00een mun\u021bii Rom\u00e2niei - mountainguide.ro","og_description":"\u00cen ultimii ani, Rom\u00e2nia a \u00eenceput s\u0103 fie tot mai prezent\u0103 pe lista destina\u021biilor de vacan\u021be active \u0219i tot mai mul\u021bi turi\u0219ti aleg s\u0103-\u0219i petreac\u0103 aici vacan\u021bele. Fiind o \u021bar\u0103 cu multe zone muntoase, nu este de mirare c\u0103 drume\u021biile sunt foarte des practicate iar traseele sunt bine marcate \u0219i adaptate fiec\u0103rui turist. Folosindu-se de... Cite\u0219te mai mult &raquo;","og_url":"http:\/\/www.mountainguide.ro\/ro\/hiking-tours-romania\/","og_site_name":"Ghid montan","article_publisher":"https:\/\/www.facebook.com\/mountainguide.ro\/","article_modified_time":"2022-01-11T19:08:23+00:00","og_image":[{"url":"http:\/\/www.mountainguide.ro\/wp-content\/uploads\/2014\/01\/trail.jpg","type":"","width":"","height":""}],"twitter_card":"summary_large_image","twitter_misc":{"Timp estimat pentru citire":"4 minute"},"schema":{"@context":"https:\/\/schema.org","@graph":[{"@type":"WebPage","@id":"https:\/\/www.mountainguide.ro\/ro\/hiking-tours-romania\/","url":"https:\/\/www.mountainguide.ro\/ro\/hiking-tours-romania\/","name":"Drume\u021bie \u00een mun\u021bii Rom\u00e2niei - mountainguide.ro","isPartOf":{"@id":"https:\/\/www.mountainguide.ro\/ro\/#website"},"primaryImageOfPage":{"@id":"https:\/\/www.mountainguide.ro\/ro\/hiking-tours-romania\/#primaryimage"},"image":{"@id":"https:\/\/www.mountainguide.ro\/en\/hiking-tours-romania\/#primaryimage"},"thumbnailUrl":"http:\/\/www.mountainguide.ro\/wp-content\/uploads\/2014\/01\/trail.jpg","datePublished":"2014-01-13T17:51:52+00:00","dateModified":"2022-01-11T19:08:23+00:00","breadcrumb":{"@id":"https:\/\/www.mountainguide.ro\/ro\/hiking-tours-romania\/#breadcrumb"},"inLanguage":"ro-RO","potentialAction":[{"@type":"ReadAction","target":[["https:\/\/www.mountainguide.ro\/ro\/hiking-tours-romania\/"]]}]},{"@type":"ImageObject","inLanguage":"ro-RO","@id":"https:\/\/www.mountainguide.ro\/ro\/hiking-tours-romania\/#primaryimage","url":"http:\/\/www.mountainguide.ro\/wp-content\/uploads\/2014\/01\/trail.jpg","contentUrl":"http:\/\/www.mountainguide.ro\/wp-content\/uploads\/2014\/01\/trail.jpg"},{"@type":"BreadcrumbList","@id":"https:\/\/www.mountainguide.ro\/ro\/hiking-tours-romania\/#breadcrumb","itemListElement":[{"@type":"ListItem","position":1,"name":"Home","item":"https:\/\/www.mountainguide.ro\/ro\/"},{"@type":"ListItem","position":2,"name":"Walking on the borders of old empires"}]},{"@type":"WebSite","@id":"https:\/\/www.mountainguide.ro\/ro\/#website","url":"https:\/\/www.mountainguide.ro\/ro\/","name":"Ghid montan","description":"Drumetii montane, schi de tura, ture cu bicicleta \u00een Rom\u00e2nia","potentialAction":[{"@type":"SearchAction","target":{"@type":"EntryPoint","urlTemplate":"https:\/\/www.mountainguide.ro\/ro\/?s={search_term_string}"},"query-input":{"@type":"PropertyValueSpecification","valueRequired":true,"valueName":"search_term_string"}}],"inLanguage":"ro-RO"}]}},"_links":{"self":[{"href":"https:\/\/www.mountainguide.ro\/ro\/wp-json\/wp\/v2\/pages\/9390","targetHints":{"allow":["GET"]}}],"collection":[{"href":"https:\/\/www.mountainguide.ro\/ro\/wp-json\/wp\/v2\/pages"}],"about":[{"href":"https:\/\/www.mountainguide.ro\/ro\/wp-json\/wp\/v2\/types\/page"}],"author":[{"embeddable":true,"href":"https:\/\/www.mountainguide.ro\/ro\/wp-json\/wp\/v2\/users\/3"}],"replies":[{"embeddable":true,"href":"https:\/\/www.mountainguide.ro\/ro\/wp-json\/wp\/v2\/comments?post=9390"}],"version-history":[{"count":14,"href":"https:\/\/www.mountainguide.ro\/ro\/wp-json\/wp\/v2\/pages\/9390\/revisions"}],"predecessor-version":[{"id":15069,"href":"https:\/\/www.mountainguide.ro\/ro\/wp-json\/wp\/v2\/pages\/9390\/revisions\/15069"}],"wp:attachment":[{"href":"https:\/\/www.mountainguide.ro\/ro\/wp-json\/wp\/v2\/media?parent=9390"}],"wp:term":[{"taxonomy":"post_tag","embeddable":true,"href":"https:\/\/www.mountainguide.ro\/ro\/wp-json\/wp\/v2\/tags?post=9390"}],"curies":[{"name":"wp","href":"https:\/\/api.w.org\/{rel}","templated":true}]}}