{"id":347,"date":"2010-01-13T13:57:08","date_gmt":"2010-01-13T13:57:08","guid":{"rendered":"http:\/\/ecbiz76.inmotionhosting.com\/~mounta38\/?page_id=347"},"modified":"2022-01-11T21:08:54","modified_gmt":"2022-01-11T19:08:54","slug":"mountainbiking-in-romania","status":"publish","type":"page","link":"https:\/\/www.mountainguide.ro\/ro\/ture-de-bicicleta-mountainbiking-in-romania\/","title":{"rendered":"Mountain biking \u00een Romania"},"content":{"rendered":"<p><\/p>\n<div class=\"video-responsive-container\"><iframe loading=\"lazy\" src=\"https:\/\/www.youtube.com\/embed\/m6qPypnLkyk\" width=\"560\" height=\"315\" frameborder=\"0\" allowfullscreen=\"allowfullscreen\" data-mce-fragment=\"1\"><\/iframe><\/div>\n<p><span style=\"font-weight: 400;\">\u00cemprejurimile Bra\u0219ovului, cu mun\u021bii din sud estul Transilvaniei, s\u00eent zona cu cea mai mare concentrare de trasee pentru mountain biking din Rom\u00e2nia. C\u0103r\u0103ri cu r\u0103d\u0103cini, bolovani, prin p\u0103duri sau goluri alpine, pe crestele mun\u021bilor sau prin p\u0103durile sau f\u00e2ne\u021bele de la marginea satelor: acesta este terenul nostru de joac\u0103 pentru turele de mountain biking pe care le organiz\u0103m din 2010.<\/span><\/p>\n<ul>\n<li style=\"font-weight: 400;\"><span style=\"font-weight: 400;\"><strong>Zon\u0103 cu adev\u0103rat alpin\u0103<\/strong>: Dup\u0103 cum o indic\u0103 \u0219i numele, mtb-ul \u00eenseamn\u0103 munte. Pu\u021bini din amatorii de mtb din Rom\u00e2nia au norocul de a avea acces rapid la zone montane \u00eenalte at\u00e2t de diferite, \u0219i totu\u0219i at\u00e2t de apropiate: Parcul Natural Bucegi, Parcul Na\u021bional Piatra Craiului, Post\u0103varu, Ciuca\u0219, \u021aara Branului, etc.<\/span><\/li>\n<li style=\"font-weight: 400;\"><span style=\"font-weight: 400;\">Re\u021bea generoas\u0103 de <strong>c\u0103r\u0103ri de drume\u021bie<\/strong>, ideale pentru mountain biking;<\/span><\/li>\n<li style=\"font-weight: 400;\"><span style=\"font-weight: 400;\"><strong>Lume<\/strong> relativ <strong>pu\u021bin\u0103<\/strong> <strong>pe c\u0103r\u0103ri<\/strong>, chiar \u0219i \u00een v\u00e2rful sezonului de vacan\u021b\u0103;<\/span><\/li>\n<li style=\"font-weight: 400;\"><span style=\"font-weight: 400;\">Strategic plasat\u0103 \u00een <strong>centrul Rom\u00e2niei, <\/strong>accesibil\u0103 relativ u\u0219or din toat\u0103 \u021bara;<\/span><\/li>\n<li style=\"font-weight: 400;\"><span style=\"font-weight: 400;\"><strong>Bra\u0219ovul<\/strong>, capital\u0103 a sporturilor de munte din Rom\u00e2nia, ofer\u0103 extra un <strong>centru istoric pitoresc<\/strong>, cu mici <strong>restaurante<\/strong> \u0219i <strong>cafenele<\/strong> cochete &#8211; nu degeaba e votat constant printre cele mai frumoase destina\u021bii din Rom\u00e2nia;<\/span><\/li>\n<li style=\"font-weight: 400;\"><span style=\"font-weight: 400;\">O <strong>clim\u0103<\/strong> tipic <strong>temperat<\/strong> <strong>continental\u0103<\/strong>, cu zile pu\u021bine de ploaie, extinde sezonul de mtb de la \u00eenceputul lui aprilie p\u00e2n\u0103 la mijloc de octombrie;<\/span><\/li>\n<li style=\"font-weight: 400;\"><span style=\"font-weight: 400;\"><strong>Via\u021b\u0103 rural\u0103 autentic\u0103,<\/strong> \u00eenc\u0103 de g\u0103sit pe dealurile \u00eenalte ale unor sate precum Moieciu, \u0218imon, M\u0103gura, Pe\u0219tera;<\/span><\/li>\n<li style=\"font-weight: 400;\"><span style=\"font-weight: 400;\">Obiective istorice, culturale, turistice la \u00eendem\u00e2n\u0103: Castelul Bran, Pele\u0219, satel s\u0103se\u0219ti, biserici fortificate. <\/span><\/li>\n<\/ul>\n<p>Organiz\u0103m activit\u0103\u021bi montane de peste 20 de ani, iar turele de mountain biking s\u00eent \u00een portofoliul nostru de mai bine de 10 ani. Oferim:<\/p>\n<ul>\n<li>Ture de weekend;<\/li>\n<li>Programe de o s\u0103pt\u0103m\u00e2n\u0103 de tip all-inclusive, de tip open sau pentru grupuri private; (detalii la http:\/\/www.mtbtours.ro\/ro\/)<\/li>\n<li>Ture la cerere: \u00een func\u021bie de nivelul tehnic \u0219i fizic al grupului, de durata sejurului, de dimensiunea grupului, asambl\u0103m programe personalizate;<\/li>\n<li>Programe mixte: pentru grupuri eclectice putem combina mtb cu drume\u021bie, cu trail running, cu vizite culturale, etc.<\/li>\n<\/ul>\n<p><span style=\"font-weight: 400;\">A\u0219tept\u0103m mesajele voastre \u00een formularul din pagina de <a href=\"http:\/\/www.mountainguide.ro\/en\/contact-iulian-cozma-hiking-guide\/\">Contact<\/a>, sau \u00een formularul special de pe site-ul nostru dedicat programelor de mtb: <a href=\"http:\/\/www.mtbtours.ro\/en\/contact\/\" target=\"_blank\" rel=\"noopener noreferrer\">http:\/\/www.mtbtours.ro\/ro\/contact\/<\/a>.<\/span><\/p>","protected":false},"excerpt":{"rendered":"<p>\u00cemprejurimile Bra\u0219ovului, cu mun\u021bii din sud estul Transilvaniei, s\u00eent zona cu cea mai mare concentrare de trasee pentru mountain biking din Rom\u00e2nia. C\u0103r\u0103ri cu r\u0103d\u0103cini, bolovani, prin p\u0103duri sau goluri alpine, pe crestele mun\u021bilor sau prin p\u0103durile sau f\u00e2ne\u021bele de la marginea satelor: acesta este terenul nostru de joac\u0103 pentru turele de mountain biking pe&#8230;  <a class=\"excerpt-read-more\" href=\"https:\/\/www.mountainguide.ro\/ro\/ture-de-bicicleta-mountainbiking-in-romania\/\" title=\"Read Mountain biking \u00een Romania\">Cite\u0219te mai mult &raquo;<\/a><\/p>\n","protected":false},"author":3,"featured_media":0,"parent":0,"menu_order":11,"comment_status":"open","ping_status":"closed","template":"","meta":{"footnotes":""},"tags":[1062,301,1065,18,16,1073,166,423,1060,1059,1072,1074,1064,289,740,108,300,803,1058,9,225,1063,1076,1077,35,291,1075,50,436,63,180,128,1078,1061],"class_list":["post-347","page","type-page","status-publish","hentry","tag-adventure","tag-all-mountain","tag-all-inclusive","tag-brasov","tag-bucegi","tag-butschegschi","tag-carpathians","tag-ciucas","tag-cross-country","tag-enduro","tag-erlebnis","tag-gefuhrt","tag-guided","tag-karpaten","tag-konigsstein","tag-kronstadt","tag-mountain-biking","tag-mountainbiking","tag-mtb","tag-piatra-craiului","tag-postavaru","tag-program","tag-programm","tag-reise","tag-romania","tag-rumanien","tag-schuler","tag-siebenburgen","tag-south-carpathians","tag-tour","tag-transilvania","tag-transylvania","tag-transylvanien","tag-trip"],"yoast_head":"<!-- This site is optimized with the Yoast SEO plugin v27.5 - https:\/\/yoast.com\/product\/yoast-seo-wordpress\/ -->\n<title>Mountain biking \u00een Romania - mountainguide.ro<\/title>\n<meta name=\"robots\" content=\"index, follow, max-snippet:-1, max-image-preview:large, max-video-preview:-1\" \/>\n<link rel=\"canonical\" href=\"https:\/\/www.mountainguide.ro\/ro\/mountainbiking-in-romania\/\" \/>\n<meta property=\"og:locale\" content=\"ro_RO\" \/>\n<meta property=\"og:type\" content=\"article\" \/>\n<meta property=\"og:title\" content=\"Mountain biking \u00een Romania - mountainguide.ro\" \/>\n<meta property=\"og:description\" content=\"The Carpathian Mountains in South Transylvania, Romania, a true wonderland for mtb addicts. Join our all-inclusive, full-week or custom trips.\" \/>\n<meta property=\"og:url\" content=\"http:\/\/www.mountainguide.ro\/ro\/mountainbiking-in-romania\/\" \/>\n<meta property=\"og:site_name\" content=\"Ghid montan\" \/>\n<meta property=\"article:publisher\" content=\"https:\/\/www.facebook.com\/mountainguide.ro\/\" \/>\n<meta property=\"article:modified_time\" content=\"2022-01-11T19:08:54+00:00\" \/>\n<meta name=\"twitter:card\" content=\"summary_large_image\" \/>\n<meta name=\"twitter:label1\" content=\"Timp estimat pentru citire\" \/>\n\t<meta name=\"twitter:data1\" content=\"7 minute\" \/>\n<script type=\"application\/ld+json\" class=\"yoast-schema-graph\">{\"@context\":\"https:\\\/\\\/schema.org\",\"@graph\":[{\"@type\":\"WebPage\",\"@id\":\"https:\\\/\\\/www.mountainguide.ro\\\/ro\\\/mountainbiking-in-romania\\\/\",\"url\":\"https:\\\/\\\/www.mountainguide.ro\\\/ro\\\/mountainbiking-in-romania\\\/\",\"name\":\"Mountain biking \u00een Romania - mountainguide.ro\",\"isPartOf\":{\"@id\":\"https:\\\/\\\/www.mountainguide.ro\\\/ro\\\/#website\"},\"datePublished\":\"2010-01-13T13:57:08+00:00\",\"dateModified\":\"2022-01-11T19:08:54+00:00\",\"breadcrumb\":{\"@id\":\"https:\\\/\\\/www.mountainguide.ro\\\/ro\\\/mountainbiking-in-romania\\\/#breadcrumb\"},\"inLanguage\":\"ro-RO\",\"potentialAction\":[{\"@type\":\"ReadAction\",\"target\":[[\"https:\\\/\\\/www.mountainguide.ro\\\/ro\\\/mountainbiking-in-romania\\\/\"]]}]},{\"@type\":\"BreadcrumbList\",\"@id\":\"https:\\\/\\\/www.mountainguide.ro\\\/ro\\\/mountainbiking-in-romania\\\/#breadcrumb\",\"itemListElement\":[{\"@type\":\"ListItem\",\"position\":1,\"name\":\"Home\",\"item\":\"https:\\\/\\\/www.mountainguide.ro\\\/ro\\\/\"},{\"@type\":\"ListItem\",\"position\":2,\"name\":\"Mountainbiking in Romania\"}]},{\"@type\":\"WebSite\",\"@id\":\"https:\\\/\\\/www.mountainguide.ro\\\/ro\\\/#website\",\"url\":\"https:\\\/\\\/www.mountainguide.ro\\\/ro\\\/\",\"name\":\"Ghid montan\",\"description\":\"Drumetii montane, schi de tura, ture cu bicicleta \u00een Rom\u00e2nia\",\"potentialAction\":[{\"@type\":\"SearchAction\",\"target\":{\"@type\":\"EntryPoint\",\"urlTemplate\":\"https:\\\/\\\/www.mountainguide.ro\\\/ro\\\/?s={search_term_string}\"},\"query-input\":{\"@type\":\"PropertyValueSpecification\",\"valueRequired\":true,\"valueName\":\"search_term_string\"}}],\"inLanguage\":\"ro-RO\"}]}<\/script>\n<!-- \/ Yoast SEO plugin. -->","yoast_head_json":{"title":"Mountain biking \u00een Romania - mountainguide.ro","robots":{"index":"index","follow":"follow","max-snippet":"max-snippet:-1","max-image-preview":"max-image-preview:large","max-video-preview":"max-video-preview:-1"},"canonical":"https:\/\/www.mountainguide.ro\/ro\/mountainbiking-in-romania\/","og_locale":"ro_RO","og_type":"article","og_title":"Mountain biking \u00een Romania - mountainguide.ro","og_description":"The Carpathian Mountains in South Transylvania, Romania, a true wonderland for mtb addicts. Join our all-inclusive, full-week or custom trips.","og_url":"http:\/\/www.mountainguide.ro\/ro\/mountainbiking-in-romania\/","og_site_name":"Ghid montan","article_publisher":"https:\/\/www.facebook.com\/mountainguide.ro\/","article_modified_time":"2022-01-11T19:08:54+00:00","twitter_card":"summary_large_image","twitter_misc":{"Timp estimat pentru citire":"7 minute"},"schema":{"@context":"https:\/\/schema.org","@graph":[{"@type":"WebPage","@id":"https:\/\/www.mountainguide.ro\/ro\/mountainbiking-in-romania\/","url":"https:\/\/www.mountainguide.ro\/ro\/mountainbiking-in-romania\/","name":"Mountain biking \u00een Romania - mountainguide.ro","isPartOf":{"@id":"https:\/\/www.mountainguide.ro\/ro\/#website"},"datePublished":"2010-01-13T13:57:08+00:00","dateModified":"2022-01-11T19:08:54+00:00","breadcrumb":{"@id":"https:\/\/www.mountainguide.ro\/ro\/mountainbiking-in-romania\/#breadcrumb"},"inLanguage":"ro-RO","potentialAction":[{"@type":"ReadAction","target":[["https:\/\/www.mountainguide.ro\/ro\/mountainbiking-in-romania\/"]]}]},{"@type":"BreadcrumbList","@id":"https:\/\/www.mountainguide.ro\/ro\/mountainbiking-in-romania\/#breadcrumb","itemListElement":[{"@type":"ListItem","position":1,"name":"Home","item":"https:\/\/www.mountainguide.ro\/ro\/"},{"@type":"ListItem","position":2,"name":"Mountainbiking in Romania"}]},{"@type":"WebSite","@id":"https:\/\/www.mountainguide.ro\/ro\/#website","url":"https:\/\/www.mountainguide.ro\/ro\/","name":"Ghid montan","description":"Drumetii montane, schi de tura, ture cu bicicleta \u00een Rom\u00e2nia","potentialAction":[{"@type":"SearchAction","target":{"@type":"EntryPoint","urlTemplate":"https:\/\/www.mountainguide.ro\/ro\/?s={search_term_string}"},"query-input":{"@type":"PropertyValueSpecification","valueRequired":true,"valueName":"search_term_string"}}],"inLanguage":"ro-RO"}]}},"_links":{"self":[{"href":"https:\/\/www.mountainguide.ro\/ro\/wp-json\/wp\/v2\/pages\/347","targetHints":{"allow":["GET"]}}],"collection":[{"href":"https:\/\/www.mountainguide.ro\/ro\/wp-json\/wp\/v2\/pages"}],"about":[{"href":"https:\/\/www.mountainguide.ro\/ro\/wp-json\/wp\/v2\/types\/page"}],"author":[{"embeddable":true,"href":"https:\/\/www.mountainguide.ro\/ro\/wp-json\/wp\/v2\/users\/3"}],"replies":[{"embeddable":true,"href":"https:\/\/www.mountainguide.ro\/ro\/wp-json\/wp\/v2\/comments?post=347"}],"version-history":[{"count":30,"href":"https:\/\/www.mountainguide.ro\/ro\/wp-json\/wp\/v2\/pages\/347\/revisions"}],"predecessor-version":[{"id":15073,"href":"https:\/\/www.mountainguide.ro\/ro\/wp-json\/wp\/v2\/pages\/347\/revisions\/15073"}],"wp:attachment":[{"href":"https:\/\/www.mountainguide.ro\/ro\/wp-json\/wp\/v2\/media?parent=347"}],"wp:term":[{"taxonomy":"post_tag","embeddable":true,"href":"https:\/\/www.mountainguide.ro\/ro\/wp-json\/wp\/v2\/tags?post=347"}],"curies":[{"name":"wp","href":"https:\/\/api.w.org\/{rel}","templated":true}]}}