{"id":33,"date":"2010-01-11T11:28:04","date_gmt":"2010-01-11T11:28:04","guid":{"rendered":"http:\/\/biz75.inmotionhosting.com\/~mounta38\/my-team\/"},"modified":"2016-04-04T14:33:51","modified_gmt":"2016-04-04T11:33:51","slug":"romanian-mountain-guides","status":"publish","type":"page","link":"https:\/\/www.mountainguide.ro\/ro\/ghizi-montani-profesionisti\/","title":{"rendered":"Echipa"},"content":{"rendered":"<p>Aceasta este echipa de ghizi montani profesionisti (cu atestare profesional\u0103) care va va insoti in drumetiile voastra prin Romania.<\/p>\n<div id=\"attachment_10617\" style=\"width: 197px\" class=\"wp-caption alignleft\"><img loading=\"lazy\" decoding=\"async\" aria-describedby=\"caption-attachment-10617\" class=\"size-full wp-image-10617\" src=\"http:\/\/www.mountainguide.ro\/wp-content\/uploads\/2010\/01\/iulian-cozma9.jpg\" alt=\"Iulian Cozma\" width=\"187\" height=\"280\" \/><p id=\"caption-attachment-10617\" class=\"wp-caption-text\">Iulian Cozma<\/p><\/div>\n<p>Sunt proprietarul agentiei de turism Iulian Cozma outdoor adventures, si profesez ca si ghid montan din anul 1999. Pe mine ma veti intalni in turele de ski in Bucegi si Fagaras, precum si in majoritatea drumetiilor pe timp de vara. In sarcina mea este toata logistica turelor pe care le oferim, transport, cazare, masa, sugestii pentru program si nu in ultimul rand punerea in aplicare a programelor! Vorbesc fluent Engleza, ma descurc in Italiana si Germana.<\/p>\n<div id=\"attachment_10364\" style=\"width: 197px\" class=\"wp-caption alignright\"><img loading=\"lazy\" decoding=\"async\" aria-describedby=\"caption-attachment-10364\" class=\" wp-image-10364\" src=\"http:\/\/www.mountainguide.ro\/wp-content\/uploads\/2010\/01\/horia-marusca.jpg\" alt=\"Horia Marusca\" width=\"187\" height=\"280\" \/><p id=\"caption-attachment-10364\" class=\"wp-caption-text\">Horia Marusca<\/p><\/div>\n<p>Horia Marusca este ghid montan autorizat din 1998. Ocupatiile lui principale sunt legate de domeniul creativ, \u2013 cum ar fi fotografie, design grafic, editare video -, dar el r\u0103m\u00e2ne \u00een inima lui un om de munte mereu dornic de a-si pune bocancii si a porni pe carari de munte. El consider\u0103 c\u0103 munca de crea\u0163ie alterneaza cu muntele, si este de ajutor \u00een ambele moduri, ceea ce exclude rutina. Horia va \u00eenso\u0163i cu placere pe trasee montane, \u00een special in turele de mountainbiking: turele de mountainbiking reprezinta un nou tip de servicii, iar el este dornic de a va ar\u0103ta ca Rom\u00e2nia este un loc tocmai bun pentru mountain biking. A absolvit Universitatea de Jurnalism din Bucuresti, unde a si locuit o perioada, dar acum s-a mutat mai langa munte, la Brasov.Horia este o persoan\u0103 de \u00eencredere \u015fi sunt m\u00e2ndru ca lucrez cu el. Colaborez cu cu Horia din anul 2003. Horia va va ghida in excursii pe munte, drumetii montane, tururi foto \u015fi excursii de mountain bike. \u00cen trecut, Horia a \u00eenso\u0163it grupuri din Austria, Germania, Marea Britanie, Suedia \u015fi Elve\u0163ia. Horia vorbeste fluent \u00een limba Englez\u0103 si Franceza.<\/p>\n<div id=\"attachment_10326\" style=\"width: 197px\" class=\"wp-caption alignleft\"><a href=\"http:\/\/www.mountainguide.ro\/wp-content\/uploads\/2010\/01\/mihai-constantenec.jpg\" rel=\"lightbox[33]\"><img loading=\"lazy\" decoding=\"async\" aria-describedby=\"caption-attachment-10326\" class=\"size-full wp-image-10326 \" title=\"Mihai Constantenec\" src=\"http:\/\/www.mountainguide.ro\/wp-content\/uploads\/2010\/01\/mihai-constantenec.jpg\" alt=\"Mihai Constantenec\" width=\"187\" height=\"280\" \/><\/a><p id=\"caption-attachment-10326\" class=\"wp-caption-text\">Mihai Constantenec<\/p><\/div>\n<p>Pe Mihai l-am cunoscut prima oara prin anul 2000, cand a venit in Brasov ca si student la facultatea de educatie Fizica si Sport. A absolvit cursul de Ghizi Montani in 2005, si principalele ture in care merge sunt cele de trekking si mountainbiking. Nici skiul de tura nu ii este strain. Este o persoana sociabila, uneori as spune timida, dar care stie foarte bine ce are de facut! Nu incercati sa va luati la intrecere cu el deoarece are o conditie fizica foarte buna, el participand la diferite concursuri de schi de tura, mountain bike, adventure-racing. Pe Mihai il veti intalni in turele de drumetii montane si mountainbiking. Vorbeste limba Engleaza si Germana.<\/p>","protected":false},"excerpt":{"rendered":"<p>Aceasta este echipa de ghizi montani profesionisti (cu atestare profesional\u0103) care va va insoti in drumetiile voastra prin Romania. Sunt proprietarul agentiei de turism Iulian Cozma outdoor adventures, si profesez ca si ghid montan din anul 1999. Pe mine ma veti intalni in turele de ski in Bucegi si Fagaras, precum si in majoritatea drumetiilor&#8230;  <a class=\"excerpt-read-more\" href=\"https:\/\/www.mountainguide.ro\/ro\/ghizi-montani-profesionisti\/\" title=\"Read Echipa\">Cite\u0219te mai mult &raquo;<\/a><\/p>\n","protected":false},"author":3,"featured_media":0,"parent":0,"menu_order":30,"comment_status":"open","ping_status":"closed","template":"","meta":{"footnotes":""},"tags":[],"class_list":["post-33","page","type-page","status-publish","hentry"],"yoast_head":"<!-- This site is optimized with the Yoast SEO plugin v27.5 - https:\/\/yoast.com\/product\/yoast-seo-wordpress\/ -->\n<title>Echipa - mountainguide.ro<\/title>\n<meta name=\"robots\" content=\"index, follow, max-snippet:-1, max-image-preview:large, max-video-preview:-1\" \/>\n<link rel=\"canonical\" href=\"https:\/\/www.mountainguide.ro\/ro\/ghizi-montani-profesionisti\/\" \/>\n<meta property=\"og:locale\" content=\"ro_RO\" \/>\n<meta property=\"og:type\" content=\"article\" \/>\n<meta property=\"og:title\" content=\"Echipa - mountainguide.ro\" \/>\n<meta property=\"og:description\" content=\"Aceasta este echipa de ghizi montani profesionisti (cu atestare profesional\u0103) care va va insoti in drumetiile voastra prin Romania. Sunt proprietarul agentiei de turism Iulian Cozma outdoor adventures, si profesez ca si ghid montan din anul 1999. Pe mine ma veti intalni in turele de ski in Bucegi si Fagaras, precum si in majoritatea drumetiilor... Cite\u0219te mai mult &raquo;\" \/>\n<meta property=\"og:url\" content=\"http:\/\/www.mountainguide.ro\/ro\/ghizi-montani-profesionisti\/\" \/>\n<meta property=\"og:site_name\" content=\"Ghid montan\" \/>\n<meta property=\"article:publisher\" content=\"https:\/\/www.facebook.com\/mountainguide.ro\/\" \/>\n<meta property=\"article:modified_time\" content=\"2016-04-04T11:33:51+00:00\" \/>\n<meta property=\"og:image\" content=\"http:\/\/www.mountainguide.ro\/wp-content\/uploads\/2010\/01\/iulian-cozma9.jpg\" \/>\n<meta name=\"twitter:card\" content=\"summary_large_image\" \/>\n<meta name=\"twitter:label1\" content=\"Timp estimat pentru citire\" \/>\n\t<meta name=\"twitter:data1\" content=\"6 minute\" \/>\n<script type=\"application\/ld+json\" class=\"yoast-schema-graph\">{\"@context\":\"https:\\\/\\\/schema.org\",\"@graph\":[{\"@type\":\"WebPage\",\"@id\":\"https:\\\/\\\/www.mountainguide.ro\\\/ro\\\/ghizi-montani-profesionisti\\\/\",\"url\":\"https:\\\/\\\/www.mountainguide.ro\\\/ro\\\/ghizi-montani-profesionisti\\\/\",\"name\":\"Echipa - mountainguide.ro\",\"isPartOf\":{\"@id\":\"https:\\\/\\\/www.mountainguide.ro\\\/ro\\\/#website\"},\"primaryImageOfPage\":{\"@id\":\"https:\\\/\\\/www.mountainguide.ro\\\/ro\\\/ghizi-montani-profesionisti\\\/#primaryimage\"},\"image\":{\"@id\":\"https:\\\/\\\/www.mountainguide.ro\\\/ro\\\/ghizi-montani-profesionisti\\\/#primaryimage\"},\"thumbnailUrl\":\"http:\\\/\\\/www.mountainguide.ro\\\/wp-content\\\/uploads\\\/2010\\\/01\\\/iulian-cozma9.jpg\",\"datePublished\":\"2010-01-11T11:28:04+00:00\",\"dateModified\":\"2016-04-04T11:33:51+00:00\",\"breadcrumb\":{\"@id\":\"https:\\\/\\\/www.mountainguide.ro\\\/ro\\\/ghizi-montani-profesionisti\\\/#breadcrumb\"},\"inLanguage\":\"ro-RO\",\"potentialAction\":[{\"@type\":\"ReadAction\",\"target\":[[\"https:\\\/\\\/www.mountainguide.ro\\\/ro\\\/ghizi-montani-profesionisti\\\/\"]]}]},{\"@type\":\"ImageObject\",\"inLanguage\":\"ro-RO\",\"@id\":\"https:\\\/\\\/www.mountainguide.ro\\\/ro\\\/ghizi-montani-profesionisti\\\/#primaryimage\",\"url\":\"http:\\\/\\\/www.mountainguide.ro\\\/wp-content\\\/uploads\\\/2010\\\/01\\\/iulian-cozma9.jpg\",\"contentUrl\":\"http:\\\/\\\/www.mountainguide.ro\\\/wp-content\\\/uploads\\\/2010\\\/01\\\/iulian-cozma9.jpg\"},{\"@type\":\"BreadcrumbList\",\"@id\":\"https:\\\/\\\/www.mountainguide.ro\\\/ro\\\/ghizi-montani-profesionisti\\\/#breadcrumb\",\"itemListElement\":[{\"@type\":\"ListItem\",\"position\":1,\"name\":\"Home\",\"item\":\"https:\\\/\\\/www.mountainguide.ro\\\/ro\\\/\"},{\"@type\":\"ListItem\",\"position\":2,\"name\":\"Echipa\"}]},{\"@type\":\"WebSite\",\"@id\":\"https:\\\/\\\/www.mountainguide.ro\\\/ro\\\/#website\",\"url\":\"https:\\\/\\\/www.mountainguide.ro\\\/ro\\\/\",\"name\":\"Ghid montan\",\"description\":\"Drumetii montane, schi de tura, ture cu bicicleta \u00een Rom\u00e2nia\",\"potentialAction\":[{\"@type\":\"SearchAction\",\"target\":{\"@type\":\"EntryPoint\",\"urlTemplate\":\"https:\\\/\\\/www.mountainguide.ro\\\/ro\\\/?s={search_term_string}\"},\"query-input\":{\"@type\":\"PropertyValueSpecification\",\"valueRequired\":true,\"valueName\":\"search_term_string\"}}],\"inLanguage\":\"ro-RO\"}]}<\/script>\n<!-- \/ Yoast SEO plugin. -->","yoast_head_json":{"title":"Echipa - mountainguide.ro","robots":{"index":"index","follow":"follow","max-snippet":"max-snippet:-1","max-image-preview":"max-image-preview:large","max-video-preview":"max-video-preview:-1"},"canonical":"https:\/\/www.mountainguide.ro\/ro\/ghizi-montani-profesionisti\/","og_locale":"ro_RO","og_type":"article","og_title":"Echipa - mountainguide.ro","og_description":"Aceasta este echipa de ghizi montani profesionisti (cu atestare profesional\u0103) care va va insoti in drumetiile voastra prin Romania. Sunt proprietarul agentiei de turism Iulian Cozma outdoor adventures, si profesez ca si ghid montan din anul 1999. Pe mine ma veti intalni in turele de ski in Bucegi si Fagaras, precum si in majoritatea drumetiilor... Cite\u0219te mai mult &raquo;","og_url":"http:\/\/www.mountainguide.ro\/ro\/ghizi-montani-profesionisti\/","og_site_name":"Ghid montan","article_publisher":"https:\/\/www.facebook.com\/mountainguide.ro\/","article_modified_time":"2016-04-04T11:33:51+00:00","og_image":[{"url":"http:\/\/www.mountainguide.ro\/wp-content\/uploads\/2010\/01\/iulian-cozma9.jpg","type":"","width":"","height":""}],"twitter_card":"summary_large_image","twitter_misc":{"Timp estimat pentru citire":"6 minute"},"schema":{"@context":"https:\/\/schema.org","@graph":[{"@type":"WebPage","@id":"https:\/\/www.mountainguide.ro\/ro\/ghizi-montani-profesionisti\/","url":"https:\/\/www.mountainguide.ro\/ro\/ghizi-montani-profesionisti\/","name":"Echipa - mountainguide.ro","isPartOf":{"@id":"https:\/\/www.mountainguide.ro\/ro\/#website"},"primaryImageOfPage":{"@id":"https:\/\/www.mountainguide.ro\/ro\/ghizi-montani-profesionisti\/#primaryimage"},"image":{"@id":"https:\/\/www.mountainguide.ro\/ro\/ghizi-montani-profesionisti\/#primaryimage"},"thumbnailUrl":"http:\/\/www.mountainguide.ro\/wp-content\/uploads\/2010\/01\/iulian-cozma9.jpg","datePublished":"2010-01-11T11:28:04+00:00","dateModified":"2016-04-04T11:33:51+00:00","breadcrumb":{"@id":"https:\/\/www.mountainguide.ro\/ro\/ghizi-montani-profesionisti\/#breadcrumb"},"inLanguage":"ro-RO","potentialAction":[{"@type":"ReadAction","target":[["https:\/\/www.mountainguide.ro\/ro\/ghizi-montani-profesionisti\/"]]}]},{"@type":"ImageObject","inLanguage":"ro-RO","@id":"https:\/\/www.mountainguide.ro\/ro\/ghizi-montani-profesionisti\/#primaryimage","url":"http:\/\/www.mountainguide.ro\/wp-content\/uploads\/2010\/01\/iulian-cozma9.jpg","contentUrl":"http:\/\/www.mountainguide.ro\/wp-content\/uploads\/2010\/01\/iulian-cozma9.jpg"},{"@type":"BreadcrumbList","@id":"https:\/\/www.mountainguide.ro\/ro\/ghizi-montani-profesionisti\/#breadcrumb","itemListElement":[{"@type":"ListItem","position":1,"name":"Home","item":"https:\/\/www.mountainguide.ro\/ro\/"},{"@type":"ListItem","position":2,"name":"Echipa"}]},{"@type":"WebSite","@id":"https:\/\/www.mountainguide.ro\/ro\/#website","url":"https:\/\/www.mountainguide.ro\/ro\/","name":"Ghid montan","description":"Drumetii montane, schi de tura, ture cu bicicleta \u00een Rom\u00e2nia","potentialAction":[{"@type":"SearchAction","target":{"@type":"EntryPoint","urlTemplate":"https:\/\/www.mountainguide.ro\/ro\/?s={search_term_string}"},"query-input":{"@type":"PropertyValueSpecification","valueRequired":true,"valueName":"search_term_string"}}],"inLanguage":"ro-RO"}]}},"_links":{"self":[{"href":"https:\/\/www.mountainguide.ro\/ro\/wp-json\/wp\/v2\/pages\/33","targetHints":{"allow":["GET"]}}],"collection":[{"href":"https:\/\/www.mountainguide.ro\/ro\/wp-json\/wp\/v2\/pages"}],"about":[{"href":"https:\/\/www.mountainguide.ro\/ro\/wp-json\/wp\/v2\/types\/page"}],"author":[{"embeddable":true,"href":"https:\/\/www.mountainguide.ro\/ro\/wp-json\/wp\/v2\/users\/3"}],"replies":[{"embeddable":true,"href":"https:\/\/www.mountainguide.ro\/ro\/wp-json\/wp\/v2\/comments?post=33"}],"version-history":[{"count":4,"href":"https:\/\/www.mountainguide.ro\/ro\/wp-json\/wp\/v2\/pages\/33\/revisions"}],"predecessor-version":[{"id":12710,"href":"https:\/\/www.mountainguide.ro\/ro\/wp-json\/wp\/v2\/pages\/33\/revisions\/12710"}],"wp:attachment":[{"href":"https:\/\/www.mountainguide.ro\/ro\/wp-json\/wp\/v2\/media?parent=33"}],"wp:term":[{"taxonomy":"post_tag","embeddable":true,"href":"https:\/\/www.mountainguide.ro\/ro\/wp-json\/wp\/v2\/tags?post=33"}],"curies":[{"name":"wp","href":"https:\/\/api.w.org\/{rel}","templated":true}]}}