{"id":2,"date":"2010-01-11T07:11:41","date_gmt":"2010-01-11T07:11:41","guid":{"rendered":"http:\/\/biz75.inmotionhosting.com\/~mounta38\/?page_id=2"},"modified":"2014-03-06T13:03:19","modified_gmt":"2014-03-06T11:03:19","slug":"romanian-mountains","status":"publish","type":"page","link":"https:\/\/www.mountainguide.ro\/ro\/","title":{"rendered":"Drume\u021bie, mtb, ski de tur\u0103 \u00een Rom\u00e2nia"},"content":{"rendered":"<p><img loading=\"lazy\" decoding=\"async\" class=\"alignleft size-full wp-image-3059\" title=\"Excursionisti in Muntii Fagaras\" alt=\"Excursionisti in Muntii Fagaras\" src=\"http:\/\/www.mountainguide.ro\/wp-content\/uploads\/2010\/01\/fagaras-mountains.jpg\" width=\"390\" height=\"265\" srcset=\"https:\/\/www.mountainguide.ro\/wp-content\/uploads\/2010\/01\/fagaras-mountains.jpg 390w, https:\/\/www.mountainguide.ro\/wp-content\/uploads\/2010\/01\/fagaras-mountains-300x203.jpg 300w\" sizes=\"auto, (max-width: 390px) 100vw, 390px\" \/>Drumetii montane, ski de tura, fotografie de munte si tot felul de activitati in natura in Romania, da, despre asa ceva vorbim in acest site!<\/p>\n<p>Ma numesc Iulian Cozma sunt ghid montan full time, si organizez ture in Muntii Romaniei, si va invit sa descoperiti mai multe despre ei, si poate intr-o buna zi vom skia sau vom traversa Creasta Fagarasului impreuna!<\/p>\n<p>Cunoasteti deja pe de rost tot ceea ce poate oferi turismul montan romanesc? Sinteti pasionat de munte, de aventura, dar nu gasiti insotitori pe masura? V-ati plictisit de turismul super tehnicizat? Atunci ati gasit ceea ce va doreati: Muntii Romaniei! Va asigur o aventura in siguranta pe crestele Carpatilor, cu ghid privat, acreditat de Asociatia Ghizilor Montani din Romania. De ce sa angajezi un ghid ca sa te duca pe munte? Cauti pe cineva care sa vina cu tine intr-o tura cu care nu esti familiarizat? Ai vrea sa-ti incerci fortele intr-o tura mai dificila, dar nu gasesti un insotitor potrivit. Pana acum ai fost pe munte numai vara, dar te tenteaza sa mergi iarna si sa te cateri pe varfuri. Nu esti familiarizat cu muntii. Nu vrei sa pleci in excursie cu un grup mai mare si nu ai chef sa mergi singur sau cu prietenii. In viata profesionala ai nevoie de cineva care sa fie capabil sa se descurce in orice situatie pe munte. Ai vrea sa ii arati partenerului tau de afaceri muntii nostri, oferindu-i securitate maxima. Esti ingrijorat ca ti s-ar putea intampla ceva pe munte. Cum altfel te poate ajuta un ghid? Selectand, cumparand sau inchiriind pentru tine echipamentul necesar pentru o excursie pe munte. Oferindu-ti un antrenament personalizat pentru tine, pentru prietenii sau familia ta. Poti apela la ghizi profesonisti experimentati, caliti in numeroase ture dificile pe muntii din Romania, atat iarna cat si vara, care au urmat cursuri specializate si au obtinut certificate de atestare aprobate de autoritati. A merge pe munte este frumos, dar in acelasi timp, daca nu ai echipamentul necesar, si daca nu cunosti bine traseul, poate fi periculos!<\/p>\n<p style=\"text-align: center;\"><img loading=\"lazy\" decoding=\"async\" class=\"size-full wp-image-2983 aligncenter\" title=\"Satul Simon\" alt=\"Satul Simon\" src=\"http:\/\/www.mountainguide.ro\/wp-content\/uploads\/2010\/01\/simon21.jpg\" width=\"630\" height=\"210\" srcset=\"https:\/\/www.mountainguide.ro\/wp-content\/uploads\/2010\/01\/simon21.jpg 630w, https:\/\/www.mountainguide.ro\/wp-content\/uploads\/2010\/01\/simon21-300x100.jpg 300w\" sizes=\"auto, (max-width: 630px) 100vw, 630px\" \/><\/p>\n<p>Organizam ture si excursii montane pentru grupuri de la 1 la 10 persoane cu 1 ghid insotitor, sau mai multe de 10 persoane cu 2 ghizi.A merge intr-o drumetie, sau la schi, cu un ghid nu inseamna altceva decat ca te afli in deplina siguranta tot timpul, inseamna ca poti fi relaxat pe tot parcursul turei, deoarece ghidul stie tot timpul unde va aflati, cat mai este pana la urmatoarea cabana sau pana la locul de campare. Ghidul va lua intotdeauna cele mai bune decizii in privinta traseului, a popasurilor, stie unde sunt izvoarele, iar in caz de nevoie gaseste intotdeauna o solutie alternativa, deoarece cunoaste foarte bine zona. Daca vrei sa vezi o alta fata a Romaniei, muntii Romaniei, hotaraste-te si contacteaza-ma! Esti oricand binevenit.<img loading=\"lazy\" decoding=\"async\" class=\"alignright size-full wp-image-2984\" title=\"Schi in Muntii Ciucas\" alt=\"Schi in Muntii Ciucas\" src=\"http:\/\/www.mountainguide.ro\/wp-content\/uploads\/2010\/01\/IMG_850832.jpg\" width=\"390\" height=\"292\" srcset=\"https:\/\/www.mountainguide.ro\/wp-content\/uploads\/2010\/01\/IMG_850832.jpg 390w, https:\/\/www.mountainguide.ro\/wp-content\/uploads\/2010\/01\/IMG_850832-300x224.jpg 300w\" sizes=\"auto, (max-width: 390px) 100vw, 390px\" \/><\/p>\n<p>Ghidul montan se va ocupa de tot, tu va trebui doar sa mergi, sa te bucuri de locurile pe care le strabati sau sa schiezi! Toate persoanele care sint interesate sa participe la turele montane si excursiile prezentate pe aceasta pagina trebuie sa citeasca si sa fie de acord cu conditiile de efectuare a programelor si sint rugate sa citeasca intrebarile frecvente. Daca aveti intrebari suplimentare va rog sa ma <a href=\"mailto:contact@mountainguide.ro\">contactati<\/a>.<\/p>","protected":false},"excerpt":{"rendered":"<p>Ma numesc Iulian Cozma sunt ghid montan full time, si organizez ture in Muntii Romaniei, si va invit sa descoperiti mai multe despre ei, si poate intr-o buna zi vom skia sau vom traversa Creasta Fagarasului impreuna!<\/p>\n","protected":false},"author":3,"featured_media":0,"parent":0,"menu_order":10,"comment_status":"open","ping_status":"closed","template":"","meta":{"footnotes":""},"tags":[],"class_list":["post-2","page","type-page","status-publish","hentry"],"yoast_head":"<!-- This site is optimized with the Yoast SEO plugin v27.5 - https:\/\/yoast.com\/product\/yoast-seo-wordpress\/ -->\n<title>Hiking, biking, skitouring in RomaniaWandern, Radfahren, Skitouren in Rum\u00e4nienDrume\u021bie, mtb, ski de tur\u0103 \u00een Rom\u00e2nia - mountainguide.ro<\/title>\n<meta name=\"robots\" content=\"index, follow, max-snippet:-1, max-image-preview:large, max-video-preview:-1\" \/>\n<link rel=\"canonical\" href=\"https:\/\/www.mountainguide.ro\/ro\/\" \/>\n<meta property=\"og:locale\" content=\"ro_RO\" \/>\n<meta property=\"og:type\" content=\"article\" \/>\n<meta property=\"og:title\" content=\"Hiking, biking, skitouring in RomaniaWandern, Radfahren, Skitouren in Rum\u00e4nienDrume\u021bie, mtb, ski de tur\u0103 \u00een Rom\u00e2nia - mountainguide.ro\" \/>\n<meta property=\"og:description\" content=\"My name is Iulian Cozma and I\u2019m a full time professional mountain guide. Together with my team of mountain guides, we organize tours in the Romanian mountains. We invite you to discover more about the Carpathians. Maybe one day we will hike, bike or ski together here, in Romania! Ich hei\u00dfe Iulian Cozma und bin ein vollzeitbesch\u00e4ftigter professioneller Bergf\u00fchrer. Zusammen mit meinem Bergf\u00fchrerteam organisiere ich Touren in den rum\u00e4nischen Bergen und ich lade sie ein mehr \u00fcber Rum\u00e4nien zu entdecken. Vielleicht werden wir eines Tages zusammen in Rum\u00e4nien Wandern oder Skifahren.Ma numesc Iulian Cozma sunt ghid montan full time, si organizez ture in Muntii Romaniei, si va invit sa descoperiti mai multe despre ei, si poate intr-o buna zi vom skia sau vom traversa Creasta Fagarasului impreuna!\" \/>\n<meta property=\"og:url\" content=\"http:\/\/www.mountainguide.ro\/ro\/\" \/>\n<meta property=\"og:site_name\" content=\"Ghid montan\" \/>\n<meta property=\"article:publisher\" content=\"https:\/\/www.facebook.com\/mountainguide.ro\/\" \/>\n<meta property=\"article:modified_time\" content=\"2014-03-06T11:03:19+00:00\" \/>\n<meta property=\"og:image\" content=\"http:\/\/www.mountainguide.ro\/wp-content\/uploads\/2010\/01\/fagaras-mountains1.jpg\" \/>\n<meta name=\"twitter:card\" content=\"summary_large_image\" \/>\n<meta name=\"twitter:label1\" content=\"Timp estimat pentru citire\" \/>\n\t<meta name=\"twitter:data1\" content=\"9 minute\" \/>\n<script type=\"application\/ld+json\" class=\"yoast-schema-graph\">{\"@context\":\"https:\\\/\\\/schema.org\",\"@graph\":[{\"@type\":\"WebPage\",\"@id\":\"https:\\\/\\\/www.mountainguide.ro\\\/ro\\\/\",\"url\":\"https:\\\/\\\/www.mountainguide.ro\\\/ro\\\/\",\"name\":\"Hiking, biking, skitouring in RomaniaWandern, Radfahren, Skitouren in Rum\u00e4nienDrume\u021bie, mtb, ski de tur\u0103 \u00een Rom\u00e2nia - mountainguide.ro\",\"isPartOf\":{\"@id\":\"https:\\\/\\\/www.mountainguide.ro\\\/ro\\\/#website\"},\"primaryImageOfPage\":{\"@id\":\"https:\\\/\\\/www.mountainguide.ro\\\/ro\\\/#primaryimage\"},\"image\":{\"@id\":\"https:\\\/\\\/www.mountainguide.ro\\\/en\\\/#primaryimage\"},\"thumbnailUrl\":\"http:\\\/\\\/www.mountainguide.ro\\\/wp-content\\\/uploads\\\/2010\\\/01\\\/fagaras-mountains1.jpg\",\"datePublished\":\"2010-01-11T07:11:41+00:00\",\"dateModified\":\"2014-03-06T11:03:19+00:00\",\"breadcrumb\":{\"@id\":\"https:\\\/\\\/www.mountainguide.ro\\\/ro\\\/#breadcrumb\"},\"inLanguage\":\"ro-RO\",\"potentialAction\":[{\"@type\":\"ReadAction\",\"target\":[[\"https:\\\/\\\/www.mountainguide.ro\\\/ro\\\/\"]]}]},{\"@type\":\"ImageObject\",\"inLanguage\":\"ro-RO\",\"@id\":\"https:\\\/\\\/www.mountainguide.ro\\\/ro\\\/#primaryimage\",\"url\":\"http:\\\/\\\/www.mountainguide.ro\\\/wp-content\\\/uploads\\\/2010\\\/01\\\/fagaras-mountains1.jpg\",\"contentUrl\":\"http:\\\/\\\/www.mountainguide.ro\\\/wp-content\\\/uploads\\\/2010\\\/01\\\/fagaras-mountains1.jpg\"},{\"@type\":\"BreadcrumbList\",\"@id\":\"https:\\\/\\\/www.mountainguide.ro\\\/ro\\\/#breadcrumb\",\"itemListElement\":[{\"@type\":\"ListItem\",\"position\":1,\"name\":\"Home\",\"item\":\"https:\\\/\\\/www.mountainguide.ro\\\/ro\\\/\"},{\"@type\":\"ListItem\",\"position\":2,\"name\":\"Hiking, biking, skitouring in Romania\"}]},{\"@type\":\"WebSite\",\"@id\":\"https:\\\/\\\/www.mountainguide.ro\\\/ro\\\/#website\",\"url\":\"https:\\\/\\\/www.mountainguide.ro\\\/ro\\\/\",\"name\":\"Ghid montan\",\"description\":\"Drumetii montane, schi de tura, ture cu bicicleta \u00een Rom\u00e2nia\",\"potentialAction\":[{\"@type\":\"SearchAction\",\"target\":{\"@type\":\"EntryPoint\",\"urlTemplate\":\"https:\\\/\\\/www.mountainguide.ro\\\/ro\\\/?s={search_term_string}\"},\"query-input\":{\"@type\":\"PropertyValueSpecification\",\"valueRequired\":true,\"valueName\":\"search_term_string\"}}],\"inLanguage\":\"ro-RO\"}]}<\/script>\n<!-- \/ Yoast SEO plugin. -->","yoast_head_json":{"title":"Hiking, biking, skitouring in RomaniaWandern, Radfahren, Skitouren in Rum\u00e4nienDrume\u021bie, mtb, ski de tur\u0103 \u00een Rom\u00e2nia - mountainguide.ro","robots":{"index":"index","follow":"follow","max-snippet":"max-snippet:-1","max-image-preview":"max-image-preview:large","max-video-preview":"max-video-preview:-1"},"canonical":"https:\/\/www.mountainguide.ro\/ro\/","og_locale":"ro_RO","og_type":"article","og_title":"Hiking, biking, skitouring in RomaniaWandern, Radfahren, Skitouren in Rum\u00e4nienDrume\u021bie, mtb, ski de tur\u0103 \u00een Rom\u00e2nia - mountainguide.ro","og_description":"My name is Iulian Cozma and I\u2019m a full time professional mountain guide. Together with my team of mountain guides, we organize tours in the Romanian mountains. We invite you to discover more about the Carpathians. Maybe one day we will hike, bike or ski together here, in Romania! Ich hei\u00dfe Iulian Cozma und bin ein vollzeitbesch\u00e4ftigter professioneller Bergf\u00fchrer. Zusammen mit meinem Bergf\u00fchrerteam organisiere ich Touren in den rum\u00e4nischen Bergen und ich lade sie ein mehr \u00fcber Rum\u00e4nien zu entdecken. Vielleicht werden wir eines Tages zusammen in Rum\u00e4nien Wandern oder Skifahren.Ma numesc Iulian Cozma sunt ghid montan full time, si organizez ture in Muntii Romaniei, si va invit sa descoperiti mai multe despre ei, si poate intr-o buna zi vom skia sau vom traversa Creasta Fagarasului impreuna!","og_url":"http:\/\/www.mountainguide.ro\/ro\/","og_site_name":"Ghid montan","article_publisher":"https:\/\/www.facebook.com\/mountainguide.ro\/","article_modified_time":"2014-03-06T11:03:19+00:00","og_image":[{"url":"http:\/\/www.mountainguide.ro\/wp-content\/uploads\/2010\/01\/fagaras-mountains1.jpg","type":"","width":"","height":""}],"twitter_card":"summary_large_image","twitter_misc":{"Timp estimat pentru citire":"9 minute"},"schema":{"@context":"https:\/\/schema.org","@graph":[{"@type":"WebPage","@id":"https:\/\/www.mountainguide.ro\/ro\/","url":"https:\/\/www.mountainguide.ro\/ro\/","name":"Hiking, biking, skitouring in RomaniaWandern, Radfahren, Skitouren in Rum\u00e4nienDrume\u021bie, mtb, ski de tur\u0103 \u00een Rom\u00e2nia - mountainguide.ro","isPartOf":{"@id":"https:\/\/www.mountainguide.ro\/ro\/#website"},"primaryImageOfPage":{"@id":"https:\/\/www.mountainguide.ro\/ro\/#primaryimage"},"image":{"@id":"https:\/\/www.mountainguide.ro\/en\/#primaryimage"},"thumbnailUrl":"http:\/\/www.mountainguide.ro\/wp-content\/uploads\/2010\/01\/fagaras-mountains1.jpg","datePublished":"2010-01-11T07:11:41+00:00","dateModified":"2014-03-06T11:03:19+00:00","breadcrumb":{"@id":"https:\/\/www.mountainguide.ro\/ro\/#breadcrumb"},"inLanguage":"ro-RO","potentialAction":[{"@type":"ReadAction","target":[["https:\/\/www.mountainguide.ro\/ro\/"]]}]},{"@type":"ImageObject","inLanguage":"ro-RO","@id":"https:\/\/www.mountainguide.ro\/ro\/#primaryimage","url":"http:\/\/www.mountainguide.ro\/wp-content\/uploads\/2010\/01\/fagaras-mountains1.jpg","contentUrl":"http:\/\/www.mountainguide.ro\/wp-content\/uploads\/2010\/01\/fagaras-mountains1.jpg"},{"@type":"BreadcrumbList","@id":"https:\/\/www.mountainguide.ro\/ro\/#breadcrumb","itemListElement":[{"@type":"ListItem","position":1,"name":"Home","item":"https:\/\/www.mountainguide.ro\/ro\/"},{"@type":"ListItem","position":2,"name":"Hiking, biking, skitouring in Romania"}]},{"@type":"WebSite","@id":"https:\/\/www.mountainguide.ro\/ro\/#website","url":"https:\/\/www.mountainguide.ro\/ro\/","name":"Ghid montan","description":"Drumetii montane, schi de tura, ture cu bicicleta \u00een Rom\u00e2nia","potentialAction":[{"@type":"SearchAction","target":{"@type":"EntryPoint","urlTemplate":"https:\/\/www.mountainguide.ro\/ro\/?s={search_term_string}"},"query-input":{"@type":"PropertyValueSpecification","valueRequired":true,"valueName":"search_term_string"}}],"inLanguage":"ro-RO"}]}},"_links":{"self":[{"href":"https:\/\/www.mountainguide.ro\/ro\/wp-json\/wp\/v2\/pages\/2","targetHints":{"allow":["GET"]}}],"collection":[{"href":"https:\/\/www.mountainguide.ro\/ro\/wp-json\/wp\/v2\/pages"}],"about":[{"href":"https:\/\/www.mountainguide.ro\/ro\/wp-json\/wp\/v2\/types\/page"}],"author":[{"embeddable":true,"href":"https:\/\/www.mountainguide.ro\/ro\/wp-json\/wp\/v2\/users\/3"}],"replies":[{"embeddable":true,"href":"https:\/\/www.mountainguide.ro\/ro\/wp-json\/wp\/v2\/comments?post=2"}],"version-history":[{"count":3,"href":"https:\/\/www.mountainguide.ro\/ro\/wp-json\/wp\/v2\/pages\/2\/revisions"}],"predecessor-version":[{"id":10457,"href":"https:\/\/www.mountainguide.ro\/ro\/wp-json\/wp\/v2\/pages\/2\/revisions\/10457"}],"wp:attachment":[{"href":"https:\/\/www.mountainguide.ro\/ro\/wp-json\/wp\/v2\/media?parent=2"}],"wp:term":[{"taxonomy":"post_tag","embeddable":true,"href":"https:\/\/www.mountainguide.ro\/ro\/wp-json\/wp\/v2\/tags?post=2"}],"curies":[{"name":"wp","href":"https:\/\/api.w.org\/{rel}","templated":true}]}}