{"id":10345,"date":"2014-01-22T15:58:40","date_gmt":"2014-01-22T13:58:40","guid":{"rendered":"http:\/\/www.mountainguide.ro\/?page_id=10345"},"modified":"2016-10-17T21:08:05","modified_gmt":"2016-10-17T18:08:05","slug":"testimonials-words-from-our-guests","status":"publish","type":"page","link":"https:\/\/www.mountainguide.ro\/ro\/impresii-turisti-ture-montane-muntii-fagaras\/","title":{"rendered":"Impresii &#8211; \u00een cuvintele oaspe\u021bilor no\u0219ti"},"content":{"rendered":"<p><img loading=\"lazy\" decoding=\"async\" class=\"alignleft  wp-image-10493\" title=\"Jocki din Germania, in Muntii Bucegi.\" alt=\"Jocki din Germania, in Muntii Bucegi.\" src=\"http:\/\/www.mountainguide.ro\/wp-content\/uploads\/2014\/01\/MG_3025.jpg\" width=\"402\" height=\"268\" srcset=\"https:\/\/www.mountainguide.ro\/wp-content\/uploads\/2014\/01\/MG_3025.jpg 670w, https:\/\/www.mountainguide.ro\/wp-content\/uploads\/2014\/01\/MG_3025-300x200.jpg 300w, https:\/\/www.mountainguide.ro\/wp-content\/uploads\/2014\/01\/MG_3025-330x220.jpg 330w\" sizes=\"auto, (max-width: 402px) 100vw, 402px\" \/>Clientul mul\u021bumit este reclama cea mai bun\u0103.<\/p>\n<p>Organiz\u0103m ture \u00een mun\u021bii Rom\u00e2niei din 1999, fie c\u0103 e vorba de drume\u021bie, de schi de tur\u0103 sau &#8211; mai recent &#8211; mountain biking. De-a lungul anilor am avut sute de oaspe\u021bi, iar mul\u021bi dintre ei au avut amabilitatea s\u0103 ne rezume impresiile lor de c\u0103l\u0103torie. V\u0103 \u00eenvit\u0103m s\u0103 le citi\u021bi \u00een aceast\u0103 sec\u021biune a site-ului.<\/p>\n<p>Urm\u0103ri\u021bi linkurile de mai jos pentru arhiva complet\u0103 de impresii, sau folosi\u021bi linkurile pentru activit\u0103\u021bi specifice (cu selec\u021bii din cele mai mesaje primite de la oaspe\u021bii no\u0219tri).<\/p>","protected":false},"excerpt":{"rendered":"<p>Clientul mul\u021bumit este reclama cea mai bun\u0103. Organiz\u0103m ture \u00een mun\u021bii Rom\u00e2niei din 1999, fie c\u0103 e vorba de drume\u021bie, de schi de tur\u0103 sau &#8211; mai recent &#8211; mountain biking. De-a lungul anilor am avut sute de oaspe\u021bi, iar mul\u021bi dintre ei au avut amabilitatea s\u0103 ne rezume impresiile lor de c\u0103l\u0103torie. V\u0103 \u00eenvit\u0103m&#8230;  <a class=\"excerpt-read-more\" href=\"https:\/\/www.mountainguide.ro\/ro\/impresii-turisti-ture-montane-muntii-fagaras\/\" title=\"Read Impresii &#8211; \u00een cuvintele oaspe\u021bilor no\u0219ti\">Cite\u0219te mai mult &raquo;<\/a><\/p>\n","protected":false},"author":3,"featured_media":0,"parent":0,"menu_order":0,"comment_status":"open","ping_status":"closed","template":"","meta":{"footnotes":""},"tags":[],"class_list":["post-10345","page","type-page","status-publish","hentry"],"yoast_head":"<!-- This site is optimized with the Yoast SEO plugin v27.5 - https:\/\/yoast.com\/product\/yoast-seo-wordpress\/ -->\n<title>Impresii - \u00een cuvintele oaspe\u021bilor no\u0219ti - mountainguide.ro<\/title>\n<meta name=\"robots\" content=\"index, follow, max-snippet:-1, max-image-preview:large, max-video-preview:-1\" \/>\n<link rel=\"canonical\" href=\"https:\/\/www.mountainguide.ro\/ro\/reiseberichte-wandern-skitouren-rumanien\/\" \/>\n<meta property=\"og:locale\" content=\"ro_RO\" \/>\n<meta property=\"og:type\" content=\"article\" \/>\n<meta property=\"og:title\" content=\"Impresii - \u00een cuvintele oaspe\u021bilor no\u0219ti - mountainguide.ro\" \/>\n<meta property=\"og:description\" content=\"Clientul mul\u021bumit este reclama cea mai bun\u0103. Organiz\u0103m ture \u00een mun\u021bii Rom\u00e2niei din 1999, fie c\u0103 e vorba de drume\u021bie, de schi de tur\u0103 sau &#8211; mai recent &#8211; mountain biking. De-a lungul anilor am avut sute de oaspe\u021bi, iar mul\u021bi dintre ei au avut amabilitatea s\u0103 ne rezume impresiile lor de c\u0103l\u0103torie. V\u0103 \u00eenvit\u0103m... Cite\u0219te mai mult &raquo;\" \/>\n<meta property=\"og:url\" content=\"http:\/\/www.mountainguide.ro\/ro\/reiseberichte-wandern-skitouren-rumanien\/\" \/>\n<meta property=\"og:site_name\" content=\"Ghid montan\" \/>\n<meta property=\"article:publisher\" content=\"https:\/\/www.facebook.com\/mountainguide.ro\/\" \/>\n<meta property=\"article:modified_time\" content=\"2016-10-17T18:08:05+00:00\" \/>\n<meta property=\"og:image\" content=\"http:\/\/www.mountainguide.ro\/wp-content\/uploads\/2014\/01\/MG_3025.jpg\" \/>\n<meta name=\"twitter:card\" content=\"summary_large_image\" \/>\n<meta name=\"twitter:label1\" content=\"Timp estimat pentru citire\" \/>\n\t<meta name=\"twitter:data1\" content=\"2 minute\" \/>\n<script type=\"application\/ld+json\" class=\"yoast-schema-graph\">{\"@context\":\"https:\\\/\\\/schema.org\",\"@graph\":[{\"@type\":\"WebPage\",\"@id\":\"https:\\\/\\\/www.mountainguide.ro\\\/ro\\\/reiseberichte-wandern-skitouren-rumanien\\\/\",\"url\":\"https:\\\/\\\/www.mountainguide.ro\\\/ro\\\/reiseberichte-wandern-skitouren-rumanien\\\/\",\"name\":\"Impresii - \u00een cuvintele oaspe\u021bilor no\u0219ti - mountainguide.ro\",\"isPartOf\":{\"@id\":\"https:\\\/\\\/www.mountainguide.ro\\\/ro\\\/#website\"},\"primaryImageOfPage\":{\"@id\":\"https:\\\/\\\/www.mountainguide.ro\\\/ro\\\/reiseberichte-wandern-skitouren-rumanien\\\/#primaryimage\"},\"image\":{\"@id\":\"https:\\\/\\\/www.mountainguide.ro\\\/de\\\/reiseberichte-wandern-skitouren-rumanien\\\/#primaryimage\"},\"thumbnailUrl\":\"http:\\\/\\\/www.mountainguide.ro\\\/wp-content\\\/uploads\\\/2014\\\/01\\\/MG_3025.jpg\",\"datePublished\":\"2014-01-22T13:58:40+00:00\",\"dateModified\":\"2016-10-17T18:08:05+00:00\",\"breadcrumb\":{\"@id\":\"https:\\\/\\\/www.mountainguide.ro\\\/ro\\\/reiseberichte-wandern-skitouren-rumanien\\\/#breadcrumb\"},\"inLanguage\":\"ro-RO\",\"potentialAction\":[{\"@type\":\"ReadAction\",\"target\":[[\"https:\\\/\\\/www.mountainguide.ro\\\/ro\\\/reiseberichte-wandern-skitouren-rumanien\\\/\"]]}]},{\"@type\":\"ImageObject\",\"inLanguage\":\"ro-RO\",\"@id\":\"https:\\\/\\\/www.mountainguide.ro\\\/ro\\\/reiseberichte-wandern-skitouren-rumanien\\\/#primaryimage\",\"url\":\"http:\\\/\\\/www.mountainguide.ro\\\/wp-content\\\/uploads\\\/2014\\\/01\\\/MG_3025.jpg\",\"contentUrl\":\"http:\\\/\\\/www.mountainguide.ro\\\/wp-content\\\/uploads\\\/2014\\\/01\\\/MG_3025.jpg\"},{\"@type\":\"BreadcrumbList\",\"@id\":\"https:\\\/\\\/www.mountainguide.ro\\\/ro\\\/reiseberichte-wandern-skitouren-rumanien\\\/#breadcrumb\",\"itemListElement\":[{\"@type\":\"ListItem\",\"position\":1,\"name\":\"Home\",\"item\":\"https:\\\/\\\/www.mountainguide.ro\\\/ro\\\/\"},{\"@type\":\"ListItem\",\"position\":2,\"name\":\"Reiseberichte &#8211; Worte von unseren G\u00e4sten\"}]},{\"@type\":\"WebSite\",\"@id\":\"https:\\\/\\\/www.mountainguide.ro\\\/ro\\\/#website\",\"url\":\"https:\\\/\\\/www.mountainguide.ro\\\/ro\\\/\",\"name\":\"Ghid montan\",\"description\":\"Drumetii montane, schi de tura, ture cu bicicleta \u00een Rom\u00e2nia\",\"potentialAction\":[{\"@type\":\"SearchAction\",\"target\":{\"@type\":\"EntryPoint\",\"urlTemplate\":\"https:\\\/\\\/www.mountainguide.ro\\\/ro\\\/?s={search_term_string}\"},\"query-input\":{\"@type\":\"PropertyValueSpecification\",\"valueRequired\":true,\"valueName\":\"search_term_string\"}}],\"inLanguage\":\"ro-RO\"}]}<\/script>\n<!-- \/ Yoast SEO plugin. -->","yoast_head_json":{"title":"Impresii - \u00een cuvintele oaspe\u021bilor no\u0219ti - mountainguide.ro","robots":{"index":"index","follow":"follow","max-snippet":"max-snippet:-1","max-image-preview":"max-image-preview:large","max-video-preview":"max-video-preview:-1"},"canonical":"https:\/\/www.mountainguide.ro\/ro\/reiseberichte-wandern-skitouren-rumanien\/","og_locale":"ro_RO","og_type":"article","og_title":"Impresii - \u00een cuvintele oaspe\u021bilor no\u0219ti - mountainguide.ro","og_description":"Clientul mul\u021bumit este reclama cea mai bun\u0103. Organiz\u0103m ture \u00een mun\u021bii Rom\u00e2niei din 1999, fie c\u0103 e vorba de drume\u021bie, de schi de tur\u0103 sau &#8211; mai recent &#8211; mountain biking. De-a lungul anilor am avut sute de oaspe\u021bi, iar mul\u021bi dintre ei au avut amabilitatea s\u0103 ne rezume impresiile lor de c\u0103l\u0103torie. V\u0103 \u00eenvit\u0103m... Cite\u0219te mai mult &raquo;","og_url":"http:\/\/www.mountainguide.ro\/ro\/reiseberichte-wandern-skitouren-rumanien\/","og_site_name":"Ghid montan","article_publisher":"https:\/\/www.facebook.com\/mountainguide.ro\/","article_modified_time":"2016-10-17T18:08:05+00:00","og_image":[{"url":"http:\/\/www.mountainguide.ro\/wp-content\/uploads\/2014\/01\/MG_3025.jpg","type":"","width":"","height":""}],"twitter_card":"summary_large_image","twitter_misc":{"Timp estimat pentru citire":"2 minute"},"schema":{"@context":"https:\/\/schema.org","@graph":[{"@type":"WebPage","@id":"https:\/\/www.mountainguide.ro\/ro\/reiseberichte-wandern-skitouren-rumanien\/","url":"https:\/\/www.mountainguide.ro\/ro\/reiseberichte-wandern-skitouren-rumanien\/","name":"Impresii - \u00een cuvintele oaspe\u021bilor no\u0219ti - mountainguide.ro","isPartOf":{"@id":"https:\/\/www.mountainguide.ro\/ro\/#website"},"primaryImageOfPage":{"@id":"https:\/\/www.mountainguide.ro\/ro\/reiseberichte-wandern-skitouren-rumanien\/#primaryimage"},"image":{"@id":"https:\/\/www.mountainguide.ro\/de\/reiseberichte-wandern-skitouren-rumanien\/#primaryimage"},"thumbnailUrl":"http:\/\/www.mountainguide.ro\/wp-content\/uploads\/2014\/01\/MG_3025.jpg","datePublished":"2014-01-22T13:58:40+00:00","dateModified":"2016-10-17T18:08:05+00:00","breadcrumb":{"@id":"https:\/\/www.mountainguide.ro\/ro\/reiseberichte-wandern-skitouren-rumanien\/#breadcrumb"},"inLanguage":"ro-RO","potentialAction":[{"@type":"ReadAction","target":[["https:\/\/www.mountainguide.ro\/ro\/reiseberichte-wandern-skitouren-rumanien\/"]]}]},{"@type":"ImageObject","inLanguage":"ro-RO","@id":"https:\/\/www.mountainguide.ro\/ro\/reiseberichte-wandern-skitouren-rumanien\/#primaryimage","url":"http:\/\/www.mountainguide.ro\/wp-content\/uploads\/2014\/01\/MG_3025.jpg","contentUrl":"http:\/\/www.mountainguide.ro\/wp-content\/uploads\/2014\/01\/MG_3025.jpg"},{"@type":"BreadcrumbList","@id":"https:\/\/www.mountainguide.ro\/ro\/reiseberichte-wandern-skitouren-rumanien\/#breadcrumb","itemListElement":[{"@type":"ListItem","position":1,"name":"Home","item":"https:\/\/www.mountainguide.ro\/ro\/"},{"@type":"ListItem","position":2,"name":"Reiseberichte &#8211; Worte von unseren G\u00e4sten"}]},{"@type":"WebSite","@id":"https:\/\/www.mountainguide.ro\/ro\/#website","url":"https:\/\/www.mountainguide.ro\/ro\/","name":"Ghid montan","description":"Drumetii montane, schi de tura, ture cu bicicleta \u00een Rom\u00e2nia","potentialAction":[{"@type":"SearchAction","target":{"@type":"EntryPoint","urlTemplate":"https:\/\/www.mountainguide.ro\/ro\/?s={search_term_string}"},"query-input":{"@type":"PropertyValueSpecification","valueRequired":true,"valueName":"search_term_string"}}],"inLanguage":"ro-RO"}]}},"_links":{"self":[{"href":"https:\/\/www.mountainguide.ro\/ro\/wp-json\/wp\/v2\/pages\/10345","targetHints":{"allow":["GET"]}}],"collection":[{"href":"https:\/\/www.mountainguide.ro\/ro\/wp-json\/wp\/v2\/pages"}],"about":[{"href":"https:\/\/www.mountainguide.ro\/ro\/wp-json\/wp\/v2\/types\/page"}],"author":[{"embeddable":true,"href":"https:\/\/www.mountainguide.ro\/ro\/wp-json\/wp\/v2\/users\/3"}],"replies":[{"embeddable":true,"href":"https:\/\/www.mountainguide.ro\/ro\/wp-json\/wp\/v2\/comments?post=10345"}],"version-history":[{"count":4,"href":"https:\/\/www.mountainguide.ro\/ro\/wp-json\/wp\/v2\/pages\/10345\/revisions"}],"predecessor-version":[{"id":13172,"href":"https:\/\/www.mountainguide.ro\/ro\/wp-json\/wp\/v2\/pages\/10345\/revisions\/13172"}],"wp:attachment":[{"href":"https:\/\/www.mountainguide.ro\/ro\/wp-json\/wp\/v2\/media?parent=10345"}],"wp:term":[{"taxonomy":"post_tag","embeddable":true,"href":"https:\/\/www.mountainguide.ro\/ro\/wp-json\/wp\/v2\/tags?post=10345"}],"curies":[{"name":"wp","href":"https:\/\/api.w.org\/{rel}","templated":true}]}}