{"id":2,"date":"2010-01-11T07:11:41","date_gmt":"2010-01-11T07:11:41","guid":{"rendered":"http:\/\/biz75.inmotionhosting.com\/~mounta38\/?page_id=2"},"modified":"2014-03-06T13:03:19","modified_gmt":"2014-03-06T11:03:19","slug":"romanian-mountains","status":"publish","type":"page","link":"https:\/\/www.mountainguide.ro\/en\/","title":{"rendered":"Hiking, biking, skitouring in Romania"},"content":{"rendered":"<p><img loading=\"lazy\" decoding=\"async\" class=\"alignleft size-full wp-image-3062\" title=\"Hikers in Fagaras mountains\" alt=\"Hikers in Fagaras mountains\" src=\"http:\/\/www.mountainguide.ro\/wp-content\/uploads\/2010\/01\/fagaras-mountains1.jpg\" width=\"390\" height=\"265\" srcset=\"https:\/\/www.mountainguide.ro\/wp-content\/uploads\/2010\/01\/fagaras-mountains1.jpg 390w, https:\/\/www.mountainguide.ro\/wp-content\/uploads\/2010\/01\/fagaras-mountains1-300x203.jpg 300w\" sizes=\"auto, (max-width: 390px) 100vw, 390px\" \/>My name is Iulian Cozma and I&#8217;m a full time professional mountain guide, and together with my mountain guides team, I organize tours in Romanian mountains, and I invite you to discover more about Romania, and maybe one day we hike or ski together here, in Romania!<\/p>\n<p>I have been guiding tourists through the Romanian mountains for more than ten years now. Most of them are foreigners or expats working in Romania. Their continuous interest for the Romanian mountains comes as a surprise to my fellow Romanians, who tend to believe that the Alps or the Pyrenees deserve all the spoils. Not to me, though \u2013 I\u2019ve been trekking the official and unofficial trails of the Romanian mountains since I can remember and I still get amazed at the scenery every time I go to Fagaras Mountains, or Bucegi, or Piatra Craiului.<\/p>\n<p>I am not very good with words, and probably too biased when describing the mountains I grew up with, so I will let the images do the talking \u2013 please go the the <a href=\"http:\/\/www.mountainguide.ro\/mountain-photography-romania\/last-tour-photos\">Photography<\/a> section and see for yourself the photos I took with various groups of tourists in the last ten years in the Romanian mountains.<\/p>\n<p>I\u2019ve been told that many of these photos were the reason why a lot of tourists asked me to guide them through the Romanian mountains, be it for trekking, hiking, ski touring, or freeride sessions.<\/p>\n<p style=\"text-align: center;\"><img loading=\"lazy\" decoding=\"async\" class=\"size-full wp-image-2964 aligncenter\" title=\"Simon village in South Transylvania\" alt=\"Simon village in South Transylvania\" src=\"http:\/\/www.mountainguide.ro\/wp-content\/uploads\/2010\/01\/simon1.jpg\" width=\"630\" height=\"210\" srcset=\"https:\/\/www.mountainguide.ro\/wp-content\/uploads\/2010\/01\/simon1.jpg 630w, https:\/\/www.mountainguide.ro\/wp-content\/uploads\/2010\/01\/simon1-300x100.jpg 300w\" sizes=\"auto, (max-width: 630px) 100vw, 630px\" \/><\/p>\n<p>As you can read in the <a href=\"http:\/\/www.mountainguide.ro\/testimonials-hiking-ski-touring-romania\">Testimonial<\/a> section, the Romanian mountains more than lived up to the expectations. But, equally important, my clients were really impressed by the people they met, the experiences they had with local, rural Romania they visited while going up or down the mountain \u2013 a part of Romania that was the least affected by the communism and that \u2013 I was told \u2013 accounts for an Europe that only lives in the memory of the elders.<\/p>\n<p>If you want to experience that, you should come to Romania as soon as possible \u2013 after joining the European Union in 2007, Romania will be less and less like&#8230; Romania, and more and more like the rest of the present-day Europe. Which is good in many ways, but not all of them&#8230;<\/p>\n<p><img loading=\"lazy\" decoding=\"async\" class=\"alignright size-full wp-image-2932\" title=\"Ciucas mountains\" alt=\"Ciucas mountains\" src=\"http:\/\/www.mountainguide.ro\/wp-content\/uploads\/2010\/01\/IMG_85083.jpg\" width=\"390\" height=\"292\" srcset=\"https:\/\/www.mountainguide.ro\/wp-content\/uploads\/2010\/01\/IMG_85083.jpg 390w, https:\/\/www.mountainguide.ro\/wp-content\/uploads\/2010\/01\/IMG_85083-300x224.jpg 300w\" sizes=\"auto, (max-width: 390px) 100vw, 390px\" \/>They say growing your business is a must if you want to stay prosperous. A bigger business, however, is much more difficult to manage, especially when trying to offer each and every group a personalized experience \u2013 something I am proud to say I was able to accomplish so far. This is why I was always careful when working with other Romanian mountain guides for my groups. The effort paid off, as now I am able to count on several local mountain guides \u2013 <a href=\"http:\/\/www.mountainguide.ro\/romanian-mountain-guides\">see My Team section<\/a> \u2013 and to offer the clients a wider range of services (mountain biking and photo tours are new entries on my list) for more groups.<\/p>\n<p>So, to end an introduction that already is too long: if you are looking for an active mountain vacation in Romania, you arrived at the right place. Choose one of the already made tours or let us prepare a specific schedule for your needs. Hiking, trekking, mountaineering, mountain biking, ski touring and freeride, snowshoeing, phototours, all of that and much more \u2013 we can organize your vacation from the moment you step foot on Romanian soil till the moment of your leaving. We will arrange for your accommodation, transportation, visits to the \u2018must see\u2019 Romanian tourist attractions like the Bran Castle, Sighisoara, Biertan, Sibiu, Brasov, etc, \u2013 or we will give you travel advice for the non-mountainous part of your Romanian vacation.<\/p>\n<p>We strongly believe that adventure tourism done safely and responsibly is a wonderful way to visit Romania. Don\u2019t hesitate to <a href=\"mailto:contact@mountainguide.ro\">contact us<\/a>!<\/p>","protected":false},"excerpt":{"rendered":"<p>My name is Iulian Cozma and I\u2019m a full time professional mountain guide. Together with my team of mountain guides, we organize tours in the Romanian mountains. We invite you to discover more about the Carpathians. Maybe one day we will hike, bike or ski together here, in Romania!<\/p>\n","protected":false},"author":3,"featured_media":0,"parent":0,"menu_order":10,"comment_status":"open","ping_status":"closed","template":"","meta":{"footnotes":""},"tags":[],"class_list":["post-2","page","type-page","status-publish","hentry"],"yoast_head":"<!-- This site is optimized with the Yoast SEO plugin v27.3 - https:\/\/yoast.com\/product\/yoast-seo-wordpress\/ -->\n<title>Hiking, biking, skitouring in RomaniaWandern, Radfahren, Skitouren in Rum\u00e4nienDrume\u021bie, mtb, ski de tur\u0103 \u00een Rom\u00e2nia - mountainguide.ro<\/title>\n<meta name=\"robots\" content=\"index, follow, max-snippet:-1, max-image-preview:large, max-video-preview:-1\" \/>\n<link rel=\"canonical\" href=\"https:\/\/www.mountainguide.ro\/en\/\" \/>\n<meta property=\"og:locale\" content=\"en_US\" \/>\n<meta property=\"og:type\" content=\"article\" \/>\n<meta property=\"og:title\" content=\"Hiking, biking, skitouring in RomaniaWandern, Radfahren, Skitouren in Rum\u00e4nienDrume\u021bie, mtb, ski de tur\u0103 \u00een Rom\u00e2nia - mountainguide.ro\" \/>\n<meta property=\"og:description\" content=\"My name is Iulian Cozma and I\u2019m a full time professional mountain guide. Together with my team of mountain guides, we organize tours in the Romanian mountains. We invite you to discover more about the Carpathians. Maybe one day we will hike, bike or ski together here, in Romania! Ich hei\u00dfe Iulian Cozma und bin ein vollzeitbesch\u00e4ftigter professioneller Bergf\u00fchrer. Zusammen mit meinem Bergf\u00fchrerteam organisiere ich Touren in den rum\u00e4nischen Bergen und ich lade sie ein mehr \u00fcber Rum\u00e4nien zu entdecken. Vielleicht werden wir eines Tages zusammen in Rum\u00e4nien Wandern oder Skifahren.Ma numesc Iulian Cozma sunt ghid montan full time, si organizez ture in Muntii Romaniei, si va invit sa descoperiti mai multe despre ei, si poate intr-o buna zi vom skia sau vom traversa Creasta Fagarasului impreuna!\" \/>\n<meta property=\"og:url\" content=\"http:\/\/www.mountainguide.ro\/en\/\" \/>\n<meta property=\"og:site_name\" content=\"Mountain Guide for mountain tours in Romania\" \/>\n<meta property=\"article:publisher\" content=\"https:\/\/www.facebook.com\/mountainguide.ro\/\" \/>\n<meta property=\"article:modified_time\" content=\"2014-03-06T11:03:19+00:00\" \/>\n<meta property=\"og:image\" content=\"http:\/\/www.mountainguide.ro\/wp-content\/uploads\/2010\/01\/fagaras-mountains1.jpg\" \/>\n<meta name=\"twitter:card\" content=\"summary_large_image\" \/>\n<meta name=\"twitter:label1\" content=\"Est. reading time\" \/>\n\t<meta name=\"twitter:data1\" content=\"9 minutes\" \/>\n<script type=\"application\/ld+json\" class=\"yoast-schema-graph\">{\"@context\":\"https:\\\/\\\/schema.org\",\"@graph\":[{\"@type\":\"WebPage\",\"@id\":\"https:\\\/\\\/www.mountainguide.ro\\\/en\\\/\",\"url\":\"https:\\\/\\\/www.mountainguide.ro\\\/en\\\/\",\"name\":\"Hiking, biking, skitouring in RomaniaWandern, Radfahren, Skitouren in Rum\u00e4nienDrume\u021bie, mtb, ski de tur\u0103 \u00een Rom\u00e2nia - mountainguide.ro\",\"isPartOf\":{\"@id\":\"https:\\\/\\\/www.mountainguide.ro\\\/en\\\/#website\"},\"primaryImageOfPage\":{\"@id\":\"https:\\\/\\\/www.mountainguide.ro\\\/en\\\/#primaryimage\"},\"image\":{\"@id\":\"https:\\\/\\\/www.mountainguide.ro\\\/en\\\/#primaryimage\"},\"thumbnailUrl\":\"http:\\\/\\\/www.mountainguide.ro\\\/wp-content\\\/uploads\\\/2010\\\/01\\\/fagaras-mountains1.jpg\",\"datePublished\":\"2010-01-11T07:11:41+00:00\",\"dateModified\":\"2014-03-06T11:03:19+00:00\",\"breadcrumb\":{\"@id\":\"https:\\\/\\\/www.mountainguide.ro\\\/en\\\/#breadcrumb\"},\"inLanguage\":\"en\",\"potentialAction\":[{\"@type\":\"ReadAction\",\"target\":[[\"https:\\\/\\\/www.mountainguide.ro\\\/en\\\/\"]]}]},{\"@type\":\"ImageObject\",\"inLanguage\":\"en\",\"@id\":\"https:\\\/\\\/www.mountainguide.ro\\\/en\\\/#primaryimage\",\"url\":\"http:\\\/\\\/www.mountainguide.ro\\\/wp-content\\\/uploads\\\/2010\\\/01\\\/fagaras-mountains1.jpg\",\"contentUrl\":\"http:\\\/\\\/www.mountainguide.ro\\\/wp-content\\\/uploads\\\/2010\\\/01\\\/fagaras-mountains1.jpg\"},{\"@type\":\"BreadcrumbList\",\"@id\":\"https:\\\/\\\/www.mountainguide.ro\\\/en\\\/#breadcrumb\",\"itemListElement\":[{\"@type\":\"ListItem\",\"position\":1,\"name\":\"Home\",\"item\":\"https:\\\/\\\/www.mountainguide.ro\\\/en\\\/\"},{\"@type\":\"ListItem\",\"position\":2,\"name\":\"Hiking, biking, skitouring in Romania\"}]},{\"@type\":\"WebSite\",\"@id\":\"https:\\\/\\\/www.mountainguide.ro\\\/en\\\/#website\",\"url\":\"https:\\\/\\\/www.mountainguide.ro\\\/en\\\/\",\"name\":\"Mountain Guide for mountain tours in Romania\",\"description\":\"trekking, hiking, ski touring in Romania\",\"potentialAction\":[{\"@type\":\"SearchAction\",\"target\":{\"@type\":\"EntryPoint\",\"urlTemplate\":\"https:\\\/\\\/www.mountainguide.ro\\\/en\\\/?s={search_term_string}\"},\"query-input\":{\"@type\":\"PropertyValueSpecification\",\"valueRequired\":true,\"valueName\":\"search_term_string\"}}],\"inLanguage\":\"en\"}]}<\/script>\n<!-- \/ Yoast SEO plugin. -->","yoast_head_json":{"title":"Hiking, biking, skitouring in RomaniaWandern, Radfahren, Skitouren in Rum\u00e4nienDrume\u021bie, mtb, ski de tur\u0103 \u00een Rom\u00e2nia - mountainguide.ro","robots":{"index":"index","follow":"follow","max-snippet":"max-snippet:-1","max-image-preview":"max-image-preview:large","max-video-preview":"max-video-preview:-1"},"canonical":"https:\/\/www.mountainguide.ro\/en\/","og_locale":"en_US","og_type":"article","og_title":"Hiking, biking, skitouring in RomaniaWandern, Radfahren, Skitouren in Rum\u00e4nienDrume\u021bie, mtb, ski de tur\u0103 \u00een Rom\u00e2nia - mountainguide.ro","og_description":"My name is Iulian Cozma and I\u2019m a full time professional mountain guide. Together with my team of mountain guides, we organize tours in the Romanian mountains. We invite you to discover more about the Carpathians. Maybe one day we will hike, bike or ski together here, in Romania! Ich hei\u00dfe Iulian Cozma und bin ein vollzeitbesch\u00e4ftigter professioneller Bergf\u00fchrer. Zusammen mit meinem Bergf\u00fchrerteam organisiere ich Touren in den rum\u00e4nischen Bergen und ich lade sie ein mehr \u00fcber Rum\u00e4nien zu entdecken. Vielleicht werden wir eines Tages zusammen in Rum\u00e4nien Wandern oder Skifahren.Ma numesc Iulian Cozma sunt ghid montan full time, si organizez ture in Muntii Romaniei, si va invit sa descoperiti mai multe despre ei, si poate intr-o buna zi vom skia sau vom traversa Creasta Fagarasului impreuna!","og_url":"http:\/\/www.mountainguide.ro\/en\/","og_site_name":"Mountain Guide for mountain tours in Romania","article_publisher":"https:\/\/www.facebook.com\/mountainguide.ro\/","article_modified_time":"2014-03-06T11:03:19+00:00","og_image":[{"url":"http:\/\/www.mountainguide.ro\/wp-content\/uploads\/2010\/01\/fagaras-mountains1.jpg","type":"","width":"","height":""}],"twitter_card":"summary_large_image","twitter_misc":{"Est. reading time":"9 minutes"},"schema":{"@context":"https:\/\/schema.org","@graph":[{"@type":"WebPage","@id":"https:\/\/www.mountainguide.ro\/en\/","url":"https:\/\/www.mountainguide.ro\/en\/","name":"Hiking, biking, skitouring in RomaniaWandern, Radfahren, Skitouren in Rum\u00e4nienDrume\u021bie, mtb, ski de tur\u0103 \u00een Rom\u00e2nia - mountainguide.ro","isPartOf":{"@id":"https:\/\/www.mountainguide.ro\/en\/#website"},"primaryImageOfPage":{"@id":"https:\/\/www.mountainguide.ro\/en\/#primaryimage"},"image":{"@id":"https:\/\/www.mountainguide.ro\/en\/#primaryimage"},"thumbnailUrl":"http:\/\/www.mountainguide.ro\/wp-content\/uploads\/2010\/01\/fagaras-mountains1.jpg","datePublished":"2010-01-11T07:11:41+00:00","dateModified":"2014-03-06T11:03:19+00:00","breadcrumb":{"@id":"https:\/\/www.mountainguide.ro\/en\/#breadcrumb"},"inLanguage":"en","potentialAction":[{"@type":"ReadAction","target":[["https:\/\/www.mountainguide.ro\/en\/"]]}]},{"@type":"ImageObject","inLanguage":"en","@id":"https:\/\/www.mountainguide.ro\/en\/#primaryimage","url":"http:\/\/www.mountainguide.ro\/wp-content\/uploads\/2010\/01\/fagaras-mountains1.jpg","contentUrl":"http:\/\/www.mountainguide.ro\/wp-content\/uploads\/2010\/01\/fagaras-mountains1.jpg"},{"@type":"BreadcrumbList","@id":"https:\/\/www.mountainguide.ro\/en\/#breadcrumb","itemListElement":[{"@type":"ListItem","position":1,"name":"Home","item":"https:\/\/www.mountainguide.ro\/en\/"},{"@type":"ListItem","position":2,"name":"Hiking, biking, skitouring in Romania"}]},{"@type":"WebSite","@id":"https:\/\/www.mountainguide.ro\/en\/#website","url":"https:\/\/www.mountainguide.ro\/en\/","name":"Mountain Guide for mountain tours in Romania","description":"trekking, hiking, ski touring in Romania","potentialAction":[{"@type":"SearchAction","target":{"@type":"EntryPoint","urlTemplate":"https:\/\/www.mountainguide.ro\/en\/?s={search_term_string}"},"query-input":{"@type":"PropertyValueSpecification","valueRequired":true,"valueName":"search_term_string"}}],"inLanguage":"en"}]}},"_links":{"self":[{"href":"https:\/\/www.mountainguide.ro\/en\/wp-json\/wp\/v2\/pages\/2","targetHints":{"allow":["GET"]}}],"collection":[{"href":"https:\/\/www.mountainguide.ro\/en\/wp-json\/wp\/v2\/pages"}],"about":[{"href":"https:\/\/www.mountainguide.ro\/en\/wp-json\/wp\/v2\/types\/page"}],"author":[{"embeddable":true,"href":"https:\/\/www.mountainguide.ro\/en\/wp-json\/wp\/v2\/users\/3"}],"replies":[{"embeddable":true,"href":"https:\/\/www.mountainguide.ro\/en\/wp-json\/wp\/v2\/comments?post=2"}],"version-history":[{"count":3,"href":"https:\/\/www.mountainguide.ro\/en\/wp-json\/wp\/v2\/pages\/2\/revisions"}],"predecessor-version":[{"id":10457,"href":"https:\/\/www.mountainguide.ro\/en\/wp-json\/wp\/v2\/pages\/2\/revisions\/10457"}],"wp:attachment":[{"href":"https:\/\/www.mountainguide.ro\/en\/wp-json\/wp\/v2\/media?parent=2"}],"wp:term":[{"taxonomy":"post_tag","embeddable":true,"href":"https:\/\/www.mountainguide.ro\/en\/wp-json\/wp\/v2\/tags?post=2"}],"curies":[{"name":"wp","href":"https:\/\/api.w.org\/{rel}","templated":true}]}}