{"id":9470,"date":"2014-01-13T20:52:16","date_gmt":"2014-01-13T18:52:16","guid":{"rendered":"http:\/\/www.mountainguide.ro\/?page_id=9470"},"modified":"2022-01-11T21:07:51","modified_gmt":"2022-01-11T19:07:51","slug":"ski-touring-freeride-skiing-and-snowboarding-snowshoeing","status":"publish","type":"page","link":"https:\/\/www.mountainguide.ro\/de\/tourenschi-freeride-rumaenien\/","title":{"rendered":"Unber\u00fchrte Berglandschaft"},"content":{"rendered":"<p><\/p>\n<div class=\"video-responsive-container\"><iframe src=\"https:\/\/youtube.com\/embed\/T_zLZ8PFwZY?rel=0\" frameborder=\"0\" allowfullscreen=\"allowfullscreen\"><br \/>\n<\/iframe><\/div>\n<p>Es gibt noch unber\u00fchrte Natur in Europa, wo man auf pure, wilde Abh\u00e4nge <strong>Ski Touring<\/strong>, <strong>Split-boarding<\/strong>, <strong>Free-ride skiing<\/strong> oder <strong>Snowshoeing <\/strong>treiben kann, ohne Schilifte, ohne Stra\u00dfen im Alpinbereich und ohne Parkpl\u00e4tze.<\/p>\n<p>Packen Sie Ihre Ausr\u00fcstung ein und kommen Sie auf ein outdoor Winterabenteuer in den <strong>S\u00fcdkarpaten Rum\u00e4niens<\/strong>!<\/p>\n<p>Die Berge rund um die historische Stadt Brasov bieten gro\u00dfartige M\u00f6glichkeiten, sowohl f\u00fcr entspannte Skitourer als auch f\u00fcr abenteuerlustigere Freeride-Schifahrer. Es gibt leichte bis mittelschwere Pisten im Bucegi- oder Ciucas Gebirge und anspruchsvollere Winter-Touren M\u00f6glichkeiten im Fogarascher Gebrige. Auf dem Bucegi-Hochplateau, inmitten der idyllischen Bergd\u00f6rfer der Region Bran, oder im wundersch\u00f6nen Nationalpark Piatra Craiului, k\u00f6nnen Sie Schneeschuhwanderungen sowie Langlauf betreiben.<\/p>\n<p>Der Schl\u00fcssel zu einer guten Reise ist immer zwischen den besten und den sichersten Schneebedingungen unterscheiden zu k\u00f6nnen. Die Begleitung eines Bergf\u00fchrers, der das lokale Gel\u00e4nde wie die Innenseiten seiner Taschen kennt, ist vor allem im Winter ein Muss. <strong>Iulian Cozma verf\u00fcgt \u00fcber mehr als 20 Jahre Erfahrung<\/strong> in der Erkundung der lokalen Berge im Winter. Er ist derjenige der Ihnen jede Woche in der kalten Jahreszeit zeigt, <strong>wo Sie den besten und sichersten Schnee finden<\/strong> k\u00f6nnen. Die F\u00e4higkeit den Reiseplan je nach den \u00f6rtlichen Schneeverh\u00e4ltnissen und dem Wetter zu \u00e4ndern, wird durch jahrelange Beobachtung, wie und wo sich Schneer\u00fcckst\u00e4nde bilden, aufgebaut.<\/p>\n<p>Schlie\u00dflich wollen wir alle den besten Schnee probieren und auch sicher wieder nach Hause kommen, um die Geschichte weiter zu erz\u00e4hlen.<\/p>\n<p>Wir organisieren einw\u00f6chige Touren oder Wochenendausfl\u00fcge, wir holen Sie mitsamt Ihrer Winterausr\u00fcstung vom Flughafen ab, bringen Sie am Ende der Tour selbstverst\u00e4ndlich auch wieder zu Ihrem Flug zur\u00fcck und sorgen f\u00fcr alles was Sie zwischendurch brauchen: Unterkunft, Mahlzeiten, F\u00fchrung, usw.<\/p>\n<p>Gehen Sie auf die <a href=\"http:\/\/www.mountainguide.ro\/en\/contact-iulian-cozma-hiking-guide\/\"><u>Kontaktseite<\/u><\/a>, um uns eine Nachricht zu senden, oder verwenden Sie das untenstehende Kommentarformular!<\/p>","protected":false},"excerpt":{"rendered":"<p>Es gibt noch unber\u00fchrte Natur in Europa, wo man auf pure, wilde Abh\u00e4nge Ski Touring, Split-boarding, Free-ride skiing oder Snowshoeing treiben kann, ohne Schilifte, ohne Stra\u00dfen im Alpinbereich und ohne Parkpl\u00e4tze. Packen Sie Ihre Ausr\u00fcstung ein und kommen Sie auf ein outdoor Winterabenteuer in den S\u00fcdkarpaten Rum\u00e4niens! Die Berge rund um die historische Stadt Brasov&#8230;  <a class=\"excerpt-read-more\" href=\"https:\/\/www.mountainguide.ro\/de\/tourenschi-freeride-rumaenien\/\" title=\"Read Unber\u00fchrte Berglandschaft\">Weiter &raquo;<\/a><\/p>\n","protected":false},"author":3,"featured_media":0,"parent":0,"menu_order":0,"comment_status":"open","ping_status":"closed","template":"","meta":{"footnotes":""},"tags":[1071,1062,1070,1080,1081,18,16,166,1072,1089,1067,1068,1085,1084,1064,411,1086,1076,1011,683,35,1083,1088,1087,50,24,1066,1069,734,1082,1079,674,1091,63,872,128,1078,1061,1090,21],"class_list":["post-9470","page","type-page","status-publish","hentry","tag-activity","tag-adventure","tag-backcountry","tag-board","tag-boarding","tag-brasov","tag-bucegi","tag-carpathians","tag-erlebnis","tag-felle","tag-free-ride","tag-freeride","tag-fuhrung","tag-gefuhrte","tag-guided","tag-holiday","tag-pisten","tag-programm","tag-pulver-skifahren","tag-pulverschnee","tag-romania","tag-schi-de-tura","tag-schi-touring","tag-schnee","tag-siebenburgen","tag-ski-touring","tag-skinning","tag-slopes","tag-snow","tag-south","tag-split","tag-splitboard","tag-sudkarpaten","tag-tour","tag-touring","tag-transylvania","tag-transylvanien","tag-trip","tag-urlaub","tag-winter"],"yoast_head":"<!-- This site is optimized with the Yoast SEO plugin v27.3 - https:\/\/yoast.com\/product\/yoast-seo-wordpress\/ -->\n<title>Unber\u00fchrte Berglandschaft - mountainguide.ro<\/title>\n<meta name=\"robots\" content=\"index, follow, max-snippet:-1, max-image-preview:large, max-video-preview:-1\" \/>\n<link rel=\"canonical\" href=\"https:\/\/www.mountainguide.ro\/de\/ski-touring-freeride-romania\/\" \/>\n<meta property=\"og:locale\" content=\"de_DE\" \/>\n<meta property=\"og:type\" content=\"article\" \/>\n<meta property=\"og:title\" content=\"Unber\u00fchrte Berglandschaft - mountainguide.ro\" \/>\n<meta property=\"og:description\" content=\"Es gibt noch unber\u00fchrte Natur in Europa, wo man auf pure, wilde Abh\u00e4nge Ski Touring, Split-boarding, Free-ride skiing oder Snowshoeing treiben kann, ohne Schilifte, ohne Stra\u00dfen im Alpinbereich und ohne Parkpl\u00e4tze. Packen Sie Ihre Ausr\u00fcstung ein und kommen Sie auf ein outdoor Winterabenteuer in den S\u00fcdkarpaten Rum\u00e4niens! Die Berge rund um die historische Stadt Brasov... Weiter &raquo;\" \/>\n<meta property=\"og:url\" content=\"http:\/\/www.mountainguide.ro\/de\/ski-touring-freeride-romania\/\" \/>\n<meta property=\"og:site_name\" content=\"Bergf\u00fchrer f\u00fcr Bergtouren in den rum\u00e4nischen Bergen\" \/>\n<meta property=\"article:publisher\" content=\"https:\/\/www.facebook.com\/mountainguide.ro\/\" \/>\n<meta property=\"article:modified_time\" content=\"2022-01-11T19:07:51+00:00\" \/>\n<meta name=\"twitter:card\" content=\"summary_large_image\" \/>\n<meta name=\"twitter:label1\" content=\"Gesch\u00e4tzte Lesezeit\" \/>\n\t<meta name=\"twitter:data1\" content=\"25\u00a0Minuten\" \/>\n<script type=\"application\/ld+json\" class=\"yoast-schema-graph\">{\"@context\":\"https:\\\/\\\/schema.org\",\"@graph\":[{\"@type\":\"WebPage\",\"@id\":\"https:\\\/\\\/www.mountainguide.ro\\\/de\\\/ski-touring-freeride-romania\\\/\",\"url\":\"https:\\\/\\\/www.mountainguide.ro\\\/de\\\/ski-touring-freeride-romania\\\/\",\"name\":\"Unber\u00fchrte Berglandschaft - mountainguide.ro\",\"isPartOf\":{\"@id\":\"https:\\\/\\\/www.mountainguide.ro\\\/de\\\/#website\"},\"datePublished\":\"2014-01-13T18:52:16+00:00\",\"dateModified\":\"2022-01-11T19:07:51+00:00\",\"breadcrumb\":{\"@id\":\"https:\\\/\\\/www.mountainguide.ro\\\/de\\\/ski-touring-freeride-romania\\\/#breadcrumb\"},\"inLanguage\":\"de\",\"potentialAction\":[{\"@type\":\"ReadAction\",\"target\":[[\"https:\\\/\\\/www.mountainguide.ro\\\/de\\\/ski-touring-freeride-romania\\\/\"]]}]},{\"@type\":\"BreadcrumbList\",\"@id\":\"https:\\\/\\\/www.mountainguide.ro\\\/de\\\/ski-touring-freeride-romania\\\/#breadcrumb\",\"itemListElement\":[{\"@type\":\"ListItem\",\"position\":1,\"name\":\"Home\",\"item\":\"https:\\\/\\\/www.mountainguide.ro\\\/de\\\/\"},{\"@type\":\"ListItem\",\"position\":2,\"name\":\"Unspoilt mountain territory\"}]},{\"@type\":\"WebSite\",\"@id\":\"https:\\\/\\\/www.mountainguide.ro\\\/de\\\/#website\",\"url\":\"https:\\\/\\\/www.mountainguide.ro\\\/de\\\/\",\"name\":\"Bergf\u00fchrer f\u00fcr Bergtouren in den rum\u00e4nischen Bergen\",\"description\":\"Trekking, Wandern, Skitouren in Rum\u00e4nien\",\"potentialAction\":[{\"@type\":\"SearchAction\",\"target\":{\"@type\":\"EntryPoint\",\"urlTemplate\":\"https:\\\/\\\/www.mountainguide.ro\\\/de\\\/?s={search_term_string}\"},\"query-input\":{\"@type\":\"PropertyValueSpecification\",\"valueRequired\":true,\"valueName\":\"search_term_string\"}}],\"inLanguage\":\"de\"}]}<\/script>\n<!-- \/ Yoast SEO plugin. -->","yoast_head_json":{"title":"Unber\u00fchrte Berglandschaft - mountainguide.ro","robots":{"index":"index","follow":"follow","max-snippet":"max-snippet:-1","max-image-preview":"max-image-preview:large","max-video-preview":"max-video-preview:-1"},"canonical":"https:\/\/www.mountainguide.ro\/de\/ski-touring-freeride-romania\/","og_locale":"de_DE","og_type":"article","og_title":"Unber\u00fchrte Berglandschaft - mountainguide.ro","og_description":"Es gibt noch unber\u00fchrte Natur in Europa, wo man auf pure, wilde Abh\u00e4nge Ski Touring, Split-boarding, Free-ride skiing oder Snowshoeing treiben kann, ohne Schilifte, ohne Stra\u00dfen im Alpinbereich und ohne Parkpl\u00e4tze. Packen Sie Ihre Ausr\u00fcstung ein und kommen Sie auf ein outdoor Winterabenteuer in den S\u00fcdkarpaten Rum\u00e4niens! Die Berge rund um die historische Stadt Brasov... Weiter &raquo;","og_url":"http:\/\/www.mountainguide.ro\/de\/ski-touring-freeride-romania\/","og_site_name":"Bergf\u00fchrer f\u00fcr Bergtouren in den rum\u00e4nischen Bergen","article_publisher":"https:\/\/www.facebook.com\/mountainguide.ro\/","article_modified_time":"2022-01-11T19:07:51+00:00","twitter_card":"summary_large_image","twitter_misc":{"Gesch\u00e4tzte Lesezeit":"25\u00a0Minuten"},"schema":{"@context":"https:\/\/schema.org","@graph":[{"@type":"WebPage","@id":"https:\/\/www.mountainguide.ro\/de\/ski-touring-freeride-romania\/","url":"https:\/\/www.mountainguide.ro\/de\/ski-touring-freeride-romania\/","name":"Unber\u00fchrte Berglandschaft - mountainguide.ro","isPartOf":{"@id":"https:\/\/www.mountainguide.ro\/de\/#website"},"datePublished":"2014-01-13T18:52:16+00:00","dateModified":"2022-01-11T19:07:51+00:00","breadcrumb":{"@id":"https:\/\/www.mountainguide.ro\/de\/ski-touring-freeride-romania\/#breadcrumb"},"inLanguage":"de","potentialAction":[{"@type":"ReadAction","target":[["https:\/\/www.mountainguide.ro\/de\/ski-touring-freeride-romania\/"]]}]},{"@type":"BreadcrumbList","@id":"https:\/\/www.mountainguide.ro\/de\/ski-touring-freeride-romania\/#breadcrumb","itemListElement":[{"@type":"ListItem","position":1,"name":"Home","item":"https:\/\/www.mountainguide.ro\/de\/"},{"@type":"ListItem","position":2,"name":"Unspoilt mountain territory"}]},{"@type":"WebSite","@id":"https:\/\/www.mountainguide.ro\/de\/#website","url":"https:\/\/www.mountainguide.ro\/de\/","name":"Bergf\u00fchrer f\u00fcr Bergtouren in den rum\u00e4nischen Bergen","description":"Trekking, Wandern, Skitouren in Rum\u00e4nien","potentialAction":[{"@type":"SearchAction","target":{"@type":"EntryPoint","urlTemplate":"https:\/\/www.mountainguide.ro\/de\/?s={search_term_string}"},"query-input":{"@type":"PropertyValueSpecification","valueRequired":true,"valueName":"search_term_string"}}],"inLanguage":"de"}]}},"_links":{"self":[{"href":"https:\/\/www.mountainguide.ro\/de\/wp-json\/wp\/v2\/pages\/9470","targetHints":{"allow":["GET"]}}],"collection":[{"href":"https:\/\/www.mountainguide.ro\/de\/wp-json\/wp\/v2\/pages"}],"about":[{"href":"https:\/\/www.mountainguide.ro\/de\/wp-json\/wp\/v2\/types\/page"}],"author":[{"embeddable":true,"href":"https:\/\/www.mountainguide.ro\/de\/wp-json\/wp\/v2\/users\/3"}],"replies":[{"embeddable":true,"href":"https:\/\/www.mountainguide.ro\/de\/wp-json\/wp\/v2\/comments?post=9470"}],"version-history":[{"count":26,"href":"https:\/\/www.mountainguide.ro\/de\/wp-json\/wp\/v2\/pages\/9470\/revisions"}],"predecessor-version":[{"id":15074,"href":"https:\/\/www.mountainguide.ro\/de\/wp-json\/wp\/v2\/pages\/9470\/revisions\/15074"}],"wp:attachment":[{"href":"https:\/\/www.mountainguide.ro\/de\/wp-json\/wp\/v2\/media?parent=9470"}],"wp:term":[{"taxonomy":"post_tag","embeddable":true,"href":"https:\/\/www.mountainguide.ro\/de\/wp-json\/wp\/v2\/tags?post=9470"}],"curies":[{"name":"wp","href":"https:\/\/api.w.org\/{rel}","templated":true}]}}