{"id":9390,"date":"2014-01-13T19:51:52","date_gmt":"2014-01-13T17:51:52","guid":{"rendered":"http:\/\/www.mountainguide.ro\/?page_id=9390"},"modified":"2022-01-11T21:08:23","modified_gmt":"2022-01-11T19:08:23","slug":"hiking-trekking-mountaineering-in-the-romanian-mountains","status":"publish","type":"page","link":"https:\/\/www.mountainguide.ro\/de\/bergtouren-rumaenien\/","title":{"rendered":"Wandern, Trekking, Bergsteigen in den Rum\u00e4nischen Bergen"},"content":{"rendered":"<p><img decoding=\"async\" class=\"alignleft wp-image-10409\" src=\"http:\/\/www.mountainguide.ro\/wp-content\/uploads\/2014\/01\/trail.jpg\" alt=\"Hiking in Romanian mountains, explore the Carpathian garden\" width=\"670\" srcset=\"https:\/\/www.mountainguide.ro\/wp-content\/uploads\/2014\/01\/trail.jpg 800w, https:\/\/www.mountainguide.ro\/wp-content\/uploads\/2014\/01\/trail-300x100.jpg 300w\" sizes=\"(max-width: 800px) 100vw, 800px\" \/><\/p>\n<p>Die spektakul\u00e4ren Bergk\u00e4mme der S\u00fcdkarpaten, die sich von Ost nach West an der S\u00fcdgrenze Siebenb\u00fcrgens in Rum\u00e4nien erstrecken, markierten die historische Grenze zwischen den mitteleurop\u00e4ischen Gro\u00dfm\u00e4chten und dem Osmanischen (T\u00fcrkischen) Reich.<\/p>\n<p>Physische Grenzen sowie Imperien geh\u00f6ren der Vergangenheit an. Das kulturelle und historische Erbe ist jedoch immer noch vorhanden. Die deutsche Ordnung und Effizienz wird durch die orientalische entspannte Haltung sch\u00f6n abgerundet. Das sieht man an der Bauweise der H\u00e4user, an der Ausrichtung der Stra\u00dfen, an der Erbringung \u00f6ffentlicher Dienstleistungen, an der F\u00fchrung von Gesch\u00e4ften oder an der Zubereitung von Speisen.<\/p>\n<p>Vielleicht m\u00f6chten Sie beim Wandern, Trekking oder Bergsteigen in S\u00fcdsiebenb\u00fcrgen die Berge genie\u00dfen. Das wirst du auf jeden Fall tun und noch viel mehr.<\/p>\n<p>Die Vielfalt an Landschaft, Geographie und Geologie, Flora und Fauna auf relativ kleinem Raum ist einfach einzigartig. Wenn Sie ein pures alpines Hochgebirgserlebnis suchen, ist der Fagaras-Hauptkamm genau das Richtige f\u00fcr Sie. Wenn Sie nach milderen Spazierg\u00e4ngen suchen, sich auf die \u00fcberw\u00e4ltigende Vielfalt der Alpenblumen konzentrieren oder vielleicht nach k\u00f6stlichen Steinpilzen suchen, dann sind die H\u00fcgel des Bran Country, bewacht vom Nationalpark Piatra Craiului und dem Naturpark Bucegi, der richtige Ort gehen. Und es gibt das Ciuca\u0219-Gebirge und das Post\u0103varu-Gebirge und die historische Stadt Bra\u0219ov (Kronstadt), das (ber\u00fcchtigte) Schloss Bran, die Kirchenburgen und so weiter.<\/p>\n<p>Wir haben mehr als 20 Jahre Erfahrung in der Organisation von Outdoor-Aktivit\u00e4ten in den Berggebieten S\u00fcdsiebenb\u00fcrgens. In diesem Vierteljahrhundert haben wir gelernt, dass alle Touren ma\u00dfgeschneiderte Touren sind, jede Personengruppe oder Einzelreisende hat ihre eigenen Besonderheiten. Anpassungsf\u00e4higkeit und Kompromisse, manchmal auch unterwegs, haben wir uns im Rahmen zahlreicher Programme aufgebaut, sei es f\u00fcr eine Wochenendtour oder eine zweiw\u00f6chige Durchquerung der S\u00fcdkarpaten.<\/p>\n<p>Unsere Erfolgsbilanz spricht B\u00e4nde \u00fcber die Vielfalt der Menschen, die wir hier gef\u00fchrt haben: <a href=\"https:\/\/www.mountainguide.ro\/de\/category\/referenzen-von-gasten-outdoor-touren-in-rumanien\/\">https:\/\/www.mountainguide.ro\/de\/category\/referenzen-von-gasten-outdoor-touren-in-rumanien\/<\/a>\u00a0. Einige von ihnen genossen unsere Dienstleistungen so sehr, dass sie uns baten, umfangreichere Programme in Rum\u00e4nien zu organisieren, die die Bukowina, die Maramure und das Donaudelta abdecken, oder sogar im benachbarten Bulgarien und Griechenland.<\/p>\n<p>Hinterlassen Sie unten einen Kommentar oder gehen Sie auf die <a href=\"https:\/\/www.mountainguide.ro\/de\/rumaenischer-bergfuehrer-fogarascher-gebirge\/\">Kontaktseite<\/a>, um uns eine Nachricht zu senden: Wir w\u00fcrden uns freuen, mit Ihnen \u00fcber einen Urlaub in Rum\u00e4nien zu sprechen, den Sie sonst nirgendwo finden.<\/p>","protected":false},"excerpt":{"rendered":"<p>Die spektakul\u00e4ren Bergk\u00e4mme der S\u00fcdkarpaten, die sich von Ost nach West an der S\u00fcdgrenze Siebenb\u00fcrgens in Rum\u00e4nien erstrecken, markierten die historische Grenze zwischen den mitteleurop\u00e4ischen Gro\u00dfm\u00e4chten und dem Osmanischen (T\u00fcrkischen) Reich. Physische Grenzen sowie Imperien geh\u00f6ren der Vergangenheit an. Das kulturelle und historische Erbe ist jedoch immer noch vorhanden. Die deutsche Ordnung und Effizienz wird&#8230;  <a class=\"excerpt-read-more\" href=\"https:\/\/www.mountainguide.ro\/de\/bergtouren-rumaenien\/\" title=\"Read Wandern, Trekking, Bergsteigen in den Rum\u00e4nischen Bergen\">Weiter &raquo;<\/a><\/p>\n","protected":false},"author":3,"featured_media":0,"parent":0,"menu_order":0,"comment_status":"open","ping_status":"closed","template":"","meta":{"footnotes":""},"tags":[1096,1062,18,16,96,166,423,1093,1098,1099,30,22,412,411,95,1092,141,1097,9,225,1063,1095,35,1082,1094,63,128,528,1061,138,19],"class_list":["post-9390","page","type-page","status-publish","hentry","tag-active","tag-adventure","tag-brasov","tag-bucegi","tag-bucovina","tag-carpathians","tag-ciucas","tag-custom","tag-danube","tag-delta","tag-fagaras","tag-hiking","tag-hills","tag-holiday","tag-maramures","tag-mountaineering","tag-mountains","tag-outdoors","tag-piatra-craiului","tag-postavaru","tag-program","tag-programme","tag-romania","tag-south","tag-special","tag-tour","tag-transylvania","tag-trekking","tag-trip","tag-vacation","tag-walking"],"yoast_head":"<!-- This site is optimized with the Yoast SEO plugin v27.3 - https:\/\/yoast.com\/product\/yoast-seo-wordpress\/ -->\n<title>Wandern, Trekking, Bergsteigen in den Rum\u00e4nischen Bergen - mountainguide.ro<\/title>\n<meta name=\"robots\" content=\"index, follow, max-snippet:-1, max-image-preview:large, max-video-preview:-1\" \/>\n<link rel=\"canonical\" href=\"https:\/\/www.mountainguide.ro\/de\/hiking-tours-romania\/\" \/>\n<meta property=\"og:locale\" content=\"de_DE\" \/>\n<meta property=\"og:type\" content=\"article\" \/>\n<meta property=\"og:title\" content=\"Wandern, Trekking, Bergsteigen in den Rum\u00e4nischen Bergen - mountainguide.ro\" \/>\n<meta property=\"og:description\" content=\"Die spektakul\u00e4ren Bergk\u00e4mme der S\u00fcdkarpaten, die sich von Ost nach West an der S\u00fcdgrenze Siebenb\u00fcrgens in Rum\u00e4nien erstrecken, markierten die historische Grenze zwischen den mitteleurop\u00e4ischen Gro\u00dfm\u00e4chten und dem Osmanischen (T\u00fcrkischen) Reich. Physische Grenzen sowie Imperien geh\u00f6ren der Vergangenheit an. Das kulturelle und historische Erbe ist jedoch immer noch vorhanden. Die deutsche Ordnung und Effizienz wird... Weiter &raquo;\" \/>\n<meta property=\"og:url\" content=\"http:\/\/www.mountainguide.ro\/de\/hiking-tours-romania\/\" \/>\n<meta property=\"og:site_name\" content=\"Bergf\u00fchrer f\u00fcr Bergtouren in den rum\u00e4nischen Bergen\" \/>\n<meta property=\"article:publisher\" content=\"https:\/\/www.facebook.com\/mountainguide.ro\/\" \/>\n<meta property=\"article:modified_time\" content=\"2022-01-11T19:08:23+00:00\" \/>\n<meta property=\"og:image\" content=\"http:\/\/www.mountainguide.ro\/wp-content\/uploads\/2014\/01\/trail.jpg\" \/>\n<meta name=\"twitter:card\" content=\"summary_large_image\" \/>\n<meta name=\"twitter:label1\" content=\"Gesch\u00e4tzte Lesezeit\" \/>\n\t<meta name=\"twitter:data1\" content=\"4\u00a0Minuten\" \/>\n<script type=\"application\/ld+json\" class=\"yoast-schema-graph\">{\"@context\":\"https:\\\/\\\/schema.org\",\"@graph\":[{\"@type\":\"WebPage\",\"@id\":\"https:\\\/\\\/www.mountainguide.ro\\\/de\\\/hiking-tours-romania\\\/\",\"url\":\"https:\\\/\\\/www.mountainguide.ro\\\/de\\\/hiking-tours-romania\\\/\",\"name\":\"Wandern, Trekking, Bergsteigen in den Rum\u00e4nischen Bergen - mountainguide.ro\",\"isPartOf\":{\"@id\":\"https:\\\/\\\/www.mountainguide.ro\\\/de\\\/#website\"},\"primaryImageOfPage\":{\"@id\":\"https:\\\/\\\/www.mountainguide.ro\\\/de\\\/hiking-tours-romania\\\/#primaryimage\"},\"image\":{\"@id\":\"https:\\\/\\\/www.mountainguide.ro\\\/en\\\/hiking-tours-romania\\\/#primaryimage\"},\"thumbnailUrl\":\"http:\\\/\\\/www.mountainguide.ro\\\/wp-content\\\/uploads\\\/2014\\\/01\\\/trail.jpg\",\"datePublished\":\"2014-01-13T17:51:52+00:00\",\"dateModified\":\"2022-01-11T19:08:23+00:00\",\"breadcrumb\":{\"@id\":\"https:\\\/\\\/www.mountainguide.ro\\\/de\\\/hiking-tours-romania\\\/#breadcrumb\"},\"inLanguage\":\"de\",\"potentialAction\":[{\"@type\":\"ReadAction\",\"target\":[[\"https:\\\/\\\/www.mountainguide.ro\\\/de\\\/hiking-tours-romania\\\/\"]]}]},{\"@type\":\"ImageObject\",\"inLanguage\":\"de\",\"@id\":\"https:\\\/\\\/www.mountainguide.ro\\\/de\\\/hiking-tours-romania\\\/#primaryimage\",\"url\":\"http:\\\/\\\/www.mountainguide.ro\\\/wp-content\\\/uploads\\\/2014\\\/01\\\/trail.jpg\",\"contentUrl\":\"http:\\\/\\\/www.mountainguide.ro\\\/wp-content\\\/uploads\\\/2014\\\/01\\\/trail.jpg\"},{\"@type\":\"BreadcrumbList\",\"@id\":\"https:\\\/\\\/www.mountainguide.ro\\\/de\\\/hiking-tours-romania\\\/#breadcrumb\",\"itemListElement\":[{\"@type\":\"ListItem\",\"position\":1,\"name\":\"Home\",\"item\":\"https:\\\/\\\/www.mountainguide.ro\\\/de\\\/\"},{\"@type\":\"ListItem\",\"position\":2,\"name\":\"Walking on the borders of old empires\"}]},{\"@type\":\"WebSite\",\"@id\":\"https:\\\/\\\/www.mountainguide.ro\\\/de\\\/#website\",\"url\":\"https:\\\/\\\/www.mountainguide.ro\\\/de\\\/\",\"name\":\"Bergf\u00fchrer f\u00fcr Bergtouren in den rum\u00e4nischen Bergen\",\"description\":\"Trekking, Wandern, Skitouren in Rum\u00e4nien\",\"potentialAction\":[{\"@type\":\"SearchAction\",\"target\":{\"@type\":\"EntryPoint\",\"urlTemplate\":\"https:\\\/\\\/www.mountainguide.ro\\\/de\\\/?s={search_term_string}\"},\"query-input\":{\"@type\":\"PropertyValueSpecification\",\"valueRequired\":true,\"valueName\":\"search_term_string\"}}],\"inLanguage\":\"de\"}]}<\/script>\n<!-- \/ Yoast SEO plugin. -->","yoast_head_json":{"title":"Wandern, Trekking, Bergsteigen in den Rum\u00e4nischen Bergen - mountainguide.ro","robots":{"index":"index","follow":"follow","max-snippet":"max-snippet:-1","max-image-preview":"max-image-preview:large","max-video-preview":"max-video-preview:-1"},"canonical":"https:\/\/www.mountainguide.ro\/de\/hiking-tours-romania\/","og_locale":"de_DE","og_type":"article","og_title":"Wandern, Trekking, Bergsteigen in den Rum\u00e4nischen Bergen - mountainguide.ro","og_description":"Die spektakul\u00e4ren Bergk\u00e4mme der S\u00fcdkarpaten, die sich von Ost nach West an der S\u00fcdgrenze Siebenb\u00fcrgens in Rum\u00e4nien erstrecken, markierten die historische Grenze zwischen den mitteleurop\u00e4ischen Gro\u00dfm\u00e4chten und dem Osmanischen (T\u00fcrkischen) Reich. Physische Grenzen sowie Imperien geh\u00f6ren der Vergangenheit an. Das kulturelle und historische Erbe ist jedoch immer noch vorhanden. Die deutsche Ordnung und Effizienz wird... Weiter &raquo;","og_url":"http:\/\/www.mountainguide.ro\/de\/hiking-tours-romania\/","og_site_name":"Bergf\u00fchrer f\u00fcr Bergtouren in den rum\u00e4nischen Bergen","article_publisher":"https:\/\/www.facebook.com\/mountainguide.ro\/","article_modified_time":"2022-01-11T19:08:23+00:00","og_image":[{"url":"http:\/\/www.mountainguide.ro\/wp-content\/uploads\/2014\/01\/trail.jpg","type":"","width":"","height":""}],"twitter_card":"summary_large_image","twitter_misc":{"Gesch\u00e4tzte Lesezeit":"4\u00a0Minuten"},"schema":{"@context":"https:\/\/schema.org","@graph":[{"@type":"WebPage","@id":"https:\/\/www.mountainguide.ro\/de\/hiking-tours-romania\/","url":"https:\/\/www.mountainguide.ro\/de\/hiking-tours-romania\/","name":"Wandern, Trekking, Bergsteigen in den Rum\u00e4nischen Bergen - mountainguide.ro","isPartOf":{"@id":"https:\/\/www.mountainguide.ro\/de\/#website"},"primaryImageOfPage":{"@id":"https:\/\/www.mountainguide.ro\/de\/hiking-tours-romania\/#primaryimage"},"image":{"@id":"https:\/\/www.mountainguide.ro\/en\/hiking-tours-romania\/#primaryimage"},"thumbnailUrl":"http:\/\/www.mountainguide.ro\/wp-content\/uploads\/2014\/01\/trail.jpg","datePublished":"2014-01-13T17:51:52+00:00","dateModified":"2022-01-11T19:08:23+00:00","breadcrumb":{"@id":"https:\/\/www.mountainguide.ro\/de\/hiking-tours-romania\/#breadcrumb"},"inLanguage":"de","potentialAction":[{"@type":"ReadAction","target":[["https:\/\/www.mountainguide.ro\/de\/hiking-tours-romania\/"]]}]},{"@type":"ImageObject","inLanguage":"de","@id":"https:\/\/www.mountainguide.ro\/de\/hiking-tours-romania\/#primaryimage","url":"http:\/\/www.mountainguide.ro\/wp-content\/uploads\/2014\/01\/trail.jpg","contentUrl":"http:\/\/www.mountainguide.ro\/wp-content\/uploads\/2014\/01\/trail.jpg"},{"@type":"BreadcrumbList","@id":"https:\/\/www.mountainguide.ro\/de\/hiking-tours-romania\/#breadcrumb","itemListElement":[{"@type":"ListItem","position":1,"name":"Home","item":"https:\/\/www.mountainguide.ro\/de\/"},{"@type":"ListItem","position":2,"name":"Walking on the borders of old empires"}]},{"@type":"WebSite","@id":"https:\/\/www.mountainguide.ro\/de\/#website","url":"https:\/\/www.mountainguide.ro\/de\/","name":"Bergf\u00fchrer f\u00fcr Bergtouren in den rum\u00e4nischen Bergen","description":"Trekking, Wandern, Skitouren in Rum\u00e4nien","potentialAction":[{"@type":"SearchAction","target":{"@type":"EntryPoint","urlTemplate":"https:\/\/www.mountainguide.ro\/de\/?s={search_term_string}"},"query-input":{"@type":"PropertyValueSpecification","valueRequired":true,"valueName":"search_term_string"}}],"inLanguage":"de"}]}},"_links":{"self":[{"href":"https:\/\/www.mountainguide.ro\/de\/wp-json\/wp\/v2\/pages\/9390","targetHints":{"allow":["GET"]}}],"collection":[{"href":"https:\/\/www.mountainguide.ro\/de\/wp-json\/wp\/v2\/pages"}],"about":[{"href":"https:\/\/www.mountainguide.ro\/de\/wp-json\/wp\/v2\/types\/page"}],"author":[{"embeddable":true,"href":"https:\/\/www.mountainguide.ro\/de\/wp-json\/wp\/v2\/users\/3"}],"replies":[{"embeddable":true,"href":"https:\/\/www.mountainguide.ro\/de\/wp-json\/wp\/v2\/comments?post=9390"}],"version-history":[{"count":14,"href":"https:\/\/www.mountainguide.ro\/de\/wp-json\/wp\/v2\/pages\/9390\/revisions"}],"predecessor-version":[{"id":15069,"href":"https:\/\/www.mountainguide.ro\/de\/wp-json\/wp\/v2\/pages\/9390\/revisions\/15069"}],"wp:attachment":[{"href":"https:\/\/www.mountainguide.ro\/de\/wp-json\/wp\/v2\/media?parent=9390"}],"wp:term":[{"taxonomy":"post_tag","embeddable":true,"href":"https:\/\/www.mountainguide.ro\/de\/wp-json\/wp\/v2\/tags?post=9390"}],"curies":[{"name":"wp","href":"https:\/\/api.w.org\/{rel}","templated":true}]}}