{"id":8,"date":"2010-01-11T10:26:56","date_gmt":"2010-01-11T10:26:56","guid":{"rendered":"http:\/\/biz75.inmotionhosting.com\/~mounta38\/contact\/"},"modified":"2024-04-18T13:12:44","modified_gmt":"2024-04-18T10:12:44","slug":"contact-iulian-cozma","status":"publish","type":"page","link":"https:\/\/www.mountainguide.ro\/de\/rumanischer-bergfuhrer-fur-bergwanderungen-in-den-rumanischen-bergen\/","title":{"rendered":"Rum\u00e4nischer Bergf\u00fchrer f\u00fcr Bergwanderungen in den rum\u00e4nischen Bergen"},"content":{"rendered":"<p><strong>Daten der Agentur:<\/strong><br \/>\n<strong>Name<\/strong>: Iulian Cozma outdoor adventures<br \/>\n<strong>Gruendungjahr<\/strong>: 2001<br \/>\n<strong>Innhaber<\/strong>: Iulian Cozma<br \/>\n<strong>Umsatzsteueridentifikationsnummer<\/strong>: 14370100<br \/>\n<strong>Bureau Anschrift<\/strong>:\u00a0Step by Step Agency gmbh, 2\/7, Napoca\u00a0str, Brasov 500092, Rumaenien<br \/>\n<strong>E-mail<\/strong>:\u00a0<a href=\"mailto:contact@mountainguide.ro\">contact@mountainguide.ro<\/a><br \/>\n<strong>Mobil<\/strong>: +40 744 327 686<br \/>\n<strong>Agentur Lizenz Nummer<\/strong>: 1669, ausgestellt vom Rumaenischen Touristenamt<br \/>\n<strong>Versicherungsschein ausgestellt vom<\/strong>: Omniasig I 55585 g\u00fcltig bis zum 10.02.2025<\/p>\n<p><strong>Name<\/strong>: Iulian Cozma<br \/>\n<strong>Beruf<\/strong>: Ingenieur der Elektrotechnik<br \/>\n<strong>Beschaeftigung<\/strong>: ausgebildeter Bergfuehrer<br \/>\n<strong>Ausbildung und Beglaubigung<\/strong>: Touristen Fuehrer<br \/>\n<strong>Beglaubigungsnummer<\/strong>: 0170\/20.10.1999<br \/>\n<strong>Ausgestellt vom<\/strong>: Rumaenischen Touristenamt\u00a0 und vom Verein der Rumaenischen Bergfuehrer<\/p>\n<hr size=\"1\" \/><\/p>","protected":false},"excerpt":{"rendered":"<p>Daten der Agentur: Name: Iulian Cozma outdoor adventures Gruendungjahr: 2001 Innhaber: Iulian Cozma Umsatzsteueridentifikationsnummer: 14370100 Bureau Anschrift:\u00a0Step by Step Agency gmbh, 2\/7, Napoca\u00a0str, Brasov 500092, Rumaenien E-mail:\u00a0contact@mountainguide.ro Mobil: +40 744 327 686 Agentur Lizenz Nummer: 1669, ausgestellt vom Rumaenischen Touristenamt Versicherungsschein ausgestellt vom: Omniasig I 55585 g\u00fcltig bis zum 10.02.2025 Name: Iulian Cozma Beruf: Ingenieur&#8230;  <a class=\"excerpt-read-more\" href=\"https:\/\/www.mountainguide.ro\/de\/rumanischer-bergfuhrer-fur-bergwanderungen-in-den-rumanischen-bergen\/\" title=\"Read Rum\u00e4nischer Bergf\u00fchrer f\u00fcr Bergwanderungen in den rum\u00e4nischen Bergen\">Weiter &raquo;<\/a><\/p>\n","protected":false},"author":3,"featured_media":0,"parent":0,"menu_order":20,"comment_status":"open","ping_status":"closed","template":"","meta":{"footnotes":""},"tags":[],"class_list":["post-8","page","type-page","status-publish","hentry"],"yoast_head":"<!-- This site is optimized with the Yoast SEO plugin v27.5 - https:\/\/yoast.com\/product\/yoast-seo-wordpress\/ -->\n<title>Rum\u00e4nischer Bergf\u00fchrer f\u00fcr Bergwanderungen in den rum\u00e4nischen Bergen - mountainguide.ro<\/title>\n<meta name=\"description\" content=\"Professional mountain guide for Romanian mountains, hiking, ski touring and mountainbiking tours, all year around.\" \/>\n<meta name=\"robots\" content=\"index, follow, max-snippet:-1, max-image-preview:large, max-video-preview:-1\" \/>\n<link rel=\"canonical\" href=\"https:\/\/www.mountainguide.ro\/de\/romanian-mountain-guide-for-hiking-tours-in-romanian-mountains\/\" \/>\n<meta property=\"og:locale\" content=\"de_DE\" \/>\n<meta property=\"og:type\" content=\"article\" \/>\n<meta property=\"og:title\" content=\"Rum\u00e4nischer Bergf\u00fchrer f\u00fcr Bergwanderungen in den rum\u00e4nischen Bergen - mountainguide.ro\" \/>\n<meta property=\"og:description\" content=\"Professional mountain guide for Romanian mountains, hiking, ski touring and mountainbiking tours, all year around.\" \/>\n<meta property=\"og:url\" content=\"http:\/\/www.mountainguide.ro\/de\/romanian-mountain-guide-for-hiking-tours-in-romanian-mountains\/\" \/>\n<meta property=\"og:site_name\" content=\"Bergf\u00fchrer f\u00fcr Bergtouren in den rum\u00e4nischen Bergen\" \/>\n<meta property=\"article:publisher\" content=\"https:\/\/www.facebook.com\/mountainguide.ro\/\" \/>\n<meta property=\"article:modified_time\" content=\"2024-04-18T10:12:44+00:00\" \/>\n<meta name=\"twitter:card\" content=\"summary_large_image\" \/>\n<meta name=\"twitter:label1\" content=\"Gesch\u00e4tzte Lesezeit\" \/>\n\t<meta name=\"twitter:data1\" content=\"1\u00a0Minute\" \/>\n<script type=\"application\/ld+json\" class=\"yoast-schema-graph\">{\"@context\":\"https:\\\/\\\/schema.org\",\"@graph\":[{\"@type\":\"WebPage\",\"@id\":\"https:\\\/\\\/www.mountainguide.ro\\\/de\\\/romanian-mountain-guide-for-hiking-tours-in-romanian-mountains\\\/\",\"url\":\"https:\\\/\\\/www.mountainguide.ro\\\/de\\\/romanian-mountain-guide-for-hiking-tours-in-romanian-mountains\\\/\",\"name\":\"Rum\u00e4nischer Bergf\u00fchrer f\u00fcr Bergwanderungen in den rum\u00e4nischen Bergen - mountainguide.ro\",\"isPartOf\":{\"@id\":\"https:\\\/\\\/www.mountainguide.ro\\\/de\\\/#website\"},\"datePublished\":\"2010-01-11T10:26:56+00:00\",\"dateModified\":\"2024-04-18T10:12:44+00:00\",\"description\":\"Professional mountain guide for Romanian mountains, hiking, ski touring and mountainbiking tours, all year around.\",\"breadcrumb\":{\"@id\":\"https:\\\/\\\/www.mountainguide.ro\\\/de\\\/romanian-mountain-guide-for-hiking-tours-in-romanian-mountains\\\/#breadcrumb\"},\"inLanguage\":\"de\",\"potentialAction\":[{\"@type\":\"ReadAction\",\"target\":[[\"https:\\\/\\\/www.mountainguide.ro\\\/de\\\/romanian-mountain-guide-for-hiking-tours-in-romanian-mountains\\\/\"]]}]},{\"@type\":\"BreadcrumbList\",\"@id\":\"https:\\\/\\\/www.mountainguide.ro\\\/de\\\/romanian-mountain-guide-for-hiking-tours-in-romanian-mountains\\\/#breadcrumb\",\"itemListElement\":[{\"@type\":\"ListItem\",\"position\":1,\"name\":\"Home\",\"item\":\"https:\\\/\\\/www.mountainguide.ro\\\/de\\\/\"},{\"@type\":\"ListItem\",\"position\":2,\"name\":\"Romanian mountain guide for hiking tours in Romanian mountains\"}]},{\"@type\":\"WebSite\",\"@id\":\"https:\\\/\\\/www.mountainguide.ro\\\/de\\\/#website\",\"url\":\"https:\\\/\\\/www.mountainguide.ro\\\/de\\\/\",\"name\":\"Bergf\u00fchrer f\u00fcr Bergtouren in den rum\u00e4nischen Bergen\",\"description\":\"Trekking, Wandern, Skitouren in Rum\u00e4nien\",\"potentialAction\":[{\"@type\":\"SearchAction\",\"target\":{\"@type\":\"EntryPoint\",\"urlTemplate\":\"https:\\\/\\\/www.mountainguide.ro\\\/de\\\/?s={search_term_string}\"},\"query-input\":{\"@type\":\"PropertyValueSpecification\",\"valueRequired\":true,\"valueName\":\"search_term_string\"}}],\"inLanguage\":\"de\"}]}<\/script>\n<!-- \/ Yoast SEO plugin. -->","yoast_head_json":{"title":"Rum\u00e4nischer Bergf\u00fchrer f\u00fcr Bergwanderungen in den rum\u00e4nischen Bergen - mountainguide.ro","description":"Professional mountain guide for Romanian mountains, hiking, ski touring and mountainbiking tours, all year around.","robots":{"index":"index","follow":"follow","max-snippet":"max-snippet:-1","max-image-preview":"max-image-preview:large","max-video-preview":"max-video-preview:-1"},"canonical":"https:\/\/www.mountainguide.ro\/de\/romanian-mountain-guide-for-hiking-tours-in-romanian-mountains\/","og_locale":"de_DE","og_type":"article","og_title":"Rum\u00e4nischer Bergf\u00fchrer f\u00fcr Bergwanderungen in den rum\u00e4nischen Bergen - mountainguide.ro","og_description":"Professional mountain guide for Romanian mountains, hiking, ski touring and mountainbiking tours, all year around.","og_url":"http:\/\/www.mountainguide.ro\/de\/romanian-mountain-guide-for-hiking-tours-in-romanian-mountains\/","og_site_name":"Bergf\u00fchrer f\u00fcr Bergtouren in den rum\u00e4nischen Bergen","article_publisher":"https:\/\/www.facebook.com\/mountainguide.ro\/","article_modified_time":"2024-04-18T10:12:44+00:00","twitter_card":"summary_large_image","twitter_misc":{"Gesch\u00e4tzte Lesezeit":"1\u00a0Minute"},"schema":{"@context":"https:\/\/schema.org","@graph":[{"@type":"WebPage","@id":"https:\/\/www.mountainguide.ro\/de\/romanian-mountain-guide-for-hiking-tours-in-romanian-mountains\/","url":"https:\/\/www.mountainguide.ro\/de\/romanian-mountain-guide-for-hiking-tours-in-romanian-mountains\/","name":"Rum\u00e4nischer Bergf\u00fchrer f\u00fcr Bergwanderungen in den rum\u00e4nischen Bergen - mountainguide.ro","isPartOf":{"@id":"https:\/\/www.mountainguide.ro\/de\/#website"},"datePublished":"2010-01-11T10:26:56+00:00","dateModified":"2024-04-18T10:12:44+00:00","description":"Professional mountain guide for Romanian mountains, hiking, ski touring and mountainbiking tours, all year around.","breadcrumb":{"@id":"https:\/\/www.mountainguide.ro\/de\/romanian-mountain-guide-for-hiking-tours-in-romanian-mountains\/#breadcrumb"},"inLanguage":"de","potentialAction":[{"@type":"ReadAction","target":[["https:\/\/www.mountainguide.ro\/de\/romanian-mountain-guide-for-hiking-tours-in-romanian-mountains\/"]]}]},{"@type":"BreadcrumbList","@id":"https:\/\/www.mountainguide.ro\/de\/romanian-mountain-guide-for-hiking-tours-in-romanian-mountains\/#breadcrumb","itemListElement":[{"@type":"ListItem","position":1,"name":"Home","item":"https:\/\/www.mountainguide.ro\/de\/"},{"@type":"ListItem","position":2,"name":"Romanian mountain guide for hiking tours in Romanian mountains"}]},{"@type":"WebSite","@id":"https:\/\/www.mountainguide.ro\/de\/#website","url":"https:\/\/www.mountainguide.ro\/de\/","name":"Bergf\u00fchrer f\u00fcr Bergtouren in den rum\u00e4nischen Bergen","description":"Trekking, Wandern, Skitouren in Rum\u00e4nien","potentialAction":[{"@type":"SearchAction","target":{"@type":"EntryPoint","urlTemplate":"https:\/\/www.mountainguide.ro\/de\/?s={search_term_string}"},"query-input":{"@type":"PropertyValueSpecification","valueRequired":true,"valueName":"search_term_string"}}],"inLanguage":"de"}]}},"_links":{"self":[{"href":"https:\/\/www.mountainguide.ro\/de\/wp-json\/wp\/v2\/pages\/8","targetHints":{"allow":["GET"]}}],"collection":[{"href":"https:\/\/www.mountainguide.ro\/de\/wp-json\/wp\/v2\/pages"}],"about":[{"href":"https:\/\/www.mountainguide.ro\/de\/wp-json\/wp\/v2\/types\/page"}],"author":[{"embeddable":true,"href":"https:\/\/www.mountainguide.ro\/de\/wp-json\/wp\/v2\/users\/3"}],"replies":[{"embeddable":true,"href":"https:\/\/www.mountainguide.ro\/de\/wp-json\/wp\/v2\/comments?post=8"}],"version-history":[{"count":27,"href":"https:\/\/www.mountainguide.ro\/de\/wp-json\/wp\/v2\/pages\/8\/revisions"}],"predecessor-version":[{"id":15205,"href":"https:\/\/www.mountainguide.ro\/de\/wp-json\/wp\/v2\/pages\/8\/revisions\/15205"}],"wp:attachment":[{"href":"https:\/\/www.mountainguide.ro\/de\/wp-json\/wp\/v2\/media?parent=8"}],"wp:term":[{"taxonomy":"post_tag","embeddable":true,"href":"https:\/\/www.mountainguide.ro\/de\/wp-json\/wp\/v2\/tags?post=8"}],"curies":[{"name":"wp","href":"https:\/\/api.w.org\/{rel}","templated":true}]}}