{"id":347,"date":"2010-01-13T13:57:08","date_gmt":"2010-01-13T13:57:08","guid":{"rendered":"http:\/\/ecbiz76.inmotionhosting.com\/~mounta38\/?page_id=347"},"modified":"2022-01-11T21:08:54","modified_gmt":"2022-01-11T19:08:54","slug":"mountainbiking-in-romania","status":"publish","type":"page","link":"https:\/\/www.mountainguide.ro\/de\/mountainbike-in-rumaenien\/","title":{"rendered":"Mountainbiking in Rum\u00e4nien"},"content":{"rendered":"<p><\/p>\n<div class=\"video-responsive-container\"><iframe loading=\"lazy\" src=\"https:\/\/www.youtube.com\/embed\/m6qPypnLkyk\" width=\"560\" height=\"315\" frameborder=\"0\" allowfullscreen=\"allowfullscreen\"><\/iframe><\/div>\n<p>Sind Sie auf der Suche nach einem neuen, aufregenden Mountainbike Erlebnis? Eines das Sie vom normalen Weg abbringt, frei von Touristen aber trotzdem in Reichweite ist? Sehnen Sie sich nach einer fesselnden Tour durch einer wilden, unber\u00fchrten Landschaft, mit zahlreichen Flowpunkten aber auch mit Fahrten \u00fcber Fels und Wurzel? Oder nach gem\u00fctlichen Unterk\u00fcnften mit tollem Essen und professioneller F\u00fchrung und Organisation?<\/p>\n<p>Willkommen in <strong>Siebenb\u00fcrgens S\u00fcdkarpaten, Rum\u00e4nien<\/strong>, ein echtes M\u00e4rchenland f\u00fcr Mountainbike Enthusiasten!<\/p>\n<p><strong>Highlights<\/strong><\/p>\n<ul>\n<li><strong>Pures Alpin-Gebiet<\/strong>: das Naturpark Butschetsch (auf rum\u00e4nisch: Bucegi), der K\u00f6nigsstein Nationalpark (auf rum\u00e4nisch: Piatra Craiului), der Schuler (auf rum\u00e4nisch: Postavaru), das Ciucas Gebirge, u.s.w. Gro\u00dfe Naturvielfalt und verschiedene, anpassbare Touren-M\u00f6glichkeiten in ein relativ kleines Gebiet, mit H\u00f6hen zwischen 600m und 2500m;<\/li>\n<li><strong>Ein umfassendes Netz <\/strong>alter Begsteiger-Routen, sehr gut f\u00fcr Mountainbiking geeignet;<\/li>\n<li><strong>Relativ wenig Leute <\/strong>am Weg (Bergsteiger oder Mountainbiker);<\/li>\n<li><strong>Leichter Zugang vom Flughafen <\/strong>(aus Bukarest oder Hermannstadt\/Sibiu) oder selbst Fahren aus Zentraleuropa (z.B. 10 S\u00fcdkarpatenStunden Fahrzeit aus Wien bis Kronstadt\/Brasov);<\/li>\n<li>Eine wndersch\u00f6ne<strong> historische Stadt <\/strong>(Kronstadt\/Brasov) mitten im Herzen der Region gelegen, mit gesch\u00e4tzten Restaurants, kleinen, netten Caff\u00e9s und schnell erreichbaren Routen.<\/li>\n<li>Typisches <strong>trockenes Kontinentalklima<\/strong> mit einer langen Mountainbike Saison, ab Anfang April bis Mitte Oktober.<\/li>\n<li>Nat\u00fcrliches Landleben im tradionellen Stil am Fu\u00dfe der Berge: Sie werden an Heuscheunen und Tierst\u00e4llen vorbeifahren und frisch gemachtes K\u00e4se direkt vom Bauer kosten k\u00f6nnen, oder Sie k\u00f6nnten auch ein paar Steinpilze f\u00fcr das Abendmahl sammeln;<\/li>\n<li>Nahe an <strong>historischen und touristischen Meilensteinen<\/strong>, wie Schloss Bran (Dracula\u2019s Schloss), Schloss Pele\u0219, s\u00e4chsische D\u00f6rfer und Wehrburgen.<\/li>\n<\/ul>\n<p>Wir haben <strong>\u00fcber 20 Jahre Erfahrung<\/strong> in der Planung von Freizeit-Aktivit\u00e4ten und <strong>\u00fcber 10 Jahre Erfahrung<\/strong>\u00a0 in gef\u00fchrten Mountainbike Touren. Ein wichtiger Teil unseres Erfolges ist unsere Anpassungsf\u00e4higkeit.\u00a0 Wir setzen das Touren-Programm aufgrund Kunden-Anforderungen, Wetterbedingungen, u.s.w., zusammen. Dabei kommt Sicherheit immer an erster Stelle, so da\u00df Sie Ihre Ferien auch sorglos geniessen k\u00f6nnen.<\/p>\n<p><strong>Was wir anbieten:<\/strong><\/p>\n<ul>\n<li>Kurze Mountainbike Touren, entweder Wochenend-Touren mit Freunden, oder vielleicht passen zwei Tage Radfahren in Ihrer Gesch\u00e4ftsreise ein?<\/li>\n<li>All-Inclusive, einw\u00f6chige Mountainbike Touren, angepasst f\u00fcr Ihre Gruppe, oder offene Touren f\u00fcr individuelle Touristen. Das <strong>Bucegi Zirkuit<\/strong>, die <strong>Transylvanischen Alpen<\/strong> Tour oder das <strong>Carpat MTB Enduro<\/strong> sind einige der bevorzugsten Touren unserer Touristen (mehr dazu hier: <a href=\"http:\/\/www.mtbtours.ro\/en\/\">http:\/\/www.mtbtours.ro\/en\/<\/a>)<\/li>\n<li>Individuell gestaltete MTB Touren: teilen Sie uns Ihr Niveau mit, wie lange Sie hier bleiben, die Anzahl der Teilnehmer und wir schicken Ihnen unser bestes Touren-Angebot.<\/li>\n<li>Kombinierte-Touren: f\u00fcr eklektischere Gruppen, k\u00f6nnen wir Mountainbiking mit Trail Running, Trekking oder kulturelle Besuche kombinieren. Das ist ideal f\u00fcr eine Gruppe von Freunden, die sich nicht unbedingt f\u00fcr die gleichen Freizeit-Aktivit\u00e4ten begeistern, aber welche trotzdem sch\u00f6ne, aktive Ferien zusammen verbringen wollen.<\/li>\n<\/ul>\n<p>M\u00f6chten Sie mehr erfahren? Gehen Sie bitte auf unsere Kontakt Seite und schicken Sie uns eine Anfrage, oder f\u00fcllen Sie gleich das Formular auf <a href=\"http:\/\/www.mtbtours.ro\/en\/contact\/\">http:\/\/www.mtbtours.ro\/en\/contact\/<\/a> , aus.<\/p>","protected":false},"excerpt":{"rendered":"<p>Sind Sie auf der Suche nach einem neuen, aufregenden Mountainbike Erlebnis? Eines das Sie vom normalen Weg abbringt, frei von Touristen aber trotzdem in Reichweite ist? Sehnen Sie sich nach einer fesselnden Tour durch einer wilden, unber\u00fchrten Landschaft, mit zahlreichen Flowpunkten aber auch mit Fahrten \u00fcber Fels und Wurzel? Oder nach gem\u00fctlichen Unterk\u00fcnften mit tollem&#8230;  <a class=\"excerpt-read-more\" href=\"https:\/\/www.mountainguide.ro\/de\/mountainbike-in-rumaenien\/\" title=\"Read Mountainbiking in Rum\u00e4nien\">Weiter &raquo;<\/a><\/p>\n","protected":false},"author":3,"featured_media":0,"parent":0,"menu_order":11,"comment_status":"open","ping_status":"closed","template":"","meta":{"footnotes":""},"tags":[1062,301,1065,18,16,1073,166,423,1060,1059,1072,1074,1064,289,740,108,300,803,1058,9,225,1063,1076,1077,35,291,1075,50,436,63,180,128,1078,1061],"class_list":["post-347","page","type-page","status-publish","hentry","tag-adventure","tag-all-mountain","tag-all-inclusive","tag-brasov","tag-bucegi","tag-butschegschi","tag-carpathians","tag-ciucas","tag-cross-country","tag-enduro","tag-erlebnis","tag-gefuhrt","tag-guided","tag-karpaten","tag-konigsstein","tag-kronstadt","tag-mountain-biking","tag-mountainbiking","tag-mtb","tag-piatra-craiului","tag-postavaru","tag-program","tag-programm","tag-reise","tag-romania","tag-rumanien","tag-schuler","tag-siebenburgen","tag-south-carpathians","tag-tour","tag-transilvania","tag-transylvania","tag-transylvanien","tag-trip"],"yoast_head":"<!-- This site is optimized with the Yoast SEO plugin v27.3 - https:\/\/yoast.com\/product\/yoast-seo-wordpress\/ -->\n<title>Mountainbiking in Rum\u00e4nien - mountainguide.ro<\/title>\n<meta name=\"robots\" content=\"index, follow, max-snippet:-1, max-image-preview:large, max-video-preview:-1\" \/>\n<link rel=\"canonical\" href=\"https:\/\/www.mountainguide.ro\/de\/mountainbiking-in-romania\/\" \/>\n<meta property=\"og:locale\" content=\"de_DE\" \/>\n<meta property=\"og:type\" content=\"article\" \/>\n<meta property=\"og:title\" content=\"Mountainbiking in Rum\u00e4nien - mountainguide.ro\" \/>\n<meta property=\"og:description\" content=\"The Carpathian Mountains in South Transylvania, Romania, a true wonderland for mtb addicts. Join our all-inclusive, full-week or custom trips.\" \/>\n<meta property=\"og:url\" content=\"http:\/\/www.mountainguide.ro\/de\/mountainbiking-in-romania\/\" \/>\n<meta property=\"og:site_name\" content=\"Bergf\u00fchrer f\u00fcr Bergtouren in den rum\u00e4nischen Bergen\" \/>\n<meta property=\"article:publisher\" content=\"https:\/\/www.facebook.com\/mountainguide.ro\/\" \/>\n<meta property=\"article:modified_time\" content=\"2022-01-11T19:08:54+00:00\" \/>\n<meta name=\"twitter:card\" content=\"summary_large_image\" \/>\n<meta name=\"twitter:label1\" content=\"Gesch\u00e4tzte Lesezeit\" \/>\n\t<meta name=\"twitter:data1\" content=\"7\u00a0Minuten\" \/>\n<script type=\"application\/ld+json\" class=\"yoast-schema-graph\">{\"@context\":\"https:\\\/\\\/schema.org\",\"@graph\":[{\"@type\":\"WebPage\",\"@id\":\"https:\\\/\\\/www.mountainguide.ro\\\/de\\\/mountainbiking-in-romania\\\/\",\"url\":\"https:\\\/\\\/www.mountainguide.ro\\\/de\\\/mountainbiking-in-romania\\\/\",\"name\":\"Mountainbiking in Rum\u00e4nien - mountainguide.ro\",\"isPartOf\":{\"@id\":\"https:\\\/\\\/www.mountainguide.ro\\\/de\\\/#website\"},\"datePublished\":\"2010-01-13T13:57:08+00:00\",\"dateModified\":\"2022-01-11T19:08:54+00:00\",\"breadcrumb\":{\"@id\":\"https:\\\/\\\/www.mountainguide.ro\\\/de\\\/mountainbiking-in-romania\\\/#breadcrumb\"},\"inLanguage\":\"de\",\"potentialAction\":[{\"@type\":\"ReadAction\",\"target\":[[\"https:\\\/\\\/www.mountainguide.ro\\\/de\\\/mountainbiking-in-romania\\\/\"]]}]},{\"@type\":\"BreadcrumbList\",\"@id\":\"https:\\\/\\\/www.mountainguide.ro\\\/de\\\/mountainbiking-in-romania\\\/#breadcrumb\",\"itemListElement\":[{\"@type\":\"ListItem\",\"position\":1,\"name\":\"Home\",\"item\":\"https:\\\/\\\/www.mountainguide.ro\\\/de\\\/\"},{\"@type\":\"ListItem\",\"position\":2,\"name\":\"Mountainbiking in Romania\"}]},{\"@type\":\"WebSite\",\"@id\":\"https:\\\/\\\/www.mountainguide.ro\\\/de\\\/#website\",\"url\":\"https:\\\/\\\/www.mountainguide.ro\\\/de\\\/\",\"name\":\"Bergf\u00fchrer f\u00fcr Bergtouren in den rum\u00e4nischen Bergen\",\"description\":\"Trekking, Wandern, Skitouren in Rum\u00e4nien\",\"potentialAction\":[{\"@type\":\"SearchAction\",\"target\":{\"@type\":\"EntryPoint\",\"urlTemplate\":\"https:\\\/\\\/www.mountainguide.ro\\\/de\\\/?s={search_term_string}\"},\"query-input\":{\"@type\":\"PropertyValueSpecification\",\"valueRequired\":true,\"valueName\":\"search_term_string\"}}],\"inLanguage\":\"de\"}]}<\/script>\n<!-- \/ Yoast SEO plugin. -->","yoast_head_json":{"title":"Mountainbiking in Rum\u00e4nien - mountainguide.ro","robots":{"index":"index","follow":"follow","max-snippet":"max-snippet:-1","max-image-preview":"max-image-preview:large","max-video-preview":"max-video-preview:-1"},"canonical":"https:\/\/www.mountainguide.ro\/de\/mountainbiking-in-romania\/","og_locale":"de_DE","og_type":"article","og_title":"Mountainbiking in Rum\u00e4nien - mountainguide.ro","og_description":"The Carpathian Mountains in South Transylvania, Romania, a true wonderland for mtb addicts. Join our all-inclusive, full-week or custom trips.","og_url":"http:\/\/www.mountainguide.ro\/de\/mountainbiking-in-romania\/","og_site_name":"Bergf\u00fchrer f\u00fcr Bergtouren in den rum\u00e4nischen Bergen","article_publisher":"https:\/\/www.facebook.com\/mountainguide.ro\/","article_modified_time":"2022-01-11T19:08:54+00:00","twitter_card":"summary_large_image","twitter_misc":{"Gesch\u00e4tzte Lesezeit":"7\u00a0Minuten"},"schema":{"@context":"https:\/\/schema.org","@graph":[{"@type":"WebPage","@id":"https:\/\/www.mountainguide.ro\/de\/mountainbiking-in-romania\/","url":"https:\/\/www.mountainguide.ro\/de\/mountainbiking-in-romania\/","name":"Mountainbiking in Rum\u00e4nien - mountainguide.ro","isPartOf":{"@id":"https:\/\/www.mountainguide.ro\/de\/#website"},"datePublished":"2010-01-13T13:57:08+00:00","dateModified":"2022-01-11T19:08:54+00:00","breadcrumb":{"@id":"https:\/\/www.mountainguide.ro\/de\/mountainbiking-in-romania\/#breadcrumb"},"inLanguage":"de","potentialAction":[{"@type":"ReadAction","target":[["https:\/\/www.mountainguide.ro\/de\/mountainbiking-in-romania\/"]]}]},{"@type":"BreadcrumbList","@id":"https:\/\/www.mountainguide.ro\/de\/mountainbiking-in-romania\/#breadcrumb","itemListElement":[{"@type":"ListItem","position":1,"name":"Home","item":"https:\/\/www.mountainguide.ro\/de\/"},{"@type":"ListItem","position":2,"name":"Mountainbiking in Romania"}]},{"@type":"WebSite","@id":"https:\/\/www.mountainguide.ro\/de\/#website","url":"https:\/\/www.mountainguide.ro\/de\/","name":"Bergf\u00fchrer f\u00fcr Bergtouren in den rum\u00e4nischen Bergen","description":"Trekking, Wandern, Skitouren in Rum\u00e4nien","potentialAction":[{"@type":"SearchAction","target":{"@type":"EntryPoint","urlTemplate":"https:\/\/www.mountainguide.ro\/de\/?s={search_term_string}"},"query-input":{"@type":"PropertyValueSpecification","valueRequired":true,"valueName":"search_term_string"}}],"inLanguage":"de"}]}},"_links":{"self":[{"href":"https:\/\/www.mountainguide.ro\/de\/wp-json\/wp\/v2\/pages\/347","targetHints":{"allow":["GET"]}}],"collection":[{"href":"https:\/\/www.mountainguide.ro\/de\/wp-json\/wp\/v2\/pages"}],"about":[{"href":"https:\/\/www.mountainguide.ro\/de\/wp-json\/wp\/v2\/types\/page"}],"author":[{"embeddable":true,"href":"https:\/\/www.mountainguide.ro\/de\/wp-json\/wp\/v2\/users\/3"}],"replies":[{"embeddable":true,"href":"https:\/\/www.mountainguide.ro\/de\/wp-json\/wp\/v2\/comments?post=347"}],"version-history":[{"count":30,"href":"https:\/\/www.mountainguide.ro\/de\/wp-json\/wp\/v2\/pages\/347\/revisions"}],"predecessor-version":[{"id":15073,"href":"https:\/\/www.mountainguide.ro\/de\/wp-json\/wp\/v2\/pages\/347\/revisions\/15073"}],"wp:attachment":[{"href":"https:\/\/www.mountainguide.ro\/de\/wp-json\/wp\/v2\/media?parent=347"}],"wp:term":[{"taxonomy":"post_tag","embeddable":true,"href":"https:\/\/www.mountainguide.ro\/de\/wp-json\/wp\/v2\/tags?post=347"}],"curies":[{"name":"wp","href":"https:\/\/api.w.org\/{rel}","templated":true}]}}