{"id":33,"date":"2010-01-11T11:28:04","date_gmt":"2010-01-11T11:28:04","guid":{"rendered":"http:\/\/biz75.inmotionhosting.com\/~mounta38\/my-team\/"},"modified":"2016-04-04T14:33:51","modified_gmt":"2016-04-04T11:33:51","slug":"romanian-mountain-guides","status":"publish","type":"page","link":"https:\/\/www.mountainguide.ro\/de\/rumanisch-bergfuhrer-team\/","title":{"rendered":"Team"},"content":{"rendered":"<p>Dieses ist das Profi Bergf\u00fchrer Team welche sie auf ihren Touren begleiten werden.<\/p>\n<div id=\"attachment_10617\" style=\"width: 197px\" class=\"wp-caption alignleft\"><img loading=\"lazy\" decoding=\"async\" aria-describedby=\"caption-attachment-10617\" class=\"size-full wp-image-10617\" src=\"http:\/\/www.mountainguide.ro\/wp-content\/uploads\/2010\/01\/iulian-cozma9.jpg\" alt=\"Iulian Cozma\" width=\"187\" height=\"280\" \/><p id=\"caption-attachment-10617\" class=\"wp-caption-text\">Iulian Cozma<\/p><\/div>\n<p>I am the owner of Iulian Cozma Outdoor Adventures Travel Agency, and I work as full-time mountain guide since 1999. You will meet me on ski tours in Bucegi and Fagaras mountain, and in most hiking tours in summer time. I am also in charge with the logistics for all the tours we offer: transportation, accommodation, implementation of programs. You can say I\u2019m your caretaker during your stay in Romania. I speak English, Italian and I begin to understand and speak German :).<\/p>\n<div id=\"attachment_10364\" style=\"width: 197px\" class=\"wp-caption alignright\"><img loading=\"lazy\" decoding=\"async\" aria-describedby=\"caption-attachment-10364\" class=\" wp-image-10364\" src=\"http:\/\/www.mountainguide.ro\/wp-content\/uploads\/2010\/01\/horia-marusca.jpg\" alt=\"Horia Marusca\" width=\"187\" height=\"280\" \/><p id=\"caption-attachment-10364\" class=\"wp-caption-text\">Horia Marusca<\/p><\/div>\n<p>Horia ist ein amtlich anerkannter Bergf\u00fchrer seit 1998. Er arbeitet haupts\u00e4chlich im kreativen Bereich \u2013 Fotografie, Graphik-Design, Videobearbeitung \u2013 aber er ist ein Mann der Berge, jederzeit zum aufbrechen bereit. Er sch\u00e4tzt die Abwechslung welche durch die verschiedenen T\u00e4tigkeiten geboten wird. Horia wird sie gerne in den Bergen begleiten, insbesondere wenn sie am Radfahren interessiert sind: Radtouren werden hier neu angeboten und er ist begierig darauf zu zeigen was f\u00fcr ein wundersch\u00f6ner Standort Rum\u00e4nien f\u00fcr Mountainbiking ist. Er hat die Journalismus Universit\u00e4t in Bukarest abgeschlossen wo er auch einige Jahre gelebt hat. Zur Zeit wohnt er in Kronstadt (Bra\u015fov) und ich bin froh und stolz mit ihm zusammen zu arbeiten. Ich arbeite mit Horia seit 2003. Er wird sie auf Wander-, Trekking-, Foto-, und Mountainbike-Touren begleiten. Er spricht Englisch und Franz\u00f6sisch.<\/p>\n<div id=\"attachment_10326\" style=\"width: 197px\" class=\"wp-caption alignleft\"><a href=\"http:\/\/www.mountainguide.ro\/wp-content\/uploads\/2010\/01\/mihai-constantenec.jpg\" rel=\"lightbox[33]\"><img loading=\"lazy\" decoding=\"async\" aria-describedby=\"caption-attachment-10326\" class=\"size-full wp-image-10326 \" title=\"Mihai Constantenec\" src=\"http:\/\/www.mountainguide.ro\/wp-content\/uploads\/2010\/01\/mihai-constantenec.jpg\" alt=\"Mihai Constantenec\" width=\"187\" height=\"280\" \/><\/a><p id=\"caption-attachment-10326\" class=\"wp-caption-text\">Mihai Constantenec<\/p><\/div>\n<p>Ich habe Mihai Constantenec im Jahr 2000 kennengelernt, als er in Kronstadt die Sporthochschule begonnen hat. Er hat den Bergf\u00fchrerkurs 2005 abgeschlossen, geht haupts\u00e4chlich Bergwandern und Mountainbiken, aber Tourenskifahren ist ihm auch nicht fremd. Er ist ein geselliger Mensch, manchmal ein wenig scheu, aber er weiss sehr gut was er zu tun hat. Versuchen sie nicht ihn sportlich herauszufordern da er sich in einer sehr guten K\u00f6rperlichen Verfassung befindet und an verschiedenen Tourenski-, Mountainbike- und Adventureracing-Rennen teilnimmt. Sie werden ihn auf Bergwanderungen und Mountainbike-Touren antreffen. Er spricht Englisch und Deutsch.<\/p>","protected":false},"excerpt":{"rendered":"<p>Dieses ist das Profi Bergf\u00fchrer Team welche sie auf ihren Touren begleiten werden. I am the owner of Iulian Cozma Outdoor Adventures Travel Agency, and I work as full-time mountain guide since 1999. You will meet me on ski tours in Bucegi and Fagaras mountain, and in most hiking tours in summer time. I am&#8230;  <a class=\"excerpt-read-more\" href=\"https:\/\/www.mountainguide.ro\/de\/rumanisch-bergfuhrer-team\/\" title=\"Read Team\">Weiter &raquo;<\/a><\/p>\n","protected":false},"author":3,"featured_media":0,"parent":0,"menu_order":30,"comment_status":"open","ping_status":"closed","template":"","meta":{"footnotes":""},"tags":[],"class_list":["post-33","page","type-page","status-publish","hentry"],"yoast_head":"<!-- This site is optimized with the Yoast SEO plugin v27.5 - https:\/\/yoast.com\/product\/yoast-seo-wordpress\/ -->\n<title>Team - mountainguide.ro<\/title>\n<meta name=\"robots\" content=\"index, follow, max-snippet:-1, max-image-preview:large, max-video-preview:-1\" \/>\n<link rel=\"canonical\" href=\"https:\/\/www.mountainguide.ro\/de\/ghizi-montani-profesionisti\/\" \/>\n<meta property=\"og:locale\" content=\"de_DE\" \/>\n<meta property=\"og:type\" content=\"article\" \/>\n<meta property=\"og:title\" content=\"Team - mountainguide.ro\" \/>\n<meta property=\"og:description\" content=\"Dieses ist das Profi Bergf\u00fchrer Team welche sie auf ihren Touren begleiten werden. I am the owner of Iulian Cozma Outdoor Adventures Travel Agency, and I work as full-time mountain guide since 1999. You will meet me on ski tours in Bucegi and Fagaras mountain, and in most hiking tours in summer time. I am... Weiter &raquo;\" \/>\n<meta property=\"og:url\" content=\"http:\/\/www.mountainguide.ro\/de\/ghizi-montani-profesionisti\/\" \/>\n<meta property=\"og:site_name\" content=\"Bergf\u00fchrer f\u00fcr Bergtouren in den rum\u00e4nischen Bergen\" \/>\n<meta property=\"article:publisher\" content=\"https:\/\/www.facebook.com\/mountainguide.ro\/\" \/>\n<meta property=\"article:modified_time\" content=\"2016-04-04T11:33:51+00:00\" \/>\n<meta property=\"og:image\" content=\"http:\/\/www.mountainguide.ro\/wp-content\/uploads\/2010\/01\/iulian-cozma9.jpg\" \/>\n<meta name=\"twitter:card\" content=\"summary_large_image\" \/>\n<meta name=\"twitter:label1\" content=\"Gesch\u00e4tzte Lesezeit\" \/>\n\t<meta name=\"twitter:data1\" content=\"6\u00a0Minuten\" \/>\n<script type=\"application\/ld+json\" class=\"yoast-schema-graph\">{\"@context\":\"https:\\\/\\\/schema.org\",\"@graph\":[{\"@type\":\"WebPage\",\"@id\":\"https:\\\/\\\/www.mountainguide.ro\\\/de\\\/ghizi-montani-profesionisti\\\/\",\"url\":\"https:\\\/\\\/www.mountainguide.ro\\\/de\\\/ghizi-montani-profesionisti\\\/\",\"name\":\"Team - mountainguide.ro\",\"isPartOf\":{\"@id\":\"https:\\\/\\\/www.mountainguide.ro\\\/de\\\/#website\"},\"primaryImageOfPage\":{\"@id\":\"https:\\\/\\\/www.mountainguide.ro\\\/de\\\/ghizi-montani-profesionisti\\\/#primaryimage\"},\"image\":{\"@id\":\"https:\\\/\\\/www.mountainguide.ro\\\/ro\\\/ghizi-montani-profesionisti\\\/#primaryimage\"},\"thumbnailUrl\":\"http:\\\/\\\/www.mountainguide.ro\\\/wp-content\\\/uploads\\\/2010\\\/01\\\/iulian-cozma9.jpg\",\"datePublished\":\"2010-01-11T11:28:04+00:00\",\"dateModified\":\"2016-04-04T11:33:51+00:00\",\"breadcrumb\":{\"@id\":\"https:\\\/\\\/www.mountainguide.ro\\\/de\\\/ghizi-montani-profesionisti\\\/#breadcrumb\"},\"inLanguage\":\"de\",\"potentialAction\":[{\"@type\":\"ReadAction\",\"target\":[[\"https:\\\/\\\/www.mountainguide.ro\\\/de\\\/ghizi-montani-profesionisti\\\/\"]]}]},{\"@type\":\"ImageObject\",\"inLanguage\":\"de\",\"@id\":\"https:\\\/\\\/www.mountainguide.ro\\\/de\\\/ghizi-montani-profesionisti\\\/#primaryimage\",\"url\":\"http:\\\/\\\/www.mountainguide.ro\\\/wp-content\\\/uploads\\\/2010\\\/01\\\/iulian-cozma9.jpg\",\"contentUrl\":\"http:\\\/\\\/www.mountainguide.ro\\\/wp-content\\\/uploads\\\/2010\\\/01\\\/iulian-cozma9.jpg\"},{\"@type\":\"BreadcrumbList\",\"@id\":\"https:\\\/\\\/www.mountainguide.ro\\\/de\\\/ghizi-montani-profesionisti\\\/#breadcrumb\",\"itemListElement\":[{\"@type\":\"ListItem\",\"position\":1,\"name\":\"Home\",\"item\":\"https:\\\/\\\/www.mountainguide.ro\\\/de\\\/\"},{\"@type\":\"ListItem\",\"position\":2,\"name\":\"Echipa\"}]},{\"@type\":\"WebSite\",\"@id\":\"https:\\\/\\\/www.mountainguide.ro\\\/de\\\/#website\",\"url\":\"https:\\\/\\\/www.mountainguide.ro\\\/de\\\/\",\"name\":\"Bergf\u00fchrer f\u00fcr Bergtouren in den rum\u00e4nischen Bergen\",\"description\":\"Trekking, Wandern, Skitouren in Rum\u00e4nien\",\"potentialAction\":[{\"@type\":\"SearchAction\",\"target\":{\"@type\":\"EntryPoint\",\"urlTemplate\":\"https:\\\/\\\/www.mountainguide.ro\\\/de\\\/?s={search_term_string}\"},\"query-input\":{\"@type\":\"PropertyValueSpecification\",\"valueRequired\":true,\"valueName\":\"search_term_string\"}}],\"inLanguage\":\"de\"}]}<\/script>\n<!-- \/ Yoast SEO plugin. -->","yoast_head_json":{"title":"Team - mountainguide.ro","robots":{"index":"index","follow":"follow","max-snippet":"max-snippet:-1","max-image-preview":"max-image-preview:large","max-video-preview":"max-video-preview:-1"},"canonical":"https:\/\/www.mountainguide.ro\/de\/ghizi-montani-profesionisti\/","og_locale":"de_DE","og_type":"article","og_title":"Team - mountainguide.ro","og_description":"Dieses ist das Profi Bergf\u00fchrer Team welche sie auf ihren Touren begleiten werden. I am the owner of Iulian Cozma Outdoor Adventures Travel Agency, and I work as full-time mountain guide since 1999. You will meet me on ski tours in Bucegi and Fagaras mountain, and in most hiking tours in summer time. I am... Weiter &raquo;","og_url":"http:\/\/www.mountainguide.ro\/de\/ghizi-montani-profesionisti\/","og_site_name":"Bergf\u00fchrer f\u00fcr Bergtouren in den rum\u00e4nischen Bergen","article_publisher":"https:\/\/www.facebook.com\/mountainguide.ro\/","article_modified_time":"2016-04-04T11:33:51+00:00","og_image":[{"url":"http:\/\/www.mountainguide.ro\/wp-content\/uploads\/2010\/01\/iulian-cozma9.jpg","type":"","width":"","height":""}],"twitter_card":"summary_large_image","twitter_misc":{"Gesch\u00e4tzte Lesezeit":"6\u00a0Minuten"},"schema":{"@context":"https:\/\/schema.org","@graph":[{"@type":"WebPage","@id":"https:\/\/www.mountainguide.ro\/de\/ghizi-montani-profesionisti\/","url":"https:\/\/www.mountainguide.ro\/de\/ghizi-montani-profesionisti\/","name":"Team - mountainguide.ro","isPartOf":{"@id":"https:\/\/www.mountainguide.ro\/de\/#website"},"primaryImageOfPage":{"@id":"https:\/\/www.mountainguide.ro\/de\/ghizi-montani-profesionisti\/#primaryimage"},"image":{"@id":"https:\/\/www.mountainguide.ro\/ro\/ghizi-montani-profesionisti\/#primaryimage"},"thumbnailUrl":"http:\/\/www.mountainguide.ro\/wp-content\/uploads\/2010\/01\/iulian-cozma9.jpg","datePublished":"2010-01-11T11:28:04+00:00","dateModified":"2016-04-04T11:33:51+00:00","breadcrumb":{"@id":"https:\/\/www.mountainguide.ro\/de\/ghizi-montani-profesionisti\/#breadcrumb"},"inLanguage":"de","potentialAction":[{"@type":"ReadAction","target":[["https:\/\/www.mountainguide.ro\/de\/ghizi-montani-profesionisti\/"]]}]},{"@type":"ImageObject","inLanguage":"de","@id":"https:\/\/www.mountainguide.ro\/de\/ghizi-montani-profesionisti\/#primaryimage","url":"http:\/\/www.mountainguide.ro\/wp-content\/uploads\/2010\/01\/iulian-cozma9.jpg","contentUrl":"http:\/\/www.mountainguide.ro\/wp-content\/uploads\/2010\/01\/iulian-cozma9.jpg"},{"@type":"BreadcrumbList","@id":"https:\/\/www.mountainguide.ro\/de\/ghizi-montani-profesionisti\/#breadcrumb","itemListElement":[{"@type":"ListItem","position":1,"name":"Home","item":"https:\/\/www.mountainguide.ro\/de\/"},{"@type":"ListItem","position":2,"name":"Echipa"}]},{"@type":"WebSite","@id":"https:\/\/www.mountainguide.ro\/de\/#website","url":"https:\/\/www.mountainguide.ro\/de\/","name":"Bergf\u00fchrer f\u00fcr Bergtouren in den rum\u00e4nischen Bergen","description":"Trekking, Wandern, Skitouren in Rum\u00e4nien","potentialAction":[{"@type":"SearchAction","target":{"@type":"EntryPoint","urlTemplate":"https:\/\/www.mountainguide.ro\/de\/?s={search_term_string}"},"query-input":{"@type":"PropertyValueSpecification","valueRequired":true,"valueName":"search_term_string"}}],"inLanguage":"de"}]}},"_links":{"self":[{"href":"https:\/\/www.mountainguide.ro\/de\/wp-json\/wp\/v2\/pages\/33","targetHints":{"allow":["GET"]}}],"collection":[{"href":"https:\/\/www.mountainguide.ro\/de\/wp-json\/wp\/v2\/pages"}],"about":[{"href":"https:\/\/www.mountainguide.ro\/de\/wp-json\/wp\/v2\/types\/page"}],"author":[{"embeddable":true,"href":"https:\/\/www.mountainguide.ro\/de\/wp-json\/wp\/v2\/users\/3"}],"replies":[{"embeddable":true,"href":"https:\/\/www.mountainguide.ro\/de\/wp-json\/wp\/v2\/comments?post=33"}],"version-history":[{"count":4,"href":"https:\/\/www.mountainguide.ro\/de\/wp-json\/wp\/v2\/pages\/33\/revisions"}],"predecessor-version":[{"id":12710,"href":"https:\/\/www.mountainguide.ro\/de\/wp-json\/wp\/v2\/pages\/33\/revisions\/12710"}],"wp:attachment":[{"href":"https:\/\/www.mountainguide.ro\/de\/wp-json\/wp\/v2\/media?parent=33"}],"wp:term":[{"taxonomy":"post_tag","embeddable":true,"href":"https:\/\/www.mountainguide.ro\/de\/wp-json\/wp\/v2\/tags?post=33"}],"curies":[{"name":"wp","href":"https:\/\/api.w.org\/{rel}","templated":true}]}}