{"id":31,"date":"2010-01-11T10:53:02","date_gmt":"2010-01-11T10:53:02","guid":{"rendered":"http:\/\/biz75.inmotionhosting.com\/~mounta38\/tailored-tours\/"},"modified":"2014-03-06T13:01:35","modified_gmt":"2014-03-06T11:01:35","slug":"tailor-made-tours-romania","status":"publish","type":"page","link":"https:\/\/www.mountainguide.ro\/de\/bergtouren-rumaenien\/individuell-geplante-touren-rumaenien\/","title":{"rendered":"Pers\u00f6nlich angepasste Touren"},"content":{"rendered":"<p><img loading=\"lazy\" decoding=\"async\" title=\"Buteanu gipfel in Fagaras Gebirge\" alt=\"Buteanu gipfel in Fagaras Gebirge\" src=\"http:\/\/www.mountainguide.ro\/wp-content\/uploads\/2010\/01\/tailor-made_21.jpg\" width=\"390\" height=\"261\" \/>Aus meiner Erfahrung heraus kann ich sagen, dass die Gebirgsliebhaber von \u00fcberall von der Welt, am meisten einen personalisierten Service begutachten \u2013 anders gesagt, die F\u00e4higkeit ein Programm an die W\u00fcnsche und Bed\u00fcrfnisse jeder Gruppe und jeder Route anzupassen. Aus diesem Grund sind die Touren die Sie hier auf der Webseite finden, meistens der Startpunkt f\u00fcr eine f\u00fcr Sie zugeschnittene Erfahrung durch das Karpatenland. Diese k\u00f6nnen also auf sehr genaue Bed\u00fcrfnisse eingehen und ganz bestimmte W\u00fcnsche erf\u00fcllen.<br \/>\nAbgesehen von der standardm\u00e4\u00dfigen einw\u00f6chigen Tour, welche Sie in dem Touren-Abschnitt finden werden, kann auch ein Plan f\u00fcr nur zwei Tage oder f\u00fcr zwei Wochen (oder sogar mehr) festgelegt werden. Hierbei kann der technische und der physische Schwierigkeitsgrad ganz an Sie angepasst werden. Wir k\u00f6nnen ganze Trekking- oder Skitourenprogramme, aber auch eine Kombination aus Wanderungen und Mountain Biking, Freeride mit Schneeschuhen oder auch Bergwanderungen mit kulturellen Besuchen festlegen.<br \/>\nIn den letzten Jahren haben uns Kunden gefragt ob wir Touren zwischen Rum\u00e4nien und Bulgarien \u00fcber eine l\u00e4ngere Zeitspanne verbinden k\u00f6nnen. Wir k\u00f6nnen Ihnen jetzt auch diesen grenz\u00fcbergreifenden Dienst anbieten, dieses Dank unserer guten Netzwerk-Partnern in Bulgarien.<br \/>\nWir sind dergleichen bereit f\u00fcr Sie auch andere Packete au\u00dferhalb Rum\u00e4nien anzubieten: Trekking und Bergsteigen in den peruanischen Anden (Cordillera Blanca, Macchu Picchu), Mountain Biking und schwimmen\/tauchen an ungewohnten griechischen Orten wie Kythira, Milos, Thassos oder Sithonia. Obwohl diese Dienste insbesondere an rum\u00e4nische Kunden gerichtet sind, bekommen wir sehr gerne Anfragen auch aus dem Ausland.<\/p>\n<p><img loading=\"lazy\" decoding=\"async\" title=\"Retezat Gebirge National Park in Rumanien, Bucura Zee\" alt=\"Retezat Gebirge National Park in Rumanien, Bucura Zee\" src=\"http:\/\/www.mountainguide.ro\/wp-content\/uploads\/2010\/01\/retezat-bucura3.jpg\" width=\"630\" height=\"209\" \/><br \/>\nDas Gebirge war immer eines der vorgezogenen Subjekte f\u00fcr Landschaft Fotografen. Die Luft ist reiner, das Licht ist wundervoll, die Aussicht ist gro\u00dfartig. Alle Touristen die in das rum\u00e4nische Gebirge kommen, bringen Ihre Fotoapparate mit um die eigenen Erinnerungen an die Zeit die Sie hier verbracht haben, mitnehmen zu k\u00f6nnen. Dieses unabh\u00e4ngig davon ob Sie bis zur Moldoveanu Spitze gestiegen sind oder ob Sie eine Ski-Tour im Bucegi Gebirge gemacht haben. Ein echter Fotograf m\u00f6chten aber die Dinge nicht vermischen. Er will zum richtigen Moment an der richtigen Stelle mit der richtigen Ausr\u00fcstung sein \u2013 das ist ein Punkt bei dem wir mit unserem umfassenden Wissen \u00fcber das rum\u00e4nische Gebirge und unser eigenen fotografischen Erfahrung, welche auf jeder Seite dieser Webseite veranschaulicht ist, helfen k\u00f6nnen.<\/p>","protected":false},"excerpt":{"rendered":"<p>Aus meiner Erfahrung heraus kann ich sagen, dass die Gebirgsliebhaber von \u00fcberall von der Welt, am meisten einen personalisierten Service begutachten \u2013 anders gesagt, die F\u00e4higkeit ein Programm an die W\u00fcnsche und Bed\u00fcrfnisse jeder Gruppe und jeder Route anzupassen. Aus diesem Grund sind die Touren die Sie hier auf der Webseite finden, meistens der Startpunkt&#8230;  <a class=\"excerpt-read-more\" href=\"https:\/\/www.mountainguide.ro\/de\/bergtouren-rumaenien\/individuell-geplante-touren-rumaenien\/\" title=\"Read Pers\u00f6nlich angepasste Touren\">Weiter &raquo;<\/a><\/p>\n","protected":false},"author":3,"featured_media":0,"parent":9390,"menu_order":50,"comment_status":"open","ping_status":"closed","template":"","meta":{"footnotes":""},"tags":[],"class_list":["post-31","page","type-page","status-publish","hentry"],"yoast_head":"<!-- This site is optimized with the Yoast SEO plugin v27.3 - https:\/\/yoast.com\/product\/yoast-seo-wordpress\/ -->\n<title>Tailored toursPers\u00f6nlich angepasste TourenTure adaptate - mountainguide.ro<\/title>\n<meta name=\"robots\" content=\"index, follow, max-snippet:-1, max-image-preview:large, max-video-preview:-1\" \/>\n<link rel=\"canonical\" href=\"https:\/\/www.mountainguide.ro\/de\/hiking-tours-romania\/tailor-made-hiking-tours-romania\/\" \/>\n<meta property=\"og:locale\" content=\"de_DE\" \/>\n<meta property=\"og:type\" content=\"article\" \/>\n<meta property=\"og:title\" content=\"Tailored toursPers\u00f6nlich angepasste TourenTure adaptate - mountainguide.ro\" \/>\n<meta property=\"og:description\" content=\"Aus meiner Erfahrung heraus kann ich sagen, dass die Gebirgsliebhaber von \u00fcberall von der Welt, am meisten einen personalisierten Service begutachten \u2013 anders gesagt, die F\u00e4higkeit ein Programm an die W\u00fcnsche und Bed\u00fcrfnisse jeder Gruppe und jeder Route anzupassen. Aus diesem Grund sind die Touren die Sie hier auf der Webseite finden, meistens der Startpunkt... Weiter &raquo;\" \/>\n<meta property=\"og:url\" content=\"http:\/\/www.mountainguide.ro\/de\/hiking-tours-romania\/tailor-made-hiking-tours-romania\/\" \/>\n<meta property=\"og:site_name\" content=\"Bergf\u00fchrer f\u00fcr Bergtouren in den rum\u00e4nischen Bergen\" \/>\n<meta property=\"article:publisher\" content=\"https:\/\/www.facebook.com\/mountainguide.ro\/\" \/>\n<meta property=\"article:modified_time\" content=\"2014-03-06T11:01:35+00:00\" \/>\n<meta property=\"og:image\" content=\"http:\/\/www.mountainguide.ro\/wp-content\/uploads\/2010\/01\/tailor-made_2.jpg\" \/>\n<meta name=\"twitter:card\" content=\"summary_large_image\" \/>\n<meta name=\"twitter:label1\" content=\"Gesch\u00e4tzte Lesezeit\" \/>\n\t<meta name=\"twitter:data1\" content=\"4\u00a0Minuten\" \/>\n<script type=\"application\/ld+json\" class=\"yoast-schema-graph\">{\"@context\":\"https:\\\/\\\/schema.org\",\"@graph\":[{\"@type\":\"WebPage\",\"@id\":\"https:\\\/\\\/www.mountainguide.ro\\\/de\\\/hiking-tours-romania\\\/tailor-made-hiking-tours-romania\\\/\",\"url\":\"https:\\\/\\\/www.mountainguide.ro\\\/de\\\/hiking-tours-romania\\\/tailor-made-hiking-tours-romania\\\/\",\"name\":\"Tailored toursPers\u00f6nlich angepasste TourenTure adaptate - mountainguide.ro\",\"isPartOf\":{\"@id\":\"https:\\\/\\\/www.mountainguide.ro\\\/de\\\/#website\"},\"primaryImageOfPage\":{\"@id\":\"https:\\\/\\\/www.mountainguide.ro\\\/de\\\/hiking-tours-romania\\\/tailor-made-hiking-tours-romania\\\/#primaryimage\"},\"image\":{\"@id\":\"https:\\\/\\\/www.mountainguide.ro\\\/en\\\/hiking-tours-romania\\\/tailor-made-hiking-tours-romania\\\/#primaryimage\"},\"thumbnailUrl\":\"http:\\\/\\\/www.mountainguide.ro\\\/wp-content\\\/uploads\\\/2010\\\/01\\\/tailor-made_2.jpg\",\"datePublished\":\"2010-01-11T10:53:02+00:00\",\"dateModified\":\"2014-03-06T11:01:35+00:00\",\"breadcrumb\":{\"@id\":\"https:\\\/\\\/www.mountainguide.ro\\\/de\\\/hiking-tours-romania\\\/tailor-made-hiking-tours-romania\\\/#breadcrumb\"},\"inLanguage\":\"de\",\"potentialAction\":[{\"@type\":\"ReadAction\",\"target\":[[\"https:\\\/\\\/www.mountainguide.ro\\\/de\\\/hiking-tours-romania\\\/tailor-made-hiking-tours-romania\\\/\"]]}]},{\"@type\":\"ImageObject\",\"inLanguage\":\"de\",\"@id\":\"https:\\\/\\\/www.mountainguide.ro\\\/de\\\/hiking-tours-romania\\\/tailor-made-hiking-tours-romania\\\/#primaryimage\",\"url\":\"http:\\\/\\\/www.mountainguide.ro\\\/wp-content\\\/uploads\\\/2010\\\/01\\\/tailor-made_2.jpg\",\"contentUrl\":\"http:\\\/\\\/www.mountainguide.ro\\\/wp-content\\\/uploads\\\/2010\\\/01\\\/tailor-made_2.jpg\"},{\"@type\":\"BreadcrumbList\",\"@id\":\"https:\\\/\\\/www.mountainguide.ro\\\/de\\\/hiking-tours-romania\\\/tailor-made-hiking-tours-romania\\\/#breadcrumb\",\"itemListElement\":[{\"@type\":\"ListItem\",\"position\":1,\"name\":\"Home\",\"item\":\"https:\\\/\\\/www.mountainguide.ro\\\/de\\\/\"},{\"@type\":\"ListItem\",\"position\":2,\"name\":\"Walking on the borders of old empires\",\"item\":\"https:\\\/\\\/www.mountainguide.ro\\\/de\\\/hiking-tours-romania\\\/\"},{\"@type\":\"ListItem\",\"position\":3,\"name\":\"Pers\u00f6nlich angepasste Touren\"}]},{\"@type\":\"WebSite\",\"@id\":\"https:\\\/\\\/www.mountainguide.ro\\\/de\\\/#website\",\"url\":\"https:\\\/\\\/www.mountainguide.ro\\\/de\\\/\",\"name\":\"Bergf\u00fchrer f\u00fcr Bergtouren in den rum\u00e4nischen Bergen\",\"description\":\"Trekking, Wandern, Skitouren in Rum\u00e4nien\",\"potentialAction\":[{\"@type\":\"SearchAction\",\"target\":{\"@type\":\"EntryPoint\",\"urlTemplate\":\"https:\\\/\\\/www.mountainguide.ro\\\/de\\\/?s={search_term_string}\"},\"query-input\":{\"@type\":\"PropertyValueSpecification\",\"valueRequired\":true,\"valueName\":\"search_term_string\"}}],\"inLanguage\":\"de\"}]}<\/script>\n<!-- \/ Yoast SEO plugin. -->","yoast_head_json":{"title":"Tailored toursPers\u00f6nlich angepasste TourenTure adaptate - mountainguide.ro","robots":{"index":"index","follow":"follow","max-snippet":"max-snippet:-1","max-image-preview":"max-image-preview:large","max-video-preview":"max-video-preview:-1"},"canonical":"https:\/\/www.mountainguide.ro\/de\/hiking-tours-romania\/tailor-made-hiking-tours-romania\/","og_locale":"de_DE","og_type":"article","og_title":"Tailored toursPers\u00f6nlich angepasste TourenTure adaptate - mountainguide.ro","og_description":"Aus meiner Erfahrung heraus kann ich sagen, dass die Gebirgsliebhaber von \u00fcberall von der Welt, am meisten einen personalisierten Service begutachten \u2013 anders gesagt, die F\u00e4higkeit ein Programm an die W\u00fcnsche und Bed\u00fcrfnisse jeder Gruppe und jeder Route anzupassen. Aus diesem Grund sind die Touren die Sie hier auf der Webseite finden, meistens der Startpunkt... Weiter &raquo;","og_url":"http:\/\/www.mountainguide.ro\/de\/hiking-tours-romania\/tailor-made-hiking-tours-romania\/","og_site_name":"Bergf\u00fchrer f\u00fcr Bergtouren in den rum\u00e4nischen Bergen","article_publisher":"https:\/\/www.facebook.com\/mountainguide.ro\/","article_modified_time":"2014-03-06T11:01:35+00:00","og_image":[{"url":"http:\/\/www.mountainguide.ro\/wp-content\/uploads\/2010\/01\/tailor-made_2.jpg","type":"","width":"","height":""}],"twitter_card":"summary_large_image","twitter_misc":{"Gesch\u00e4tzte Lesezeit":"4\u00a0Minuten"},"schema":{"@context":"https:\/\/schema.org","@graph":[{"@type":"WebPage","@id":"https:\/\/www.mountainguide.ro\/de\/hiking-tours-romania\/tailor-made-hiking-tours-romania\/","url":"https:\/\/www.mountainguide.ro\/de\/hiking-tours-romania\/tailor-made-hiking-tours-romania\/","name":"Tailored toursPers\u00f6nlich angepasste TourenTure adaptate - mountainguide.ro","isPartOf":{"@id":"https:\/\/www.mountainguide.ro\/de\/#website"},"primaryImageOfPage":{"@id":"https:\/\/www.mountainguide.ro\/de\/hiking-tours-romania\/tailor-made-hiking-tours-romania\/#primaryimage"},"image":{"@id":"https:\/\/www.mountainguide.ro\/en\/hiking-tours-romania\/tailor-made-hiking-tours-romania\/#primaryimage"},"thumbnailUrl":"http:\/\/www.mountainguide.ro\/wp-content\/uploads\/2010\/01\/tailor-made_2.jpg","datePublished":"2010-01-11T10:53:02+00:00","dateModified":"2014-03-06T11:01:35+00:00","breadcrumb":{"@id":"https:\/\/www.mountainguide.ro\/de\/hiking-tours-romania\/tailor-made-hiking-tours-romania\/#breadcrumb"},"inLanguage":"de","potentialAction":[{"@type":"ReadAction","target":[["https:\/\/www.mountainguide.ro\/de\/hiking-tours-romania\/tailor-made-hiking-tours-romania\/"]]}]},{"@type":"ImageObject","inLanguage":"de","@id":"https:\/\/www.mountainguide.ro\/de\/hiking-tours-romania\/tailor-made-hiking-tours-romania\/#primaryimage","url":"http:\/\/www.mountainguide.ro\/wp-content\/uploads\/2010\/01\/tailor-made_2.jpg","contentUrl":"http:\/\/www.mountainguide.ro\/wp-content\/uploads\/2010\/01\/tailor-made_2.jpg"},{"@type":"BreadcrumbList","@id":"https:\/\/www.mountainguide.ro\/de\/hiking-tours-romania\/tailor-made-hiking-tours-romania\/#breadcrumb","itemListElement":[{"@type":"ListItem","position":1,"name":"Home","item":"https:\/\/www.mountainguide.ro\/de\/"},{"@type":"ListItem","position":2,"name":"Walking on the borders of old empires","item":"https:\/\/www.mountainguide.ro\/de\/hiking-tours-romania\/"},{"@type":"ListItem","position":3,"name":"Pers\u00f6nlich angepasste Touren"}]},{"@type":"WebSite","@id":"https:\/\/www.mountainguide.ro\/de\/#website","url":"https:\/\/www.mountainguide.ro\/de\/","name":"Bergf\u00fchrer f\u00fcr Bergtouren in den rum\u00e4nischen Bergen","description":"Trekking, Wandern, Skitouren in Rum\u00e4nien","potentialAction":[{"@type":"SearchAction","target":{"@type":"EntryPoint","urlTemplate":"https:\/\/www.mountainguide.ro\/de\/?s={search_term_string}"},"query-input":{"@type":"PropertyValueSpecification","valueRequired":true,"valueName":"search_term_string"}}],"inLanguage":"de"}]}},"_links":{"self":[{"href":"https:\/\/www.mountainguide.ro\/de\/wp-json\/wp\/v2\/pages\/31","targetHints":{"allow":["GET"]}}],"collection":[{"href":"https:\/\/www.mountainguide.ro\/de\/wp-json\/wp\/v2\/pages"}],"about":[{"href":"https:\/\/www.mountainguide.ro\/de\/wp-json\/wp\/v2\/types\/page"}],"author":[{"embeddable":true,"href":"https:\/\/www.mountainguide.ro\/de\/wp-json\/wp\/v2\/users\/3"}],"replies":[{"embeddable":true,"href":"https:\/\/www.mountainguide.ro\/de\/wp-json\/wp\/v2\/comments?post=31"}],"version-history":[{"count":3,"href":"https:\/\/www.mountainguide.ro\/de\/wp-json\/wp\/v2\/pages\/31\/revisions"}],"predecessor-version":[{"id":10482,"href":"https:\/\/www.mountainguide.ro\/de\/wp-json\/wp\/v2\/pages\/31\/revisions\/10482"}],"up":[{"embeddable":true,"href":"https:\/\/www.mountainguide.ro\/de\/wp-json\/wp\/v2\/pages\/9390"}],"wp:attachment":[{"href":"https:\/\/www.mountainguide.ro\/de\/wp-json\/wp\/v2\/media?parent=31"}],"wp:term":[{"taxonomy":"post_tag","embeddable":true,"href":"https:\/\/www.mountainguide.ro\/de\/wp-json\/wp\/v2\/tags?post=31"}],"curies":[{"name":"wp","href":"https:\/\/api.w.org\/{rel}","templated":true}]}}