{"id":26,"date":"2010-01-11T10:51:14","date_gmt":"2010-01-11T10:51:14","guid":{"rendered":"http:\/\/biz75.inmotionhosting.com\/~mounta38\/?page_id=26"},"modified":"2014-03-06T13:02:22","modified_gmt":"2014-03-06T11:02:22","slug":"heliski-in-romania","status":"publish","type":"page","link":"https:\/\/www.mountainguide.ro\/de\/tourenschi-freeride-rumaenien\/heliskiing-in-rumanien\/","title":{"rendered":"Heliskiing in Rum\u00e4nien"},"content":{"rendered":"<p><a href=\"http:\/\/www.mountainguide.ro\/wp-content\/uploads\/2010\/01\/IMG_04221.jpg\" rel=\"lightbox[26]\"><img loading=\"lazy\" decoding=\"async\" title=\"Heliski im Fagaras Gebirge\" alt=\"Heliski im Fagaras Gebirge\" src=\"http:\/\/www.mountainguide.ro\/wp-content\/uploads\/2010\/01\/IMG_04221.jpg\" width=\"390\" height=\"260\" \/><\/a>Helischi oder vom Hubschrauber bis zum Schigebiet geflogen werden<br \/>\nDie attraktivsten Gebiete sind die Bergruecken des Iezer Papusa Gebirges und manche Gebiete im Fagaras Gebirge: sanfte Bergruecken, die oestlichen Taeler und die alpinen Taeler Vistea Mare, Vistisoara, Podragu, aber auch andere Gebiete in den Karpaten.<\/p>\n<p>Waehrend eines Tages wird ein Hoehenunterschied von ungefaehr 3500 m ueberwaeltigt, was eine sehr gute koeperliche Kondition voraussetzt.<\/p>\n<p>Das Schifahren wird in nicht eingerichteten Gebieten mit hohem Schnee praktiziert, deshalb muessen die Teilnehmer gute Schifahrer unter solchen Bedingungen sein.<\/p>\n<p><a href=\"mailto:contact@mountainguide.ro\">Wenden Sie sich bitte an mich fuer mehr Einzelheiten.<\/a><\/p>\n<p>Obligatorische Ausr\u00fcstung: Skis, Schaufel, Lawinenlautsprecherempf\u00e4nger\/ARVA, Schutzsturzhelm.<\/p>\n<p>5 Tagheliski in den Transilvanian Alpen!<br \/>\nProgrammblick wie folgen:<\/p>\n<p><strong>1. Sonntag:<\/strong>\u00a0einzelne Ankunft nach Rum\u00e4nien. Die besten Pl\u00e4tze zum zu fliegen sind Bucharest oder Sibiu. Von beiden sind Position zur Brasov Stadt 2-3 Stunden Antrieb. \u00dcbertragung auf Brasov durch Kleinbus. Anpassung im Kolping Hotel. Fachsitzung.<\/p>\n<p><strong>2. Montag:<\/strong>\u00a0Fliege zu den Bucegi Bergen. Von der Hubschrauberunterseite zu Bucegi sind Berge ~ 5 Minuten des Fluges. Ski fahren auf Bucegi Bergen. Skiabf\u00e4lle ~ 4000 Meter.<\/p>\n<p><strong>3. Dienstag:<\/strong>\u00a0Fliege Iezer Papusa zu den Bergen. Abstand des Fluges von Brasov zum Iezer Papusa Berg~ 15 Minuten. Ski auf Iezer Papusa Bergen. Skiabf\u00e4lle ~ 4000 Meter.<\/p>\n<p><strong>4. Mittwoch:<\/strong>\u00a0Fliege zum Ostteil Fagaras Bergen. Abstand zum Flug von Brasov zum Tagposition ~ 15 Minuten. Ski auf Nord und S\u00fcdt\u00e4lern der Fagaras Berge, Transylvanian Alpen. Skiabf\u00e4lle ~ 4000 Meter.<\/p>\n<p><strong>5. Donnerstag:<\/strong>\u00a0Fliege zum zentralen Teil Fagaras Bergen. Abstand des Fluges von Brasov nach hier, ~ 20 Minuten. Ski auf Nord und S\u00fcdt\u00e4lern der Fagaras Berge, Transylvanian Alpen. Skiabf\u00e4lle ~ 4000 Meter.<\/p>\n<p><strong>6. Freitag:<\/strong>\u00a0Fliege zum Westteil Fagaras Bergen. Abstand des Fluges von Brasov nach hier, ~ 20 Minuten. Ski auf Nord und S\u00fcdt\u00e4lern der Fagaras Berge, Transylvanian Alpen. Skiabf\u00e4lle ~ 4000 Meter.<\/p>\n<p><strong>7. Samstag:<\/strong>\u00a0\u00dcbertragung auf den Flughafen. Einzelne Abfahrt von Rum\u00e4nien. Ende des Programms.<\/p>\n<p><strong><a href=\"http:\/\/www.mountainguide.ro\/wp-content\/uploads\/2010\/01\/IMG_05121.jpg\" rel=\"lightbox[26]\"><img loading=\"lazy\" decoding=\"async\" title=\"Heliski im Fagaras Gebirge\" alt=\"Heliski im Fagaras Gebirge\" src=\"http:\/\/www.mountainguide.ro\/wp-content\/uploads\/2010\/01\/IMG_05121.jpg\" width=\"390\" height=\"260\" \/><\/a>Details:<\/strong><br \/>\n&#8211; Der Gruppe wird ich Iulian Cozma gef\u00fchrt, genehmigt durch das RMGA, mit betr\u00e4chtlicher Erfahrung beim Ski fahren auf den Karpaten.<br \/>\n&#8211; Das Skifahren ist Fagaras, Iezer Papusa und Bucegi in den Bergen erfolgt.<br \/>\n&#8211; Der Abfall durch Skis fahren von 2200-2500 Metern ab, bis 1400-1200 Meter hoch<br \/>\n&#8211; Anpassungs- und Hubschrauberunterseite ist Brasov Stadt, S\u00fcdosten von Transylvanien.<br \/>\n&#8211; Das Hubschraubermodell ist AS350B3, 5+1 Pl\u00e4tze, erfahrener Pilot.<\/p>\n<p><strong>Preis:<\/strong><\/p>\n<p>&#8211; Der Preis ist 4685 EURO\/person in der doppelten Inanspruchnahme, hinzuf\u00fcgen 240 EURO\/person f\u00fcr einzelne Inanspruchnahme.<br \/>\n&#8211; Der erw\u00e4hnte Preis ist f\u00fcr eine Gruppe von 8 Personen g\u00fcltig.<\/p>\n<p><strong>Auf dem erw\u00e4hnten Preis seien Sie enthalten:<\/strong><br \/>\n&#8211; Anpassung in den doppelten oder einfachen R\u00e4umen im Kolping Hotel aufgestellt auf alter Mitte der Brasov Stadt, bei 5 Minuten, die von unserem Hubschrauber-Landeplatz fahren.<br \/>\n&#8211; Alle Mahlzeiten, Fr\u00fchst\u00fcck, Mittagessen (als Picknick) und Abendessen.<br \/>\n&#8211; Unbegrenztes Skifahren pro Tag. Dieses ist mittler, dass wir von unserem abfahren Hotel, nachdem Fr\u00fchst\u00fcck und wir Ski fahren, wie viel Sie w\u00fcnschen zu, oder wie viel Sie an einem Tag Ski fahren k\u00f6nnen!<br \/>\n&#8211; \u00dcbertragung von\/nach Flughafen an zuerst und letztem Tag.<\/p>\n<p>Nicht enthaltene Flugkarten nach Rum\u00e4nien, pers\u00f6nliche Unkosten, pers\u00f6nliche Versicherung, Ski fahrende Ausr\u00fcstung.<\/p>\n<p>Wenn irgendein Teil von Ihrer Ausr\u00fcstung fehlen, kann ich sie f\u00fcr eine kleine Extrageb\u00fchr zur Verf\u00fcgung stellen.<\/p>\n<p>Im Falle des schlechten Wetters fahren wir auf den Skiorten nahe Brasov, Poiana Brasov, Sinaia, Azuga, Predeal Ski.<br \/>\nF\u00fchlen Sie bitte sich frei, alle m\u00f6gliche Fragen zu stellen.<br \/>\nIch freue mich, Sie auf den Transylvanian Alpen zu treffen!<\/p>\n<p>MFG,<br \/>\nIulian Cozma<br \/>\nRMGA Bergf\u00fchrer<\/p>","protected":false},"excerpt":{"rendered":"<p>Helischi oder vom Hubschrauber bis zum Schigebiet geflogen werden Die attraktivsten Gebiete sind die Bergruecken des Iezer Papusa Gebirges und manche Gebiete im Fagaras Gebirge: sanfte Bergruecken, die oestlichen Taeler und die alpinen Taeler Vistea Mare, Vistisoara, Podragu, aber auch andere Gebiete in den Karpaten. Waehrend eines Tages wird ein Hoehenunterschied von ungefaehr 3500 m&#8230;  <a class=\"excerpt-read-more\" href=\"https:\/\/www.mountainguide.ro\/de\/tourenschi-freeride-rumaenien\/heliskiing-in-rumanien\/\" title=\"Read Heliskiing in Rum\u00e4nien\">Weiter &raquo;<\/a><\/p>\n","protected":false},"author":3,"featured_media":0,"parent":9470,"menu_order":50,"comment_status":"open","ping_status":"closed","template":"","meta":{"footnotes":""},"tags":[],"class_list":["post-26","page","type-page","status-publish","hentry"],"yoast_head":"<!-- This site is optimized with the Yoast SEO plugin v27.4 - https:\/\/yoast.com\/product\/yoast-seo-wordpress\/ -->\n<title>Heliski in RomaniaHeliskiing in Rum\u00e4nienHeli schi - mountainguide.ro<\/title>\n<meta name=\"robots\" content=\"index, follow, max-snippet:-1, max-image-preview:large, max-video-preview:-1\" \/>\n<link rel=\"canonical\" href=\"https:\/\/www.mountainguide.ro\/de\/ski-touring-freeride-romania\/heliski-in-romania\/\" \/>\n<meta property=\"og:locale\" content=\"de_DE\" \/>\n<meta property=\"og:type\" content=\"article\" \/>\n<meta property=\"og:title\" content=\"Heliski in RomaniaHeliskiing in Rum\u00e4nienHeli schi - mountainguide.ro\" \/>\n<meta property=\"og:description\" content=\"Helischi oder vom Hubschrauber bis zum Schigebiet geflogen werden Die attraktivsten Gebiete sind die Bergruecken des Iezer Papusa Gebirges und manche Gebiete im Fagaras Gebirge: sanfte Bergruecken, die oestlichen Taeler und die alpinen Taeler Vistea Mare, Vistisoara, Podragu, aber auch andere Gebiete in den Karpaten. Waehrend eines Tages wird ein Hoehenunterschied von ungefaehr 3500 m... Weiter &raquo;\" \/>\n<meta property=\"og:url\" content=\"http:\/\/www.mountainguide.ro\/de\/ski-touring-freeride-romania\/heliski-in-romania\/\" \/>\n<meta property=\"og:site_name\" content=\"Bergf\u00fchrer f\u00fcr Bergtouren in den rum\u00e4nischen Bergen\" \/>\n<meta property=\"article:publisher\" content=\"https:\/\/www.facebook.com\/mountainguide.ro\/\" \/>\n<meta property=\"article:modified_time\" content=\"2014-03-06T11:02:22+00:00\" \/>\n<meta property=\"og:image\" content=\"http:\/\/www.mountainguide.ro\/wp-content\/uploads\/2010\/01\/IMG_0422.jpg\" \/>\n<meta name=\"twitter:card\" content=\"summary_large_image\" \/>\n<meta name=\"twitter:label1\" content=\"Gesch\u00e4tzte Lesezeit\" \/>\n\t<meta name=\"twitter:data1\" content=\"6\u00a0Minuten\" \/>\n<script type=\"application\/ld+json\" class=\"yoast-schema-graph\">{\"@context\":\"https:\\\/\\\/schema.org\",\"@graph\":[{\"@type\":\"WebPage\",\"@id\":\"https:\\\/\\\/www.mountainguide.ro\\\/de\\\/ski-touring-freeride-romania\\\/heliski-in-romania\\\/\",\"url\":\"https:\\\/\\\/www.mountainguide.ro\\\/de\\\/ski-touring-freeride-romania\\\/heliski-in-romania\\\/\",\"name\":\"Heliski in RomaniaHeliskiing in Rum\u00e4nienHeli schi - mountainguide.ro\",\"isPartOf\":{\"@id\":\"https:\\\/\\\/www.mountainguide.ro\\\/de\\\/#website\"},\"primaryImageOfPage\":{\"@id\":\"https:\\\/\\\/www.mountainguide.ro\\\/de\\\/ski-touring-freeride-romania\\\/heliski-in-romania\\\/#primaryimage\"},\"image\":{\"@id\":\"https:\\\/\\\/www.mountainguide.ro\\\/en\\\/ski-touring-freeride-romania\\\/heliski-in-romania\\\/#primaryimage\"},\"thumbnailUrl\":\"http:\\\/\\\/www.mountainguide.ro\\\/wp-content\\\/uploads\\\/2010\\\/01\\\/IMG_0422.jpg\",\"datePublished\":\"2010-01-11T10:51:14+00:00\",\"dateModified\":\"2014-03-06T11:02:22+00:00\",\"breadcrumb\":{\"@id\":\"https:\\\/\\\/www.mountainguide.ro\\\/de\\\/ski-touring-freeride-romania\\\/heliski-in-romania\\\/#breadcrumb\"},\"inLanguage\":\"de\",\"potentialAction\":[{\"@type\":\"ReadAction\",\"target\":[[\"https:\\\/\\\/www.mountainguide.ro\\\/de\\\/ski-touring-freeride-romania\\\/heliski-in-romania\\\/\"]]}]},{\"@type\":\"ImageObject\",\"inLanguage\":\"de\",\"@id\":\"https:\\\/\\\/www.mountainguide.ro\\\/de\\\/ski-touring-freeride-romania\\\/heliski-in-romania\\\/#primaryimage\",\"url\":\"http:\\\/\\\/www.mountainguide.ro\\\/wp-content\\\/uploads\\\/2010\\\/01\\\/IMG_0422.jpg\",\"contentUrl\":\"http:\\\/\\\/www.mountainguide.ro\\\/wp-content\\\/uploads\\\/2010\\\/01\\\/IMG_0422.jpg\"},{\"@type\":\"BreadcrumbList\",\"@id\":\"https:\\\/\\\/www.mountainguide.ro\\\/de\\\/ski-touring-freeride-romania\\\/heliski-in-romania\\\/#breadcrumb\",\"itemListElement\":[{\"@type\":\"ListItem\",\"position\":1,\"name\":\"Home\",\"item\":\"https:\\\/\\\/www.mountainguide.ro\\\/de\\\/\"},{\"@type\":\"ListItem\",\"position\":2,\"name\":\"Unspoilt mountain territory\",\"item\":\"https:\\\/\\\/www.mountainguide.ro\\\/de\\\/ski-touring-freeride-romania\\\/\"},{\"@type\":\"ListItem\",\"position\":3,\"name\":\"Heliskiing in Rum\u00e4nien\"}]},{\"@type\":\"WebSite\",\"@id\":\"https:\\\/\\\/www.mountainguide.ro\\\/de\\\/#website\",\"url\":\"https:\\\/\\\/www.mountainguide.ro\\\/de\\\/\",\"name\":\"Bergf\u00fchrer f\u00fcr Bergtouren in den rum\u00e4nischen Bergen\",\"description\":\"Trekking, Wandern, Skitouren in Rum\u00e4nien\",\"potentialAction\":[{\"@type\":\"SearchAction\",\"target\":{\"@type\":\"EntryPoint\",\"urlTemplate\":\"https:\\\/\\\/www.mountainguide.ro\\\/de\\\/?s={search_term_string}\"},\"query-input\":{\"@type\":\"PropertyValueSpecification\",\"valueRequired\":true,\"valueName\":\"search_term_string\"}}],\"inLanguage\":\"de\"}]}<\/script>\n<!-- \/ Yoast SEO plugin. -->","yoast_head_json":{"title":"Heliski in RomaniaHeliskiing in Rum\u00e4nienHeli schi - mountainguide.ro","robots":{"index":"index","follow":"follow","max-snippet":"max-snippet:-1","max-image-preview":"max-image-preview:large","max-video-preview":"max-video-preview:-1"},"canonical":"https:\/\/www.mountainguide.ro\/de\/ski-touring-freeride-romania\/heliski-in-romania\/","og_locale":"de_DE","og_type":"article","og_title":"Heliski in RomaniaHeliskiing in Rum\u00e4nienHeli schi - mountainguide.ro","og_description":"Helischi oder vom Hubschrauber bis zum Schigebiet geflogen werden Die attraktivsten Gebiete sind die Bergruecken des Iezer Papusa Gebirges und manche Gebiete im Fagaras Gebirge: sanfte Bergruecken, die oestlichen Taeler und die alpinen Taeler Vistea Mare, Vistisoara, Podragu, aber auch andere Gebiete in den Karpaten. Waehrend eines Tages wird ein Hoehenunterschied von ungefaehr 3500 m... Weiter &raquo;","og_url":"http:\/\/www.mountainguide.ro\/de\/ski-touring-freeride-romania\/heliski-in-romania\/","og_site_name":"Bergf\u00fchrer f\u00fcr Bergtouren in den rum\u00e4nischen Bergen","article_publisher":"https:\/\/www.facebook.com\/mountainguide.ro\/","article_modified_time":"2014-03-06T11:02:22+00:00","og_image":[{"url":"http:\/\/www.mountainguide.ro\/wp-content\/uploads\/2010\/01\/IMG_0422.jpg","type":"","width":"","height":""}],"twitter_card":"summary_large_image","twitter_misc":{"Gesch\u00e4tzte Lesezeit":"6\u00a0Minuten"},"schema":{"@context":"https:\/\/schema.org","@graph":[{"@type":"WebPage","@id":"https:\/\/www.mountainguide.ro\/de\/ski-touring-freeride-romania\/heliski-in-romania\/","url":"https:\/\/www.mountainguide.ro\/de\/ski-touring-freeride-romania\/heliski-in-romania\/","name":"Heliski in RomaniaHeliskiing in Rum\u00e4nienHeli schi - mountainguide.ro","isPartOf":{"@id":"https:\/\/www.mountainguide.ro\/de\/#website"},"primaryImageOfPage":{"@id":"https:\/\/www.mountainguide.ro\/de\/ski-touring-freeride-romania\/heliski-in-romania\/#primaryimage"},"image":{"@id":"https:\/\/www.mountainguide.ro\/en\/ski-touring-freeride-romania\/heliski-in-romania\/#primaryimage"},"thumbnailUrl":"http:\/\/www.mountainguide.ro\/wp-content\/uploads\/2010\/01\/IMG_0422.jpg","datePublished":"2010-01-11T10:51:14+00:00","dateModified":"2014-03-06T11:02:22+00:00","breadcrumb":{"@id":"https:\/\/www.mountainguide.ro\/de\/ski-touring-freeride-romania\/heliski-in-romania\/#breadcrumb"},"inLanguage":"de","potentialAction":[{"@type":"ReadAction","target":[["https:\/\/www.mountainguide.ro\/de\/ski-touring-freeride-romania\/heliski-in-romania\/"]]}]},{"@type":"ImageObject","inLanguage":"de","@id":"https:\/\/www.mountainguide.ro\/de\/ski-touring-freeride-romania\/heliski-in-romania\/#primaryimage","url":"http:\/\/www.mountainguide.ro\/wp-content\/uploads\/2010\/01\/IMG_0422.jpg","contentUrl":"http:\/\/www.mountainguide.ro\/wp-content\/uploads\/2010\/01\/IMG_0422.jpg"},{"@type":"BreadcrumbList","@id":"https:\/\/www.mountainguide.ro\/de\/ski-touring-freeride-romania\/heliski-in-romania\/#breadcrumb","itemListElement":[{"@type":"ListItem","position":1,"name":"Home","item":"https:\/\/www.mountainguide.ro\/de\/"},{"@type":"ListItem","position":2,"name":"Unspoilt mountain territory","item":"https:\/\/www.mountainguide.ro\/de\/ski-touring-freeride-romania\/"},{"@type":"ListItem","position":3,"name":"Heliskiing in Rum\u00e4nien"}]},{"@type":"WebSite","@id":"https:\/\/www.mountainguide.ro\/de\/#website","url":"https:\/\/www.mountainguide.ro\/de\/","name":"Bergf\u00fchrer f\u00fcr Bergtouren in den rum\u00e4nischen Bergen","description":"Trekking, Wandern, Skitouren in Rum\u00e4nien","potentialAction":[{"@type":"SearchAction","target":{"@type":"EntryPoint","urlTemplate":"https:\/\/www.mountainguide.ro\/de\/?s={search_term_string}"},"query-input":{"@type":"PropertyValueSpecification","valueRequired":true,"valueName":"search_term_string"}}],"inLanguage":"de"}]}},"_links":{"self":[{"href":"https:\/\/www.mountainguide.ro\/de\/wp-json\/wp\/v2\/pages\/26","targetHints":{"allow":["GET"]}}],"collection":[{"href":"https:\/\/www.mountainguide.ro\/de\/wp-json\/wp\/v2\/pages"}],"about":[{"href":"https:\/\/www.mountainguide.ro\/de\/wp-json\/wp\/v2\/types\/page"}],"author":[{"embeddable":true,"href":"https:\/\/www.mountainguide.ro\/de\/wp-json\/wp\/v2\/users\/3"}],"replies":[{"embeddable":true,"href":"https:\/\/www.mountainguide.ro\/de\/wp-json\/wp\/v2\/comments?post=26"}],"version-history":[{"count":3,"href":"https:\/\/www.mountainguide.ro\/de\/wp-json\/wp\/v2\/pages\/26\/revisions"}],"predecessor-version":[{"id":10486,"href":"https:\/\/www.mountainguide.ro\/de\/wp-json\/wp\/v2\/pages\/26\/revisions\/10486"}],"up":[{"embeddable":true,"href":"https:\/\/www.mountainguide.ro\/de\/wp-json\/wp\/v2\/pages\/9470"}],"wp:attachment":[{"href":"https:\/\/www.mountainguide.ro\/de\/wp-json\/wp\/v2\/media?parent=26"}],"wp:term":[{"taxonomy":"post_tag","embeddable":true,"href":"https:\/\/www.mountainguide.ro\/de\/wp-json\/wp\/v2\/tags?post=26"}],"curies":[{"name":"wp","href":"https:\/\/api.w.org\/{rel}","templated":true}]}}