{"id":2445,"date":"2010-01-26T06:46:59","date_gmt":"2010-01-26T06:46:59","guid":{"rendered":"http:\/\/www.mountainguide.ro\/?page_id=2445"},"modified":"2014-03-06T13:01:43","modified_gmt":"2014-03-06T11:01:43","slug":"week-end-tours-in-romania","status":"publish","type":"page","link":"https:\/\/www.mountainguide.ro\/de\/bergtouren-rumaenien\/wochenendtouren-rumanien\/","title":{"rendered":"Wochenendtouren"},"content":{"rendered":"<p>Wochenendausfluege koennen im Bucegi, Piatra Craiului und Fagaras Gebirge oder im Rucar &#8211; Bran Pass organisiert werden. Diese Touren beginnen samstags Morgen und enden sonntags Nachmittag. Es haengt von Ihnen ab, ob Sie solche Gegende bevorzugen, in welchen Sie in Huetten oder in Pensionen uebernachten koennen, oder Gegende, in welchen Sie in Zelten, in Almhuetten, in Biwak oder in Jagdhaeusern uebernachten koennen. Sie koennen also entscheiden, in welcher Gegend Sie Ihr Wochenende verbringen wollen und wie lange der Ausflug dauern soll. Die Mindestzahl der Teilnehmer betraegt 1, die maximale Teilnehmerzahl 10. Die meisten Wochenendausfluege werden zu jeder Jahreszeit unternommen. Im Winter werden Schneeschuhe zur Erleichterung der Fortbewegung benutzt. Die Dauer der Ausfluege betraegt 1-2 Tage.<\/p>\n<p>Auf dieser Seite finden Sie einige allgemeine Vorschlaege, bei Nachfrage koennen wir aber Wochenendausfluege in jeder Gebirgsgegend anbieten.<\/p>\n<p><a href=\"mailto:contact@mountainguide.ro\">Wenden Sie sich bitte an mich fuer mehrere Details.<\/a><\/p>\n<a href=\"http:\/\/www.mountainguide.ro\/wp-content\/uploads\/2010\/01\/week.jpg\" rel=\"lightbox[2445]\"><img loading=\"lazy\" decoding=\"async\" title=\"Muntii Fagaras\" alt=\"Muntii Fagaras\" src=\"http:\/\/www.mountainguide.ro\/wp-content\/uploads\/2010\/01\/week-100x100.jpg\" width=\"100\" height=\"100\" \/><\/a>\u00a0<a href=\"http:\/\/www.mountainguide.ro\/wp-content\/uploads\/2010\/01\/week2.jpg\" rel=\"lightbox[2445]\"><img loading=\"lazy\" decoding=\"async\" title=\"Muntii Fagaras\" alt=\"Muntii Fagaras\" src=\"http:\/\/www.mountainguide.ro\/wp-content\/uploads\/2010\/01\/week2-100x100.jpg\" width=\"100\" height=\"100\" \/><\/a>\u00a0<a href=\"http:\/\/www.mountainguide.ro\/wp-content\/uploads\/2010\/01\/week3.jpg\" rel=\"lightbox[2445]\"><img loading=\"lazy\" decoding=\"async\" title=\"Satul Cheia, culuoarul Rucar Bran\" alt=\"Satul Cheia, culuoarul Rucar Bran\" src=\"http:\/\/www.mountainguide.ro\/wp-content\/uploads\/2010\/01\/week3-100x100.jpg\" width=\"100\" height=\"100\" \/><\/a>\u00a0<a href=\"http:\/\/www.mountainguide.ro\/wp-content\/uploads\/2010\/01\/week4.jpg\" rel=\"lightbox[2445]\"><img loading=\"lazy\" decoding=\"async\" title=\"Muntii Ciucas\" alt=\"Muntii Ciucas\" src=\"http:\/\/www.mountainguide.ro\/wp-content\/uploads\/2010\/01\/week4-100x100.jpg\" width=\"100\" height=\"100\" \/><\/a>\n<p><strong>&#8211; Vorschlag 1<\/strong>\u00a0&#8211; Wochenendausflug zur Balea Lac Huette, im Fagaras Gebirge<\/p>\n<img loading=\"lazy\" decoding=\"async\" title=\"Balea see\" alt=\"\" src=\"http:\/\/www.mountainguide.ro\/wp-content\/uploads\/2010\/01\/balea-oglinda1.jpg\" width=\"630\" height=\"210\" \/>\n<img loading=\"lazy\" decoding=\"async\" title=\"Balea see\" alt=\"\" src=\"http:\/\/www.mountainguide.ro\/wp-content\/uploads\/2010\/01\/balea_mare1.jpg\" width=\"630\" height=\"198\" \/>\n<p><strong>&#8211; Vorschlag 2\u00a0<\/strong>&#8211; Wochenendausflug mit Besteigen der hoechsten Spitze Rumaeniens &#8211; Moldoveanu Spitze, 2545 m, aber auch der dritthoechsten Spitze-Vistea Mare 2527 m.<\/p>\n<img loading=\"lazy\" decoding=\"async\" title=\"Moldoveanu 2544 m\" alt=\"\" src=\"http:\/\/www.mountainguide.ro\/wp-content\/uploads\/2010\/01\/fagaras-moldoveanu2.jpg\" width=\"630\" height=\"210\" \/>\n<img loading=\"lazy\" decoding=\"async\" title=\"Moldoveanu spitze in Fagaras gebirge\" alt=\"\" src=\"http:\/\/www.mountainguide.ro\/wp-content\/uploads\/2010\/01\/ok-vistea-mare4.jpg\" width=\"630\" height=\"210\" \/>\n<p><strong>&#8211; Vorschlag 3<\/strong>\u00a0&#8211; Wochenendausflug mit Besteigen der zweithoechsten Spitze der rumaenischen Karpaten &#8211; Negoiu Spitze, 2545 m im Fagaras Gebirge.<\/p>\n<img loading=\"lazy\" decoding=\"async\" title=\"Negoiu spitze in Fagaras\" alt=\"\" src=\"http:\/\/www.mountainguide.ro\/wp-content\/uploads\/2010\/01\/negoiu1.jpg\" width=\"630\" height=\"210\" \/>\n<p><strong>&#8211; Vorschlag 4\u00a0<\/strong>&#8211; Wochenendausflug im Bucegi Gebirge. Ueberqueren des Gebirgsmassiv von Sinaia nach Bran.<\/p>\n<img loading=\"lazy\" decoding=\"async\" title=\"Bucegi gebirge\" alt=\"\" src=\"http:\/\/www.mountainguide.ro\/wp-content\/uploads\/2010\/01\/bucegi-charlie1.jpg\" width=\"630\" height=\"210\" \/>\n<p><strong>&#8211; Vorschlag 5\u00a0 &#8211;\u00a0<\/strong>Wochenendausflug im Nationalpark Piatra Craiului, mit Ueberquerung der Zarnesti Schluchten und der Besichtigung einer authentischen Almhuette (keine touristische Almhuette)<\/p>\n<img loading=\"lazy\" decoding=\"async\" title=\"Piatra Craiului National Park\" alt=\"\" src=\"http:\/\/www.mountainguide.ro\/wp-content\/uploads\/2010\/01\/simon4.jpg\" width=\"630\" height=\"210\" \/>\n<p><strong>&#8211; Vorschlag 6 &#8211;<\/strong>\u00a0Wochenendausflug im Rucar &#8211; Bran Pass, in der Gegend Fundata &#8211; Fundatica &#8211; Moeciu de Sus.<\/p>\n<img loading=\"lazy\" decoding=\"async\" title=\"Bran dorf\" alt=\"\" src=\"http:\/\/www.mountainguide.ro\/wp-content\/uploads\/2010\/01\/fundatica1.jpg\" width=\"630\" height=\"210\" \/>\n<p><strong>&#8211; Vorschlag 7 &#8211;\u00a0<\/strong>Wochenendausflug mit Ueberquerung des Baiului Gebirges, von Predeal bis Sinaia. Dabei koennen wir die herrliche Landschaft des Bucegi Gebirges bewundern.<\/p>\n<img loading=\"lazy\" decoding=\"async\" title=\"Baiului gebirge\" alt=\"\" src=\"http:\/\/www.mountainguide.ro\/wp-content\/uploads\/2010\/01\/baiului1.jpg\" width=\"630\" height=\"210\" \/>\n<p><strong>&#8211; Vorschlag 8 &#8211;<\/strong>\u00a0Wochenendausflug in der Brasov Gegend. Ausfluege ins Piatra Mare Massiv mit der Ueberquerung des 7 Scari und Ausfluege ins Postavaru Massiv<\/p>\n<p><img loading=\"lazy\" decoding=\"async\" title=\"Bucegi gebirge\" alt=\"\" src=\"http:\/\/www.mountainguide.ro\/wp-content\/uploads\/2010\/01\/pm2.jpg\" width=\"630\" height=\"152\" \/><\/p>","protected":false},"excerpt":{"rendered":"<p>Wochenendausfluege koennen im Bucegi, Piatra Craiului und Fagaras Gebirge oder im Rucar &#8211; Bran Pass organisiert werden. Diese Touren beginnen samstags Morgen und enden sonntags Nachmittag. Es haengt von Ihnen ab, ob Sie solche Gegende bevorzugen, in welchen Sie in Huetten oder in Pensionen uebernachten koennen, oder Gegende, in welchen Sie in Zelten, in Almhuetten,&#8230;  <a class=\"excerpt-read-more\" href=\"https:\/\/www.mountainguide.ro\/de\/bergtouren-rumaenien\/wochenendtouren-rumanien\/\" title=\"Read Wochenendtouren\">Weiter &raquo;<\/a><\/p>\n","protected":false},"author":3,"featured_media":0,"parent":9390,"menu_order":70,"comment_status":"open","ping_status":"closed","template":"","meta":{"footnotes":""},"tags":[],"class_list":["post-2445","page","type-page","status-publish","hentry"],"yoast_head":"<!-- This site is optimized with the Yoast SEO plugin v27.3 - https:\/\/yoast.com\/product\/yoast-seo-wordpress\/ -->\n<title>Week-end toursWochenendtourenExcursii de weekend - mountainguide.ro<\/title>\n<meta name=\"robots\" content=\"index, follow, max-snippet:-1, max-image-preview:large, max-video-preview:-1\" \/>\n<link rel=\"canonical\" href=\"https:\/\/www.mountainguide.ro\/de\/hiking-tours-romania\/week-end-tours-in-romania\/\" \/>\n<meta property=\"og:locale\" content=\"de_DE\" \/>\n<meta property=\"og:type\" content=\"article\" \/>\n<meta property=\"og:title\" content=\"Week-end toursWochenendtourenExcursii de weekend - mountainguide.ro\" \/>\n<meta property=\"og:description\" content=\"Wochenendausfluege koennen im Bucegi, Piatra Craiului und Fagaras Gebirge oder im Rucar &#8211; Bran Pass organisiert werden. Diese Touren beginnen samstags Morgen und enden sonntags Nachmittag. Es haengt von Ihnen ab, ob Sie solche Gegende bevorzugen, in welchen Sie in Huetten oder in Pensionen uebernachten koennen, oder Gegende, in welchen Sie in Zelten, in Almhuetten,... Weiter &raquo;\" \/>\n<meta property=\"og:url\" content=\"http:\/\/www.mountainguide.ro\/de\/hiking-tours-romania\/week-end-tours-in-romania\/\" \/>\n<meta property=\"og:site_name\" content=\"Bergf\u00fchrer f\u00fcr Bergtouren in den rum\u00e4nischen Bergen\" \/>\n<meta property=\"article:publisher\" content=\"https:\/\/www.facebook.com\/mountainguide.ro\/\" \/>\n<meta property=\"article:modified_time\" content=\"2014-03-06T11:01:43+00:00\" \/>\n<meta property=\"og:image\" content=\"http:\/\/www.mountainguide.ro\/wp-content\/uploads\/2010\/01\/week-100x100.jpg\" \/>\n<meta name=\"twitter:card\" content=\"summary_large_image\" \/>\n<meta name=\"twitter:label1\" content=\"Gesch\u00e4tzte Lesezeit\" \/>\n\t<meta name=\"twitter:data1\" content=\"5\u00a0Minuten\" \/>\n<script type=\"application\/ld+json\" class=\"yoast-schema-graph\">{\"@context\":\"https:\\\/\\\/schema.org\",\"@graph\":[{\"@type\":\"WebPage\",\"@id\":\"https:\\\/\\\/www.mountainguide.ro\\\/de\\\/hiking-tours-romania\\\/week-end-tours-in-romania\\\/\",\"url\":\"https:\\\/\\\/www.mountainguide.ro\\\/de\\\/hiking-tours-romania\\\/week-end-tours-in-romania\\\/\",\"name\":\"Week-end toursWochenendtourenExcursii de weekend - mountainguide.ro\",\"isPartOf\":{\"@id\":\"https:\\\/\\\/www.mountainguide.ro\\\/de\\\/#website\"},\"primaryImageOfPage\":{\"@id\":\"https:\\\/\\\/www.mountainguide.ro\\\/de\\\/hiking-tours-romania\\\/week-end-tours-in-romania\\\/#primaryimage\"},\"image\":{\"@id\":\"https:\\\/\\\/www.mountainguide.ro\\\/en\\\/hiking-tours-romania\\\/week-end-tours-in-romania\\\/#primaryimage\"},\"thumbnailUrl\":\"http:\\\/\\\/www.mountainguide.ro\\\/wp-content\\\/uploads\\\/2010\\\/01\\\/week-100x100.jpg\",\"datePublished\":\"2010-01-26T06:46:59+00:00\",\"dateModified\":\"2014-03-06T11:01:43+00:00\",\"breadcrumb\":{\"@id\":\"https:\\\/\\\/www.mountainguide.ro\\\/de\\\/hiking-tours-romania\\\/week-end-tours-in-romania\\\/#breadcrumb\"},\"inLanguage\":\"de\",\"potentialAction\":[{\"@type\":\"ReadAction\",\"target\":[[\"https:\\\/\\\/www.mountainguide.ro\\\/de\\\/hiking-tours-romania\\\/week-end-tours-in-romania\\\/\"]]}]},{\"@type\":\"ImageObject\",\"inLanguage\":\"de\",\"@id\":\"https:\\\/\\\/www.mountainguide.ro\\\/de\\\/hiking-tours-romania\\\/week-end-tours-in-romania\\\/#primaryimage\",\"url\":\"http:\\\/\\\/www.mountainguide.ro\\\/wp-content\\\/uploads\\\/2010\\\/01\\\/week-100x100.jpg\",\"contentUrl\":\"http:\\\/\\\/www.mountainguide.ro\\\/wp-content\\\/uploads\\\/2010\\\/01\\\/week-100x100.jpg\"},{\"@type\":\"BreadcrumbList\",\"@id\":\"https:\\\/\\\/www.mountainguide.ro\\\/de\\\/hiking-tours-romania\\\/week-end-tours-in-romania\\\/#breadcrumb\",\"itemListElement\":[{\"@type\":\"ListItem\",\"position\":1,\"name\":\"Home\",\"item\":\"https:\\\/\\\/www.mountainguide.ro\\\/de\\\/\"},{\"@type\":\"ListItem\",\"position\":2,\"name\":\"Walking on the borders of old empires\",\"item\":\"https:\\\/\\\/www.mountainguide.ro\\\/de\\\/hiking-tours-romania\\\/\"},{\"@type\":\"ListItem\",\"position\":3,\"name\":\"Wochenendtouren\"}]},{\"@type\":\"WebSite\",\"@id\":\"https:\\\/\\\/www.mountainguide.ro\\\/de\\\/#website\",\"url\":\"https:\\\/\\\/www.mountainguide.ro\\\/de\\\/\",\"name\":\"Bergf\u00fchrer f\u00fcr Bergtouren in den rum\u00e4nischen Bergen\",\"description\":\"Trekking, Wandern, Skitouren in Rum\u00e4nien\",\"potentialAction\":[{\"@type\":\"SearchAction\",\"target\":{\"@type\":\"EntryPoint\",\"urlTemplate\":\"https:\\\/\\\/www.mountainguide.ro\\\/de\\\/?s={search_term_string}\"},\"query-input\":{\"@type\":\"PropertyValueSpecification\",\"valueRequired\":true,\"valueName\":\"search_term_string\"}}],\"inLanguage\":\"de\"}]}<\/script>\n<!-- \/ Yoast SEO plugin. -->","yoast_head_json":{"title":"Week-end toursWochenendtourenExcursii de weekend - mountainguide.ro","robots":{"index":"index","follow":"follow","max-snippet":"max-snippet:-1","max-image-preview":"max-image-preview:large","max-video-preview":"max-video-preview:-1"},"canonical":"https:\/\/www.mountainguide.ro\/de\/hiking-tours-romania\/week-end-tours-in-romania\/","og_locale":"de_DE","og_type":"article","og_title":"Week-end toursWochenendtourenExcursii de weekend - mountainguide.ro","og_description":"Wochenendausfluege koennen im Bucegi, Piatra Craiului und Fagaras Gebirge oder im Rucar &#8211; Bran Pass organisiert werden. Diese Touren beginnen samstags Morgen und enden sonntags Nachmittag. Es haengt von Ihnen ab, ob Sie solche Gegende bevorzugen, in welchen Sie in Huetten oder in Pensionen uebernachten koennen, oder Gegende, in welchen Sie in Zelten, in Almhuetten,... Weiter &raquo;","og_url":"http:\/\/www.mountainguide.ro\/de\/hiking-tours-romania\/week-end-tours-in-romania\/","og_site_name":"Bergf\u00fchrer f\u00fcr Bergtouren in den rum\u00e4nischen Bergen","article_publisher":"https:\/\/www.facebook.com\/mountainguide.ro\/","article_modified_time":"2014-03-06T11:01:43+00:00","og_image":[{"url":"http:\/\/www.mountainguide.ro\/wp-content\/uploads\/2010\/01\/week-100x100.jpg","type":"","width":"","height":""}],"twitter_card":"summary_large_image","twitter_misc":{"Gesch\u00e4tzte Lesezeit":"5\u00a0Minuten"},"schema":{"@context":"https:\/\/schema.org","@graph":[{"@type":"WebPage","@id":"https:\/\/www.mountainguide.ro\/de\/hiking-tours-romania\/week-end-tours-in-romania\/","url":"https:\/\/www.mountainguide.ro\/de\/hiking-tours-romania\/week-end-tours-in-romania\/","name":"Week-end toursWochenendtourenExcursii de weekend - mountainguide.ro","isPartOf":{"@id":"https:\/\/www.mountainguide.ro\/de\/#website"},"primaryImageOfPage":{"@id":"https:\/\/www.mountainguide.ro\/de\/hiking-tours-romania\/week-end-tours-in-romania\/#primaryimage"},"image":{"@id":"https:\/\/www.mountainguide.ro\/en\/hiking-tours-romania\/week-end-tours-in-romania\/#primaryimage"},"thumbnailUrl":"http:\/\/www.mountainguide.ro\/wp-content\/uploads\/2010\/01\/week-100x100.jpg","datePublished":"2010-01-26T06:46:59+00:00","dateModified":"2014-03-06T11:01:43+00:00","breadcrumb":{"@id":"https:\/\/www.mountainguide.ro\/de\/hiking-tours-romania\/week-end-tours-in-romania\/#breadcrumb"},"inLanguage":"de","potentialAction":[{"@type":"ReadAction","target":[["https:\/\/www.mountainguide.ro\/de\/hiking-tours-romania\/week-end-tours-in-romania\/"]]}]},{"@type":"ImageObject","inLanguage":"de","@id":"https:\/\/www.mountainguide.ro\/de\/hiking-tours-romania\/week-end-tours-in-romania\/#primaryimage","url":"http:\/\/www.mountainguide.ro\/wp-content\/uploads\/2010\/01\/week-100x100.jpg","contentUrl":"http:\/\/www.mountainguide.ro\/wp-content\/uploads\/2010\/01\/week-100x100.jpg"},{"@type":"BreadcrumbList","@id":"https:\/\/www.mountainguide.ro\/de\/hiking-tours-romania\/week-end-tours-in-romania\/#breadcrumb","itemListElement":[{"@type":"ListItem","position":1,"name":"Home","item":"https:\/\/www.mountainguide.ro\/de\/"},{"@type":"ListItem","position":2,"name":"Walking on the borders of old empires","item":"https:\/\/www.mountainguide.ro\/de\/hiking-tours-romania\/"},{"@type":"ListItem","position":3,"name":"Wochenendtouren"}]},{"@type":"WebSite","@id":"https:\/\/www.mountainguide.ro\/de\/#website","url":"https:\/\/www.mountainguide.ro\/de\/","name":"Bergf\u00fchrer f\u00fcr Bergtouren in den rum\u00e4nischen Bergen","description":"Trekking, Wandern, Skitouren in Rum\u00e4nien","potentialAction":[{"@type":"SearchAction","target":{"@type":"EntryPoint","urlTemplate":"https:\/\/www.mountainguide.ro\/de\/?s={search_term_string}"},"query-input":{"@type":"PropertyValueSpecification","valueRequired":true,"valueName":"search_term_string"}}],"inLanguage":"de"}]}},"_links":{"self":[{"href":"https:\/\/www.mountainguide.ro\/de\/wp-json\/wp\/v2\/pages\/2445","targetHints":{"allow":["GET"]}}],"collection":[{"href":"https:\/\/www.mountainguide.ro\/de\/wp-json\/wp\/v2\/pages"}],"about":[{"href":"https:\/\/www.mountainguide.ro\/de\/wp-json\/wp\/v2\/types\/page"}],"author":[{"embeddable":true,"href":"https:\/\/www.mountainguide.ro\/de\/wp-json\/wp\/v2\/users\/3"}],"replies":[{"embeddable":true,"href":"https:\/\/www.mountainguide.ro\/de\/wp-json\/wp\/v2\/comments?post=2445"}],"version-history":[{"count":3,"href":"https:\/\/www.mountainguide.ro\/de\/wp-json\/wp\/v2\/pages\/2445\/revisions"}],"predecessor-version":[{"id":10483,"href":"https:\/\/www.mountainguide.ro\/de\/wp-json\/wp\/v2\/pages\/2445\/revisions\/10483"}],"up":[{"embeddable":true,"href":"https:\/\/www.mountainguide.ro\/de\/wp-json\/wp\/v2\/pages\/9390"}],"wp:attachment":[{"href":"https:\/\/www.mountainguide.ro\/de\/wp-json\/wp\/v2\/media?parent=2445"}],"wp:term":[{"taxonomy":"post_tag","embeddable":true,"href":"https:\/\/www.mountainguide.ro\/de\/wp-json\/wp\/v2\/tags?post=2445"}],"curies":[{"name":"wp","href":"https:\/\/api.w.org\/{rel}","templated":true}]}}