{"id":22,"date":"2010-01-11T10:50:36","date_gmt":"2010-01-11T10:50:36","guid":{"rendered":"http:\/\/biz75.inmotionhosting.com\/~mounta38\/?page_id=22"},"modified":"2022-03-08T17:56:27","modified_gmt":"2022-03-08T15:56:27","slug":"ski-touring-freeride-romania","status":"publish","type":"page","link":"https:\/\/www.mountainguide.ro\/de\/tourenschi-freeride-rumaenien\/skitouren-in-den-rumanischen-bergen\/","title":{"rendered":"Skitouren in den rum\u00e4nischen Bergen"},"content":{"rendered":"<p><strong>&#8211; Freeride und Telemark\u00a0<\/strong>&#8211; nicht eingerichtete Schipisten, aber sehr anspruchsvolle, befinden sich im Bucegi und im Fagaras Gebirge. Die steilen Taeler des Bucegi Gebirges und die langen Taeler des Fagaras Gebirge sind fuer Freeride und Telemark sehr gut. Die optimalste Zeitspanne dafuer ist Februar bis April. Schifahren ausserhalb der Schipisten setzt eine gute Fahrtechnik, aber auch das Kennen der Schneelage voraus.<\/p>\n<p><strong>&#8211; Tourenschi &#8211;<\/strong>\u00a0wird am besten im Bucegi, im Iezer Papusa, im Ciucas und im Fagaras Gebirge getrieben. Das Ueberqueren des Bucegi Gebirges und die Fortsetzung der Tour im Fagaras Gebirge kann eine schoene und anziehende Erfahrung sein.<\/p>\n<p><strong>&#8211; Alpinschi kombiniert mit Tourenschi\u00a0<\/strong>&#8211; kann im Bucegi und im Fagaras Gebirge getrieben werden. Man steigt hinauf ins Bucegi Gebirge, von Busteni oder von Sinaia aus, von 800 m auf 2500 m. Man faehrt die noerdlichen Taeler, das Morarului und das Cerbului Tal hinunter. Diese Touren sind im Fagaras Gebirge verglichen zum Bucegi Gebirge viel aufregender, weil sie sich ueber eine laengere Route erstrecken. Hier beginnt man in 1400 m Hoehe und kann auf 2300 m hoch steigen. Sambetei Vistisoara, Vistea Mare, Podrgului, Balea und das Doamnei Tal sind nur ein paar von den Taelern, in denen man gut Schi Fahren kann.<\/p>\n<p>Auch die Telemark-Schifahrer sind natuerlich herzlich willkommen!<\/p>\n<hr size=\"1\" \/>\n<p><strong>&#8211; Schi 1<\/strong>\u00a0&#8211; 7-taegige Schitour mit Tourenschi und Freeride. Man faehrt im Baiului, im Postavaru und im Fagaras Gebirge, in der Balea Gegend und im Doamnei -Tal. An dieser Tour koennen durchschnittliche Schifahrer teilnehmen, die aber Erfahrung beim Schifahren in hohem Schnee haben.\u00a0<a href=\"https:\/\/www.mountainguide.ro\/de\/schi-touren-im-fogarascher-gebirge\/\">Details zur Tour.<\/a><\/p>\n<a href=\"http:\/\/www.mountainguide.ro\/wp-content\/uploads\/2010\/01\/skimain11.jpg\" rel=\"lightbox[22]\"><img loading=\"lazy\" decoding=\"async\" title=\"Freeride im Bucegi gebirge\" src=\"http:\/\/www.mountainguide.ro\/wp-content\/uploads\/2010\/01\/skimain11.jpg\" alt=\"Freeride im Bucegi gebirge\" width=\"630\" height=\"210\" \/><\/a>\n<p><strong>&#8211; Schi 2<\/strong>\u00a0&#8211; 8-taegige Schitour mit Tourenschi und Freeride. Man faehrt im Postavaru und im Fagaras Gebirge, in der Balea &#8211; Gegend und im Sambetei -Tal. An dieser Tour koennen erfahrene Schifahrer teilnehmen, die auch Erfahrung beim Schifahren in hohem Schnee haben.\u00a0<a href=\"https:\/\/www.mountainguide.ro\/de\/freeride-im-fagaras-gebirge\/\">Details zur Tour.<\/a><\/p>\n<a href=\"http:\/\/www.mountainguide.ro\/wp-content\/uploads\/2010\/01\/skitur21.jpg\" rel=\"lightbox[22]\"><img loading=\"lazy\" decoding=\"async\" title=\"Schitouren im Bucegi gebirge\" src=\"http:\/\/www.mountainguide.ro\/wp-content\/uploads\/2010\/01\/skitur21.jpg\" alt=\"Schitouren im Bucegi gebirge\" width=\"630\" height=\"210\" \/><\/a>\n<p><strong>&#8211; Schi 3<\/strong>\u00a0&#8211; 8-taegige Schitour mit Tourenschi und Freeride im Bucegi und im Fagaras Gebirge. Schifahrt im Gaura, Ialomitei, Cerbului, Doamnei, Balii und Sambetei Tal. An dieser Tour koennen erfahrene Schifahrer teilnehmen, die auch Erfahrung beim Schi Fahren in hohem Schnee haben.\u00a0<a href=\"https:\/\/www.mountainguide.ro\/de\/freeride-im-fagaras-und-bucegi\/\">Details zur Tour.<\/a><\/p>\n<a href=\"http:\/\/www.mountainguide.ro\/wp-content\/uploads\/2010\/01\/skitur31.jpg\" rel=\"lightbox[22]\"><img loading=\"lazy\" decoding=\"async\" title=\"Schitouren im Fagaras gebirge\" src=\"http:\/\/www.mountainguide.ro\/wp-content\/uploads\/2010\/01\/skitur31.jpg\" alt=\"Schitouren im Fagaras gebirge\" width=\"630\" height=\"210\" \/><\/a>\n<p>Alle anderen Touren sind auf Anfrage erh\u00e4ltlich, so k\u00f6nnen Sie uns gerne f\u00fcr weitere Optionen zu\u00a0<a href=\"mailto:contact@mountainguide.ro\">kontaktieren<\/a>!<\/p>","protected":false},"excerpt":{"rendered":"<p>&#8211; Freeride und Telemark\u00a0&#8211; nicht eingerichtete Schipisten, aber sehr anspruchsvolle, befinden sich im Bucegi und im Fagaras Gebirge. Die steilen Taeler des Bucegi Gebirges und die langen Taeler des Fagaras Gebirge sind fuer Freeride und Telemark sehr gut. Die optimalste Zeitspanne dafuer ist Februar bis April. Schifahren ausserhalb der Schipisten setzt eine gute Fahrtechnik, aber&#8230;  <a class=\"excerpt-read-more\" href=\"https:\/\/www.mountainguide.ro\/de\/tourenschi-freeride-rumaenien\/skitouren-in-den-rumanischen-bergen\/\" title=\"Read Skitouren in den rum\u00e4nischen Bergen\">Weiter &raquo;<\/a><\/p>\n","protected":false},"author":3,"featured_media":0,"parent":9470,"menu_order":20,"comment_status":"open","ping_status":"closed","template":"","meta":{"footnotes":""},"tags":[],"class_list":["post-22","page","type-page","status-publish","hentry"],"yoast_head":"<!-- This site is optimized with the Yoast SEO plugin v27.3 - https:\/\/yoast.com\/product\/yoast-seo-wordpress\/ -->\n<title>Skitouren in den rum\u00e4nischen Bergen - mountainguide.ro<\/title>\n<meta name=\"robots\" content=\"index, follow, max-snippet:-1, max-image-preview:large, max-video-preview:-1\" \/>\n<link rel=\"canonical\" href=\"https:\/\/www.mountainguide.ro\/de\/ski-touring-freeride-romania\/ski-touring-in-romanian-mountains\/\" \/>\n<meta property=\"og:locale\" content=\"de_DE\" \/>\n<meta property=\"og:type\" content=\"article\" \/>\n<meta property=\"og:title\" content=\"Skitouren in den rum\u00e4nischen Bergen - mountainguide.ro\" \/>\n<meta property=\"og:description\" content=\"&#8211; Freeride und Telemark\u00a0&#8211; nicht eingerichtete Schipisten, aber sehr anspruchsvolle, befinden sich im Bucegi und im Fagaras Gebirge. Die steilen Taeler des Bucegi Gebirges und die langen Taeler des Fagaras Gebirge sind fuer Freeride und Telemark sehr gut. Die optimalste Zeitspanne dafuer ist Februar bis April. Schifahren ausserhalb der Schipisten setzt eine gute Fahrtechnik, aber... Weiter &raquo;\" \/>\n<meta property=\"og:url\" content=\"http:\/\/www.mountainguide.ro\/de\/ski-touring-freeride-romania\/ski-touring-in-romanian-mountains\/\" \/>\n<meta property=\"og:site_name\" content=\"Bergf\u00fchrer f\u00fcr Bergtouren in den rum\u00e4nischen Bergen\" \/>\n<meta property=\"article:publisher\" content=\"https:\/\/www.facebook.com\/mountainguide.ro\/\" \/>\n<meta property=\"article:modified_time\" content=\"2022-03-08T15:56:27+00:00\" \/>\n<meta property=\"og:image\" content=\"http:\/\/www.mountainguide.ro\/wp-content\/uploads\/2010\/01\/skimain1.jpg\" \/>\n<meta name=\"twitter:card\" content=\"summary_large_image\" \/>\n<meta name=\"twitter:label1\" content=\"Gesch\u00e4tzte Lesezeit\" \/>\n\t<meta name=\"twitter:data1\" content=\"3\u00a0Minuten\" \/>\n<script type=\"application\/ld+json\" class=\"yoast-schema-graph\">{\"@context\":\"https:\\\/\\\/schema.org\",\"@graph\":[{\"@type\":\"WebPage\",\"@id\":\"https:\\\/\\\/www.mountainguide.ro\\\/de\\\/ski-touring-freeride-romania\\\/ski-touring-in-romanian-mountains\\\/\",\"url\":\"https:\\\/\\\/www.mountainguide.ro\\\/de\\\/ski-touring-freeride-romania\\\/ski-touring-in-romanian-mountains\\\/\",\"name\":\"Skitouren in den rum\u00e4nischen Bergen - mountainguide.ro\",\"isPartOf\":{\"@id\":\"https:\\\/\\\/www.mountainguide.ro\\\/de\\\/#website\"},\"primaryImageOfPage\":{\"@id\":\"https:\\\/\\\/www.mountainguide.ro\\\/de\\\/ski-touring-freeride-romania\\\/ski-touring-in-romanian-mountains\\\/#primaryimage\"},\"image\":{\"@id\":\"https:\\\/\\\/www.mountainguide.ro\\\/en\\\/ski-touring-freeride-romania\\\/ski-touring-in-romanian-mountains\\\/#primaryimage\"},\"thumbnailUrl\":\"http:\\\/\\\/www.mountainguide.ro\\\/wp-content\\\/uploads\\\/2010\\\/01\\\/skimain1.jpg\",\"datePublished\":\"2010-01-11T10:50:36+00:00\",\"dateModified\":\"2022-03-08T15:56:27+00:00\",\"breadcrumb\":{\"@id\":\"https:\\\/\\\/www.mountainguide.ro\\\/de\\\/ski-touring-freeride-romania\\\/ski-touring-in-romanian-mountains\\\/#breadcrumb\"},\"inLanguage\":\"de\",\"potentialAction\":[{\"@type\":\"ReadAction\",\"target\":[[\"https:\\\/\\\/www.mountainguide.ro\\\/de\\\/ski-touring-freeride-romania\\\/ski-touring-in-romanian-mountains\\\/\"]]}]},{\"@type\":\"ImageObject\",\"inLanguage\":\"de\",\"@id\":\"https:\\\/\\\/www.mountainguide.ro\\\/de\\\/ski-touring-freeride-romania\\\/ski-touring-in-romanian-mountains\\\/#primaryimage\",\"url\":\"http:\\\/\\\/www.mountainguide.ro\\\/wp-content\\\/uploads\\\/2010\\\/01\\\/skimain1.jpg\",\"contentUrl\":\"http:\\\/\\\/www.mountainguide.ro\\\/wp-content\\\/uploads\\\/2010\\\/01\\\/skimain1.jpg\"},{\"@type\":\"BreadcrumbList\",\"@id\":\"https:\\\/\\\/www.mountainguide.ro\\\/de\\\/ski-touring-freeride-romania\\\/ski-touring-in-romanian-mountains\\\/#breadcrumb\",\"itemListElement\":[{\"@type\":\"ListItem\",\"position\":1,\"name\":\"Home\",\"item\":\"https:\\\/\\\/www.mountainguide.ro\\\/de\\\/\"},{\"@type\":\"ListItem\",\"position\":2,\"name\":\"Unspoilt mountain territory\",\"item\":\"https:\\\/\\\/www.mountainguide.ro\\\/de\\\/ski-touring-freeride-romania\\\/\"},{\"@type\":\"ListItem\",\"position\":3,\"name\":\"Ski touring in Romanian mountains\"}]},{\"@type\":\"WebSite\",\"@id\":\"https:\\\/\\\/www.mountainguide.ro\\\/de\\\/#website\",\"url\":\"https:\\\/\\\/www.mountainguide.ro\\\/de\\\/\",\"name\":\"Bergf\u00fchrer f\u00fcr Bergtouren in den rum\u00e4nischen Bergen\",\"description\":\"Trekking, Wandern, Skitouren in Rum\u00e4nien\",\"potentialAction\":[{\"@type\":\"SearchAction\",\"target\":{\"@type\":\"EntryPoint\",\"urlTemplate\":\"https:\\\/\\\/www.mountainguide.ro\\\/de\\\/?s={search_term_string}\"},\"query-input\":{\"@type\":\"PropertyValueSpecification\",\"valueRequired\":true,\"valueName\":\"search_term_string\"}}],\"inLanguage\":\"de\"}]}<\/script>\n<!-- \/ Yoast SEO plugin. -->","yoast_head_json":{"title":"Skitouren in den rum\u00e4nischen Bergen - mountainguide.ro","robots":{"index":"index","follow":"follow","max-snippet":"max-snippet:-1","max-image-preview":"max-image-preview:large","max-video-preview":"max-video-preview:-1"},"canonical":"https:\/\/www.mountainguide.ro\/de\/ski-touring-freeride-romania\/ski-touring-in-romanian-mountains\/","og_locale":"de_DE","og_type":"article","og_title":"Skitouren in den rum\u00e4nischen Bergen - mountainguide.ro","og_description":"&#8211; Freeride und Telemark\u00a0&#8211; nicht eingerichtete Schipisten, aber sehr anspruchsvolle, befinden sich im Bucegi und im Fagaras Gebirge. Die steilen Taeler des Bucegi Gebirges und die langen Taeler des Fagaras Gebirge sind fuer Freeride und Telemark sehr gut. Die optimalste Zeitspanne dafuer ist Februar bis April. Schifahren ausserhalb der Schipisten setzt eine gute Fahrtechnik, aber... Weiter &raquo;","og_url":"http:\/\/www.mountainguide.ro\/de\/ski-touring-freeride-romania\/ski-touring-in-romanian-mountains\/","og_site_name":"Bergf\u00fchrer f\u00fcr Bergtouren in den rum\u00e4nischen Bergen","article_publisher":"https:\/\/www.facebook.com\/mountainguide.ro\/","article_modified_time":"2022-03-08T15:56:27+00:00","og_image":[{"url":"http:\/\/www.mountainguide.ro\/wp-content\/uploads\/2010\/01\/skimain1.jpg","type":"","width":"","height":""}],"twitter_card":"summary_large_image","twitter_misc":{"Gesch\u00e4tzte Lesezeit":"3\u00a0Minuten"},"schema":{"@context":"https:\/\/schema.org","@graph":[{"@type":"WebPage","@id":"https:\/\/www.mountainguide.ro\/de\/ski-touring-freeride-romania\/ski-touring-in-romanian-mountains\/","url":"https:\/\/www.mountainguide.ro\/de\/ski-touring-freeride-romania\/ski-touring-in-romanian-mountains\/","name":"Skitouren in den rum\u00e4nischen Bergen - mountainguide.ro","isPartOf":{"@id":"https:\/\/www.mountainguide.ro\/de\/#website"},"primaryImageOfPage":{"@id":"https:\/\/www.mountainguide.ro\/de\/ski-touring-freeride-romania\/ski-touring-in-romanian-mountains\/#primaryimage"},"image":{"@id":"https:\/\/www.mountainguide.ro\/en\/ski-touring-freeride-romania\/ski-touring-in-romanian-mountains\/#primaryimage"},"thumbnailUrl":"http:\/\/www.mountainguide.ro\/wp-content\/uploads\/2010\/01\/skimain1.jpg","datePublished":"2010-01-11T10:50:36+00:00","dateModified":"2022-03-08T15:56:27+00:00","breadcrumb":{"@id":"https:\/\/www.mountainguide.ro\/de\/ski-touring-freeride-romania\/ski-touring-in-romanian-mountains\/#breadcrumb"},"inLanguage":"de","potentialAction":[{"@type":"ReadAction","target":[["https:\/\/www.mountainguide.ro\/de\/ski-touring-freeride-romania\/ski-touring-in-romanian-mountains\/"]]}]},{"@type":"ImageObject","inLanguage":"de","@id":"https:\/\/www.mountainguide.ro\/de\/ski-touring-freeride-romania\/ski-touring-in-romanian-mountains\/#primaryimage","url":"http:\/\/www.mountainguide.ro\/wp-content\/uploads\/2010\/01\/skimain1.jpg","contentUrl":"http:\/\/www.mountainguide.ro\/wp-content\/uploads\/2010\/01\/skimain1.jpg"},{"@type":"BreadcrumbList","@id":"https:\/\/www.mountainguide.ro\/de\/ski-touring-freeride-romania\/ski-touring-in-romanian-mountains\/#breadcrumb","itemListElement":[{"@type":"ListItem","position":1,"name":"Home","item":"https:\/\/www.mountainguide.ro\/de\/"},{"@type":"ListItem","position":2,"name":"Unspoilt mountain territory","item":"https:\/\/www.mountainguide.ro\/de\/ski-touring-freeride-romania\/"},{"@type":"ListItem","position":3,"name":"Ski touring in Romanian mountains"}]},{"@type":"WebSite","@id":"https:\/\/www.mountainguide.ro\/de\/#website","url":"https:\/\/www.mountainguide.ro\/de\/","name":"Bergf\u00fchrer f\u00fcr Bergtouren in den rum\u00e4nischen Bergen","description":"Trekking, Wandern, Skitouren in Rum\u00e4nien","potentialAction":[{"@type":"SearchAction","target":{"@type":"EntryPoint","urlTemplate":"https:\/\/www.mountainguide.ro\/de\/?s={search_term_string}"},"query-input":{"@type":"PropertyValueSpecification","valueRequired":true,"valueName":"search_term_string"}}],"inLanguage":"de"}]}},"_links":{"self":[{"href":"https:\/\/www.mountainguide.ro\/de\/wp-json\/wp\/v2\/pages\/22","targetHints":{"allow":["GET"]}}],"collection":[{"href":"https:\/\/www.mountainguide.ro\/de\/wp-json\/wp\/v2\/pages"}],"about":[{"href":"https:\/\/www.mountainguide.ro\/de\/wp-json\/wp\/v2\/types\/page"}],"author":[{"embeddable":true,"href":"https:\/\/www.mountainguide.ro\/de\/wp-json\/wp\/v2\/users\/3"}],"replies":[{"embeddable":true,"href":"https:\/\/www.mountainguide.ro\/de\/wp-json\/wp\/v2\/comments?post=22"}],"version-history":[{"count":4,"href":"https:\/\/www.mountainguide.ro\/de\/wp-json\/wp\/v2\/pages\/22\/revisions"}],"predecessor-version":[{"id":15098,"href":"https:\/\/www.mountainguide.ro\/de\/wp-json\/wp\/v2\/pages\/22\/revisions\/15098"}],"up":[{"embeddable":true,"href":"https:\/\/www.mountainguide.ro\/de\/wp-json\/wp\/v2\/pages\/9470"}],"wp:attachment":[{"href":"https:\/\/www.mountainguide.ro\/de\/wp-json\/wp\/v2\/media?parent=22"}],"wp:term":[{"taxonomy":"post_tag","embeddable":true,"href":"https:\/\/www.mountainguide.ro\/de\/wp-json\/wp\/v2\/tags?post=22"}],"curies":[{"name":"wp","href":"https:\/\/api.w.org\/{rel}","templated":true}]}}