{"id":20,"date":"2010-01-11T10:50:11","date_gmt":"2010-01-11T10:50:11","guid":{"rendered":"http:\/\/biz75.inmotionhosting.com\/~mounta38\/?page_id=20"},"modified":"2022-03-08T17:54:40","modified_gmt":"2022-03-08T15:54:40","slug":"hiking-trekking-romania","status":"publish","type":"page","link":"https:\/\/www.mountainguide.ro\/de\/bergtouren-rumaenien\/bergwandern-in-rumanien-fagaras-und-bucegi-gebirge\/","title":{"rendered":"Bergwandern in Rum\u00e4nien Fagaras und Bucegi-Gebirge"},"content":{"rendered":"<p>Bergwanderungen, so genannte trekking-tours, koennen das ganze Jahr ueber, unabhaengig von der Jahreszeit, unternommen werden. Diese Wanderungen werden in sicheren Gebieten, in denen keine Gefahren f\u00fcr die Teilnehmer bestehen, durchgefuehrt. Teilnehmen koennen alle Naturliebhaber, es gibt keine Altersgrenze. Die wichtigsten Gebiete fuer solche Wanderungen sind das Fagaras Gebirge, Bucegi, Piatra Craiului und Baiului. Auf dieser Seite finden Sie einige allgemeine Vorschlaege. Wir koennen Ihnen aber auch Programme ueberall in den Bergen Rumaeniens anbieten.<\/p>\n<hr size=\"1\" \/>\n<p><strong>&#8211; Bergwanderungen 1 &#8211;<\/strong>\u00a0Im Verlauf einer Woche werden wir die wichtigsten Gebirgsmassive aus unserem Land -Fagaras und Bucegi Gebirge-, ueberqueren, wobei wir aber auch die hoechsten Bergspitzen der rumaenischen Karparten \u2013Moldoveanu 2545 m, Negoiu 2535 m, Vistea Mare 2527m-, besteigen werden. Die Uebernachtung erfolgt in Berghuetten oder in Pensionen.\u00a0<a href=\"https:\/\/www.mountainguide.ro\/de\/bergwandern-in-rumaenien\/\">Details zur Exkursion.<\/a><\/p>\n<img loading=\"lazy\" decoding=\"async\" title=\"Caltun zee in Fagaras gebirge\" src=\"http:\/\/www.mountainguide.ro\/wp-content\/uploads\/2010\/01\/tur12.jpg\" alt=\"Caltun zee in Fagaras gebirge\" width=\"630\" height=\"210\" \/>\n<hr size=\"1\" \/>\n<p><strong>&#8211; Bergwanderungen 2<\/strong>\u00a0&#8211; 8-taegige Wanderung im Fagaras Gebirge, mit Besteigen der 3 hoechsten Spitzen der rumaenischen Karpaten: Moldoveanu-2545 m, Negoiu-2535 m und Vistea Mare-2527 m. Die Uebernachtung erfolgt in Berghuetten.\u00a0<a href=\"https:\/\/www.mountainguide.ro\/de\/bergwandern-fagaras-gebirge\/\">Details zur Exkursion.<\/a><\/p>\n<img loading=\"lazy\" decoding=\"async\" title=\"Wanderung im Fagaras Gebirge\" src=\"http:\/\/www.mountainguide.ro\/wp-content\/uploads\/2010\/01\/tur21.jpg\" alt=\"\" width=\"630\" height=\"210\" \/>\n<hr size=\"1\" \/>\n<p><strong>&#8211; Wanderungen 3<\/strong>\u00a0&#8211; 7-taegige Wanderung in der Gegend Bran-Moeciu-Sirnea, mit Tagesausflug ins Piatra Craiului Gebirge. Die Uebernachtung erfolgt in der Curmatura Huette und in privaten Pensionen.\u00a0<a href=\"https:\/\/www.mountainguide.ro\/de\/wandern-rumaenien-karpaten\/\">Details zur Exkursion.<\/a><\/p>\n<img loading=\"lazy\" decoding=\"async\" title=\"Bucegi gebirge\" src=\"http:\/\/www.mountainguide.ro\/wp-content\/uploads\/2010\/01\/tur31.jpg\" alt=\"Bucegi gebirge\" width=\"630\" height=\"211\" \/>\n<hr size=\"1\" \/>\n<p><strong>&#8211; Wanderungen 4<\/strong>\u00a0&#8211; 9-taegige Wanderung im Baiului Gebirge, in den westlichen und oestlichen Teilen des Bucegi Gebirges und im Nationalpark Piatra Craiului.\u00a0<a href=\"https:\/\/www.mountainguide.ro\/de\/bergwandern-in-koenigsstein-und-bucegi-gebirge\/\">Details zur Exkursion.<\/a><\/p>\n<p><img loading=\"lazy\" decoding=\"async\" title=\"Moeciu de Sus dorf\" src=\"http:\/\/www.mountainguide.ro\/wp-content\/uploads\/2010\/01\/tur41.jpg\" alt=\"Moeciu de Sus dorf\" width=\"630\" height=\"210\" \/><\/p>","protected":false},"excerpt":{"rendered":"<p>Bergwanderungen, so genannte trekking-tours, koennen das ganze Jahr ueber, unabhaengig von der Jahreszeit, unternommen werden. Diese Wanderungen werden in sicheren Gebieten, in denen keine Gefahren f\u00fcr die Teilnehmer bestehen, durchgefuehrt. Teilnehmen koennen alle Naturliebhaber, es gibt keine Altersgrenze. Die wichtigsten Gebiete fuer solche Wanderungen sind das Fagaras Gebirge, Bucegi, Piatra Craiului und Baiului. Auf dieser&#8230;  <a class=\"excerpt-read-more\" href=\"https:\/\/www.mountainguide.ro\/de\/bergtouren-rumaenien\/bergwandern-in-rumanien-fagaras-und-bucegi-gebirge\/\" title=\"Read Bergwandern in Rum\u00e4nien Fagaras und Bucegi-Gebirge\">Weiter &raquo;<\/a><\/p>\n","protected":false},"author":3,"featured_media":0,"parent":9390,"menu_order":10,"comment_status":"open","ping_status":"closed","template":"","meta":{"footnotes":""},"tags":[],"class_list":["post-20","page","type-page","status-publish","hentry"],"yoast_head":"<!-- This site is optimized with the Yoast SEO plugin v27.3 - https:\/\/yoast.com\/product\/yoast-seo-wordpress\/ -->\n<title>Bergwandern in Rum\u00e4nien Fagaras und Bucegi-Gebirge - mountainguide.ro<\/title>\n<meta name=\"robots\" content=\"index, follow, max-snippet:-1, max-image-preview:large, max-video-preview:-1\" \/>\n<link rel=\"canonical\" href=\"https:\/\/www.mountainguide.ro\/de\/hiking-tours-romania\/hiking-in-romania-fagaras-and-bucegi-mountains\/\" \/>\n<meta property=\"og:locale\" content=\"de_DE\" \/>\n<meta property=\"og:type\" content=\"article\" \/>\n<meta property=\"og:title\" content=\"Bergwandern in Rum\u00e4nien Fagaras und Bucegi-Gebirge - mountainguide.ro\" \/>\n<meta property=\"og:description\" content=\"Bergwanderungen, so genannte trekking-tours, koennen das ganze Jahr ueber, unabhaengig von der Jahreszeit, unternommen werden. Diese Wanderungen werden in sicheren Gebieten, in denen keine Gefahren f\u00fcr die Teilnehmer bestehen, durchgefuehrt. Teilnehmen koennen alle Naturliebhaber, es gibt keine Altersgrenze. Die wichtigsten Gebiete fuer solche Wanderungen sind das Fagaras Gebirge, Bucegi, Piatra Craiului und Baiului. Auf dieser... Weiter &raquo;\" \/>\n<meta property=\"og:url\" content=\"http:\/\/www.mountainguide.ro\/de\/hiking-tours-romania\/hiking-in-romania-fagaras-and-bucegi-mountains\/\" \/>\n<meta property=\"og:site_name\" content=\"Bergf\u00fchrer f\u00fcr Bergtouren in den rum\u00e4nischen Bergen\" \/>\n<meta property=\"article:publisher\" content=\"https:\/\/www.facebook.com\/mountainguide.ro\/\" \/>\n<meta property=\"article:modified_time\" content=\"2022-03-08T15:54:40+00:00\" \/>\n<meta property=\"og:image\" content=\"http:\/\/www.mountainguide.ro\/wp-content\/uploads\/2010\/01\/tur1.jpg\" \/>\n<meta name=\"twitter:card\" content=\"summary_large_image\" \/>\n<meta name=\"twitter:label1\" content=\"Gesch\u00e4tzte Lesezeit\" \/>\n\t<meta name=\"twitter:data1\" content=\"2\u00a0Minuten\" \/>\n<script type=\"application\/ld+json\" class=\"yoast-schema-graph\">{\"@context\":\"https:\\\/\\\/schema.org\",\"@graph\":[{\"@type\":\"WebPage\",\"@id\":\"https:\\\/\\\/www.mountainguide.ro\\\/de\\\/hiking-tours-romania\\\/hiking-in-romania-fagaras-and-bucegi-mountains\\\/\",\"url\":\"https:\\\/\\\/www.mountainguide.ro\\\/de\\\/hiking-tours-romania\\\/hiking-in-romania-fagaras-and-bucegi-mountains\\\/\",\"name\":\"Bergwandern in Rum\u00e4nien Fagaras und Bucegi-Gebirge - mountainguide.ro\",\"isPartOf\":{\"@id\":\"https:\\\/\\\/www.mountainguide.ro\\\/de\\\/#website\"},\"primaryImageOfPage\":{\"@id\":\"https:\\\/\\\/www.mountainguide.ro\\\/de\\\/hiking-tours-romania\\\/hiking-in-romania-fagaras-and-bucegi-mountains\\\/#primaryimage\"},\"image\":{\"@id\":\"https:\\\/\\\/www.mountainguide.ro\\\/en\\\/hiking-tours-romania\\\/hiking-in-romania-fagaras-and-bucegi-mountains\\\/#primaryimage\"},\"thumbnailUrl\":\"http:\\\/\\\/www.mountainguide.ro\\\/wp-content\\\/uploads\\\/2010\\\/01\\\/tur1.jpg\",\"datePublished\":\"2010-01-11T10:50:11+00:00\",\"dateModified\":\"2022-03-08T15:54:40+00:00\",\"breadcrumb\":{\"@id\":\"https:\\\/\\\/www.mountainguide.ro\\\/de\\\/hiking-tours-romania\\\/hiking-in-romania-fagaras-and-bucegi-mountains\\\/#breadcrumb\"},\"inLanguage\":\"de\",\"potentialAction\":[{\"@type\":\"ReadAction\",\"target\":[[\"https:\\\/\\\/www.mountainguide.ro\\\/de\\\/hiking-tours-romania\\\/hiking-in-romania-fagaras-and-bucegi-mountains\\\/\"]]}]},{\"@type\":\"ImageObject\",\"inLanguage\":\"de\",\"@id\":\"https:\\\/\\\/www.mountainguide.ro\\\/de\\\/hiking-tours-romania\\\/hiking-in-romania-fagaras-and-bucegi-mountains\\\/#primaryimage\",\"url\":\"http:\\\/\\\/www.mountainguide.ro\\\/wp-content\\\/uploads\\\/2010\\\/01\\\/tur1.jpg\",\"contentUrl\":\"http:\\\/\\\/www.mountainguide.ro\\\/wp-content\\\/uploads\\\/2010\\\/01\\\/tur1.jpg\"},{\"@type\":\"BreadcrumbList\",\"@id\":\"https:\\\/\\\/www.mountainguide.ro\\\/de\\\/hiking-tours-romania\\\/hiking-in-romania-fagaras-and-bucegi-mountains\\\/#breadcrumb\",\"itemListElement\":[{\"@type\":\"ListItem\",\"position\":1,\"name\":\"Home\",\"item\":\"https:\\\/\\\/www.mountainguide.ro\\\/de\\\/\"},{\"@type\":\"ListItem\",\"position\":2,\"name\":\"Walking on the borders of old empires\",\"item\":\"https:\\\/\\\/www.mountainguide.ro\\\/de\\\/hiking-tours-romania\\\/\"},{\"@type\":\"ListItem\",\"position\":3,\"name\":\"Hiking in Romania, Fagaras and Bucegi mountains\"}]},{\"@type\":\"WebSite\",\"@id\":\"https:\\\/\\\/www.mountainguide.ro\\\/de\\\/#website\",\"url\":\"https:\\\/\\\/www.mountainguide.ro\\\/de\\\/\",\"name\":\"Bergf\u00fchrer f\u00fcr Bergtouren in den rum\u00e4nischen Bergen\",\"description\":\"Trekking, Wandern, Skitouren in Rum\u00e4nien\",\"potentialAction\":[{\"@type\":\"SearchAction\",\"target\":{\"@type\":\"EntryPoint\",\"urlTemplate\":\"https:\\\/\\\/www.mountainguide.ro\\\/de\\\/?s={search_term_string}\"},\"query-input\":{\"@type\":\"PropertyValueSpecification\",\"valueRequired\":true,\"valueName\":\"search_term_string\"}}],\"inLanguage\":\"de\"}]}<\/script>\n<!-- \/ Yoast SEO plugin. -->","yoast_head_json":{"title":"Bergwandern in Rum\u00e4nien Fagaras und Bucegi-Gebirge - mountainguide.ro","robots":{"index":"index","follow":"follow","max-snippet":"max-snippet:-1","max-image-preview":"max-image-preview:large","max-video-preview":"max-video-preview:-1"},"canonical":"https:\/\/www.mountainguide.ro\/de\/hiking-tours-romania\/hiking-in-romania-fagaras-and-bucegi-mountains\/","og_locale":"de_DE","og_type":"article","og_title":"Bergwandern in Rum\u00e4nien Fagaras und Bucegi-Gebirge - mountainguide.ro","og_description":"Bergwanderungen, so genannte trekking-tours, koennen das ganze Jahr ueber, unabhaengig von der Jahreszeit, unternommen werden. Diese Wanderungen werden in sicheren Gebieten, in denen keine Gefahren f\u00fcr die Teilnehmer bestehen, durchgefuehrt. Teilnehmen koennen alle Naturliebhaber, es gibt keine Altersgrenze. Die wichtigsten Gebiete fuer solche Wanderungen sind das Fagaras Gebirge, Bucegi, Piatra Craiului und Baiului. Auf dieser... Weiter &raquo;","og_url":"http:\/\/www.mountainguide.ro\/de\/hiking-tours-romania\/hiking-in-romania-fagaras-and-bucegi-mountains\/","og_site_name":"Bergf\u00fchrer f\u00fcr Bergtouren in den rum\u00e4nischen Bergen","article_publisher":"https:\/\/www.facebook.com\/mountainguide.ro\/","article_modified_time":"2022-03-08T15:54:40+00:00","og_image":[{"url":"http:\/\/www.mountainguide.ro\/wp-content\/uploads\/2010\/01\/tur1.jpg","type":"","width":"","height":""}],"twitter_card":"summary_large_image","twitter_misc":{"Gesch\u00e4tzte Lesezeit":"2\u00a0Minuten"},"schema":{"@context":"https:\/\/schema.org","@graph":[{"@type":"WebPage","@id":"https:\/\/www.mountainguide.ro\/de\/hiking-tours-romania\/hiking-in-romania-fagaras-and-bucegi-mountains\/","url":"https:\/\/www.mountainguide.ro\/de\/hiking-tours-romania\/hiking-in-romania-fagaras-and-bucegi-mountains\/","name":"Bergwandern in Rum\u00e4nien Fagaras und Bucegi-Gebirge - mountainguide.ro","isPartOf":{"@id":"https:\/\/www.mountainguide.ro\/de\/#website"},"primaryImageOfPage":{"@id":"https:\/\/www.mountainguide.ro\/de\/hiking-tours-romania\/hiking-in-romania-fagaras-and-bucegi-mountains\/#primaryimage"},"image":{"@id":"https:\/\/www.mountainguide.ro\/en\/hiking-tours-romania\/hiking-in-romania-fagaras-and-bucegi-mountains\/#primaryimage"},"thumbnailUrl":"http:\/\/www.mountainguide.ro\/wp-content\/uploads\/2010\/01\/tur1.jpg","datePublished":"2010-01-11T10:50:11+00:00","dateModified":"2022-03-08T15:54:40+00:00","breadcrumb":{"@id":"https:\/\/www.mountainguide.ro\/de\/hiking-tours-romania\/hiking-in-romania-fagaras-and-bucegi-mountains\/#breadcrumb"},"inLanguage":"de","potentialAction":[{"@type":"ReadAction","target":[["https:\/\/www.mountainguide.ro\/de\/hiking-tours-romania\/hiking-in-romania-fagaras-and-bucegi-mountains\/"]]}]},{"@type":"ImageObject","inLanguage":"de","@id":"https:\/\/www.mountainguide.ro\/de\/hiking-tours-romania\/hiking-in-romania-fagaras-and-bucegi-mountains\/#primaryimage","url":"http:\/\/www.mountainguide.ro\/wp-content\/uploads\/2010\/01\/tur1.jpg","contentUrl":"http:\/\/www.mountainguide.ro\/wp-content\/uploads\/2010\/01\/tur1.jpg"},{"@type":"BreadcrumbList","@id":"https:\/\/www.mountainguide.ro\/de\/hiking-tours-romania\/hiking-in-romania-fagaras-and-bucegi-mountains\/#breadcrumb","itemListElement":[{"@type":"ListItem","position":1,"name":"Home","item":"https:\/\/www.mountainguide.ro\/de\/"},{"@type":"ListItem","position":2,"name":"Walking on the borders of old empires","item":"https:\/\/www.mountainguide.ro\/de\/hiking-tours-romania\/"},{"@type":"ListItem","position":3,"name":"Hiking in Romania, Fagaras and Bucegi mountains"}]},{"@type":"WebSite","@id":"https:\/\/www.mountainguide.ro\/de\/#website","url":"https:\/\/www.mountainguide.ro\/de\/","name":"Bergf\u00fchrer f\u00fcr Bergtouren in den rum\u00e4nischen Bergen","description":"Trekking, Wandern, Skitouren in Rum\u00e4nien","potentialAction":[{"@type":"SearchAction","target":{"@type":"EntryPoint","urlTemplate":"https:\/\/www.mountainguide.ro\/de\/?s={search_term_string}"},"query-input":{"@type":"PropertyValueSpecification","valueRequired":true,"valueName":"search_term_string"}}],"inLanguage":"de"}]}},"_links":{"self":[{"href":"https:\/\/www.mountainguide.ro\/de\/wp-json\/wp\/v2\/pages\/20","targetHints":{"allow":["GET"]}}],"collection":[{"href":"https:\/\/www.mountainguide.ro\/de\/wp-json\/wp\/v2\/pages"}],"about":[{"href":"https:\/\/www.mountainguide.ro\/de\/wp-json\/wp\/v2\/types\/page"}],"author":[{"embeddable":true,"href":"https:\/\/www.mountainguide.ro\/de\/wp-json\/wp\/v2\/users\/3"}],"replies":[{"embeddable":true,"href":"https:\/\/www.mountainguide.ro\/de\/wp-json\/wp\/v2\/comments?post=20"}],"version-history":[{"count":4,"href":"https:\/\/www.mountainguide.ro\/de\/wp-json\/wp\/v2\/pages\/20\/revisions"}],"predecessor-version":[{"id":15097,"href":"https:\/\/www.mountainguide.ro\/de\/wp-json\/wp\/v2\/pages\/20\/revisions\/15097"}],"up":[{"embeddable":true,"href":"https:\/\/www.mountainguide.ro\/de\/wp-json\/wp\/v2\/pages\/9390"}],"wp:attachment":[{"href":"https:\/\/www.mountainguide.ro\/de\/wp-json\/wp\/v2\/media?parent=20"}],"wp:term":[{"taxonomy":"post_tag","embeddable":true,"href":"https:\/\/www.mountainguide.ro\/de\/wp-json\/wp\/v2\/tags?post=20"}],"curies":[{"name":"wp","href":"https:\/\/api.w.org\/{rel}","templated":true}]}}