{"id":2,"date":"2010-01-11T07:11:41","date_gmt":"2010-01-11T07:11:41","guid":{"rendered":"http:\/\/biz75.inmotionhosting.com\/~mounta38\/?page_id=2"},"modified":"2014-03-06T13:03:19","modified_gmt":"2014-03-06T11:03:19","slug":"romanian-mountains","status":"publish","type":"page","link":"https:\/\/www.mountainguide.ro\/de\/","title":{"rendered":"Wandern, Radfahren, Skitouren in Rum\u00e4nien"},"content":{"rendered":"<p><img loading=\"lazy\" decoding=\"async\" class=\"alignleft size-full wp-image-3064\" title=\"Gruppe von Wanderern in Fagaras Gebirge\" alt=\"Gruppe von Wanderern in Fagaras Gebirge\" src=\"http:\/\/www.mountainguide.ro\/wp-content\/uploads\/2010\/01\/fagaras-mountains2.jpg\" width=\"390\" height=\"265\" srcset=\"https:\/\/www.mountainguide.ro\/wp-content\/uploads\/2010\/01\/fagaras-mountains2.jpg 390w, https:\/\/www.mountainguide.ro\/wp-content\/uploads\/2010\/01\/fagaras-mountains2-300x203.jpg 300w\" sizes=\"auto, (max-width: 390px) 100vw, 390px\" \/>Wandern in Rum\u00e4nien, Bergwandern in Rum\u00e4nien, Skitouren in Rum\u00e4nien und verschiedene Outdoor Aktivit\u00e4ten in den Siebenb\u00fcrgischen Alpen!<br \/>\nIch hei\u00dfe Iulian Cozma und bin ein vollzeitbesch\u00e4ftigter professioneller Bergf\u00fchrer. Zusammen mit meinem Bergf\u00fchrerteam organisiere ich Touren in den rum\u00e4nischen Bergen und ich lade sie ein mehr \u00fcber Rum\u00e4nien zu entdecken. Vielleicht werden wir eines Tages zusammen in Rum\u00e4nien Wandern oder Skifahren.<\/p>\n<p>Haben Sie schon alles probiert, was Ihnen der organisierte Tourismus bieten kann? Oder gehen Sie gern in die Berge, lieben auch das Abenteuer, finden aber keinen passenden Begleiter? Haben Sie den \u201eall inclusive Tourismus\u201c satt? Dann haben Sie eben das gefunden, was Sie sich gew\u00fcnscht haben: die rum\u00e4nischen Berge! Ich organisiere Gebirgstouren d.h. Trekking, Wanderungen und Ski Touren, seit 1999. Ich garantiere Ihnen ein unvergessliches Erlebnis in den Karpaten. Ich biete Ihnen die Dienste eines vom Verein der Bergfuehrer aus Rumaenien anerkannten Bergf\u00fchrers. Aber warum sollen Sie \u00fcberhaupt einen Bergf\u00fchrer engagieren? Zum Beispiel, weil jemanden suchen, der Sie auf einer noch unbekannten Tour begleitet. Oder weil Sie Ihre Kr\u00e4fte in einer schwierigen Tour messen m\u00f6chten, aber keinen finden, der das auch w\u00fcnscht. Oder weil Sie bisher nur im Sommer im Gebirge gewesen sind, es nun aber auch gern mal im Winter probieren m\u00f6chten. Vielleicht auch, weil Sie mit den Bergen noch nicht recht vertraut sind. Oder aber weil Sie keine Tour mit einer grossen Gruppe unternehmen wollen aber auch keine Lust haben, allein unterwegs zu sein. Im Berufsleben brauchen Sie jemanden, der faehig ist in jedwelcher Situation, in den Bergen zurecht zu kommen. Sie wuerden gern Ihrem Geschaeftspartner unsere Berge zeigen, wobei Ihre und Seine Sicherheit im Vordergrund stehen.<\/p>\n<p style=\"text-align: center;\"><img loading=\"lazy\" decoding=\"async\" class=\"aligncenter size-full wp-image-2967\" title=\"Simon dorf in Siebenburgen\" alt=\"Simon dorf in Siebenburgen\" src=\"http:\/\/www.mountainguide.ro\/wp-content\/uploads\/2010\/01\/simon2.jpg\" width=\"630\" height=\"210\" srcset=\"https:\/\/www.mountainguide.ro\/wp-content\/uploads\/2010\/01\/simon2.jpg 630w, https:\/\/www.mountainguide.ro\/wp-content\/uploads\/2010\/01\/simon2-300x100.jpg 300w\" sizes=\"auto, (max-width: 630px) 100vw, 630px\" \/><\/p>\n<p>Sie machen sich Sorgen ueber schreckliche Ereignisse, die im Gebirge passieren koennten. Wie kann Ihnen ein Bergfuehrer behilflich sein? Indem er fuer Sie die noetige Ausruestung zum Bergsteigen aussucht, kauft oder mietet, indem er fuer Sie, fuer Ihre Freunde und Familie eine f\u00fcr Sie zugeschnitte Tour zusammenstellt. Sie koennen sich an professionelle erfahrene Bergfuehrer wenden, die schon viele schwierige Bergtouren in den Bergen Rumaeniens hinter sich gebracht haben, sowohl im Winter als auch im Sommer, die ausgebildet sind und auch eine Bescheinigung der zustaendigen Behoerden besitzen.<\/p>\n<p>Das Bergsteigen und das Wandern in den Bergen kann etwas Schoenes und Aufregendes, zugleich aber auch etwas Gefaerliches sein, ohne die noetige Ausruestung zu haben und ohne die Strecke richtig zu kennen! Wir organisieren Touren und Bergausfluege fuer Gruppen zwischen 1 und 10 Personen. Mit einem Bergfuehrer eine Wanderung zu unternehmen oder Ski zu fahren, heisst nichts aAnderes als sich sicher zuf\u00fchlen, entspannen, denn der Bergf\u00fchrer weiss jederzeit, wo Sie sich befinden, wie lange es noch bis zu der naechsten Schutzhuette dauert oder wo sich der Campingplatz befindet. Ihr Begleiter wird immer die besten Entscheidungen bezueglich der Strecke und der Rastplaetze treffen, er weiss, wo sich die Quellen befinden und in Notfaellen findet er immer eine Alternativloesung, weil er die Gegend sehr gut kennt.<\/p>\n<p><img loading=\"lazy\" decoding=\"async\" class=\"alignright size-full wp-image-2947\" title=\"Ciucas gebirge\" alt=\"Ciucas gebirge\" src=\"http:\/\/www.mountainguide.ro\/wp-content\/uploads\/2010\/01\/IMG_850831.jpg\" width=\"390\" height=\"292\" srcset=\"https:\/\/www.mountainguide.ro\/wp-content\/uploads\/2010\/01\/IMG_850831.jpg 390w, https:\/\/www.mountainguide.ro\/wp-content\/uploads\/2010\/01\/IMG_850831-300x224.jpg 300w\" sizes=\"auto, (max-width: 390px) 100vw, 390px\" \/>Wenn Sie ein anderes Gesicht von Rumaenien kennenlernen wollen, die Berge zum Beispiel, so wenden Sie sich an mich! Sie sind immer willkommen. Ich werde mich um alles kuemmert , Sie muessen nur mitmachen, Freude an dem jeweiligen Gebiet haben oder einfach nur Ski fahren \/ wandern wollen Alle Personen, die an Bergtouren und Wanderungen, die auf dieser Seite angeboten werden, interessiert sind, sollten die Bedingungen fuer die Durchfuehrung der Programme lesen und damit einverstanden sein. Ferner werden Sie gebeten \u2018haeufige Fragen\u2019 zu lesen. Sollten andere Fragen auftreten, wenden Sie sich bitte an mich! Sollten andere Fragen auftreten, <a href=\"mailto:contact@mountainguide.ro\">wenden Sie sich bitte an mich<\/a>!<\/p>","protected":false},"excerpt":{"rendered":"<p>Ich hei\u00dfe Iulian Cozma und bin ein vollzeitbesch\u00e4ftigter professioneller Bergf\u00fchrer. Zusammen mit meinem Bergf\u00fchrerteam organisiere ich Touren in den rum\u00e4nischen Bergen und ich lade sie ein mehr \u00fcber Rum\u00e4nien zu entdecken. Vielleicht werden wir eines Tages zusammen in Rum\u00e4nien Wandern oder Skifahren.<\/p>\n","protected":false},"author":3,"featured_media":0,"parent":0,"menu_order":10,"comment_status":"open","ping_status":"closed","template":"","meta":{"footnotes":""},"tags":[],"class_list":["post-2","page","type-page","status-publish","hentry"],"yoast_head":"<!-- This site is optimized with the Yoast SEO plugin v27.3 - https:\/\/yoast.com\/product\/yoast-seo-wordpress\/ -->\n<title>Hiking, biking, skitouring in RomaniaWandern, Radfahren, Skitouren in Rum\u00e4nienDrume\u021bie, mtb, ski de tur\u0103 \u00een Rom\u00e2nia - mountainguide.ro<\/title>\n<meta name=\"robots\" content=\"index, follow, max-snippet:-1, max-image-preview:large, max-video-preview:-1\" \/>\n<link rel=\"canonical\" href=\"https:\/\/www.mountainguide.ro\/de\/\" \/>\n<meta property=\"og:locale\" content=\"de_DE\" \/>\n<meta property=\"og:type\" content=\"article\" \/>\n<meta property=\"og:title\" content=\"Hiking, biking, skitouring in RomaniaWandern, Radfahren, Skitouren in Rum\u00e4nienDrume\u021bie, mtb, ski de tur\u0103 \u00een Rom\u00e2nia - mountainguide.ro\" \/>\n<meta property=\"og:description\" content=\"My name is Iulian Cozma and I\u2019m a full time professional mountain guide. Together with my team of mountain guides, we organize tours in the Romanian mountains. We invite you to discover more about the Carpathians. Maybe one day we will hike, bike or ski together here, in Romania! Ich hei\u00dfe Iulian Cozma und bin ein vollzeitbesch\u00e4ftigter professioneller Bergf\u00fchrer. Zusammen mit meinem Bergf\u00fchrerteam organisiere ich Touren in den rum\u00e4nischen Bergen und ich lade sie ein mehr \u00fcber Rum\u00e4nien zu entdecken. Vielleicht werden wir eines Tages zusammen in Rum\u00e4nien Wandern oder Skifahren.Ma numesc Iulian Cozma sunt ghid montan full time, si organizez ture in Muntii Romaniei, si va invit sa descoperiti mai multe despre ei, si poate intr-o buna zi vom skia sau vom traversa Creasta Fagarasului impreuna!\" \/>\n<meta property=\"og:url\" content=\"http:\/\/www.mountainguide.ro\/de\/\" \/>\n<meta property=\"og:site_name\" content=\"Bergf\u00fchrer f\u00fcr Bergtouren in den rum\u00e4nischen Bergen\" \/>\n<meta property=\"article:publisher\" content=\"https:\/\/www.facebook.com\/mountainguide.ro\/\" \/>\n<meta property=\"article:modified_time\" content=\"2014-03-06T11:03:19+00:00\" \/>\n<meta property=\"og:image\" content=\"http:\/\/www.mountainguide.ro\/wp-content\/uploads\/2010\/01\/fagaras-mountains1.jpg\" \/>\n<meta name=\"twitter:card\" content=\"summary_large_image\" \/>\n<meta name=\"twitter:label1\" content=\"Gesch\u00e4tzte Lesezeit\" \/>\n\t<meta name=\"twitter:data1\" content=\"9\u00a0Minuten\" \/>\n<script type=\"application\/ld+json\" class=\"yoast-schema-graph\">{\"@context\":\"https:\\\/\\\/schema.org\",\"@graph\":[{\"@type\":\"WebPage\",\"@id\":\"https:\\\/\\\/www.mountainguide.ro\\\/de\\\/\",\"url\":\"https:\\\/\\\/www.mountainguide.ro\\\/de\\\/\",\"name\":\"Hiking, biking, skitouring in RomaniaWandern, Radfahren, Skitouren in Rum\u00e4nienDrume\u021bie, mtb, ski de tur\u0103 \u00een Rom\u00e2nia - mountainguide.ro\",\"isPartOf\":{\"@id\":\"https:\\\/\\\/www.mountainguide.ro\\\/de\\\/#website\"},\"primaryImageOfPage\":{\"@id\":\"https:\\\/\\\/www.mountainguide.ro\\\/de\\\/#primaryimage\"},\"image\":{\"@id\":\"https:\\\/\\\/www.mountainguide.ro\\\/en\\\/#primaryimage\"},\"thumbnailUrl\":\"http:\\\/\\\/www.mountainguide.ro\\\/wp-content\\\/uploads\\\/2010\\\/01\\\/fagaras-mountains1.jpg\",\"datePublished\":\"2010-01-11T07:11:41+00:00\",\"dateModified\":\"2014-03-06T11:03:19+00:00\",\"breadcrumb\":{\"@id\":\"https:\\\/\\\/www.mountainguide.ro\\\/de\\\/#breadcrumb\"},\"inLanguage\":\"de\",\"potentialAction\":[{\"@type\":\"ReadAction\",\"target\":[[\"https:\\\/\\\/www.mountainguide.ro\\\/de\\\/\"]]}]},{\"@type\":\"ImageObject\",\"inLanguage\":\"de\",\"@id\":\"https:\\\/\\\/www.mountainguide.ro\\\/de\\\/#primaryimage\",\"url\":\"http:\\\/\\\/www.mountainguide.ro\\\/wp-content\\\/uploads\\\/2010\\\/01\\\/fagaras-mountains1.jpg\",\"contentUrl\":\"http:\\\/\\\/www.mountainguide.ro\\\/wp-content\\\/uploads\\\/2010\\\/01\\\/fagaras-mountains1.jpg\"},{\"@type\":\"BreadcrumbList\",\"@id\":\"https:\\\/\\\/www.mountainguide.ro\\\/de\\\/#breadcrumb\",\"itemListElement\":[{\"@type\":\"ListItem\",\"position\":1,\"name\":\"Home\",\"item\":\"https:\\\/\\\/www.mountainguide.ro\\\/de\\\/\"},{\"@type\":\"ListItem\",\"position\":2,\"name\":\"Hiking, biking, skitouring in Romania\"}]},{\"@type\":\"WebSite\",\"@id\":\"https:\\\/\\\/www.mountainguide.ro\\\/de\\\/#website\",\"url\":\"https:\\\/\\\/www.mountainguide.ro\\\/de\\\/\",\"name\":\"Bergf\u00fchrer f\u00fcr Bergtouren in den rum\u00e4nischen Bergen\",\"description\":\"Trekking, Wandern, Skitouren in Rum\u00e4nien\",\"potentialAction\":[{\"@type\":\"SearchAction\",\"target\":{\"@type\":\"EntryPoint\",\"urlTemplate\":\"https:\\\/\\\/www.mountainguide.ro\\\/de\\\/?s={search_term_string}\"},\"query-input\":{\"@type\":\"PropertyValueSpecification\",\"valueRequired\":true,\"valueName\":\"search_term_string\"}}],\"inLanguage\":\"de\"}]}<\/script>\n<!-- \/ Yoast SEO plugin. -->","yoast_head_json":{"title":"Hiking, biking, skitouring in RomaniaWandern, Radfahren, Skitouren in Rum\u00e4nienDrume\u021bie, mtb, ski de tur\u0103 \u00een Rom\u00e2nia - mountainguide.ro","robots":{"index":"index","follow":"follow","max-snippet":"max-snippet:-1","max-image-preview":"max-image-preview:large","max-video-preview":"max-video-preview:-1"},"canonical":"https:\/\/www.mountainguide.ro\/de\/","og_locale":"de_DE","og_type":"article","og_title":"Hiking, biking, skitouring in RomaniaWandern, Radfahren, Skitouren in Rum\u00e4nienDrume\u021bie, mtb, ski de tur\u0103 \u00een Rom\u00e2nia - mountainguide.ro","og_description":"My name is Iulian Cozma and I\u2019m a full time professional mountain guide. Together with my team of mountain guides, we organize tours in the Romanian mountains. We invite you to discover more about the Carpathians. Maybe one day we will hike, bike or ski together here, in Romania! Ich hei\u00dfe Iulian Cozma und bin ein vollzeitbesch\u00e4ftigter professioneller Bergf\u00fchrer. Zusammen mit meinem Bergf\u00fchrerteam organisiere ich Touren in den rum\u00e4nischen Bergen und ich lade sie ein mehr \u00fcber Rum\u00e4nien zu entdecken. Vielleicht werden wir eines Tages zusammen in Rum\u00e4nien Wandern oder Skifahren.Ma numesc Iulian Cozma sunt ghid montan full time, si organizez ture in Muntii Romaniei, si va invit sa descoperiti mai multe despre ei, si poate intr-o buna zi vom skia sau vom traversa Creasta Fagarasului impreuna!","og_url":"http:\/\/www.mountainguide.ro\/de\/","og_site_name":"Bergf\u00fchrer f\u00fcr Bergtouren in den rum\u00e4nischen Bergen","article_publisher":"https:\/\/www.facebook.com\/mountainguide.ro\/","article_modified_time":"2014-03-06T11:03:19+00:00","og_image":[{"url":"http:\/\/www.mountainguide.ro\/wp-content\/uploads\/2010\/01\/fagaras-mountains1.jpg","type":"","width":"","height":""}],"twitter_card":"summary_large_image","twitter_misc":{"Gesch\u00e4tzte Lesezeit":"9\u00a0Minuten"},"schema":{"@context":"https:\/\/schema.org","@graph":[{"@type":"WebPage","@id":"https:\/\/www.mountainguide.ro\/de\/","url":"https:\/\/www.mountainguide.ro\/de\/","name":"Hiking, biking, skitouring in RomaniaWandern, Radfahren, Skitouren in Rum\u00e4nienDrume\u021bie, mtb, ski de tur\u0103 \u00een Rom\u00e2nia - mountainguide.ro","isPartOf":{"@id":"https:\/\/www.mountainguide.ro\/de\/#website"},"primaryImageOfPage":{"@id":"https:\/\/www.mountainguide.ro\/de\/#primaryimage"},"image":{"@id":"https:\/\/www.mountainguide.ro\/en\/#primaryimage"},"thumbnailUrl":"http:\/\/www.mountainguide.ro\/wp-content\/uploads\/2010\/01\/fagaras-mountains1.jpg","datePublished":"2010-01-11T07:11:41+00:00","dateModified":"2014-03-06T11:03:19+00:00","breadcrumb":{"@id":"https:\/\/www.mountainguide.ro\/de\/#breadcrumb"},"inLanguage":"de","potentialAction":[{"@type":"ReadAction","target":[["https:\/\/www.mountainguide.ro\/de\/"]]}]},{"@type":"ImageObject","inLanguage":"de","@id":"https:\/\/www.mountainguide.ro\/de\/#primaryimage","url":"http:\/\/www.mountainguide.ro\/wp-content\/uploads\/2010\/01\/fagaras-mountains1.jpg","contentUrl":"http:\/\/www.mountainguide.ro\/wp-content\/uploads\/2010\/01\/fagaras-mountains1.jpg"},{"@type":"BreadcrumbList","@id":"https:\/\/www.mountainguide.ro\/de\/#breadcrumb","itemListElement":[{"@type":"ListItem","position":1,"name":"Home","item":"https:\/\/www.mountainguide.ro\/de\/"},{"@type":"ListItem","position":2,"name":"Hiking, biking, skitouring in Romania"}]},{"@type":"WebSite","@id":"https:\/\/www.mountainguide.ro\/de\/#website","url":"https:\/\/www.mountainguide.ro\/de\/","name":"Bergf\u00fchrer f\u00fcr Bergtouren in den rum\u00e4nischen Bergen","description":"Trekking, Wandern, Skitouren in Rum\u00e4nien","potentialAction":[{"@type":"SearchAction","target":{"@type":"EntryPoint","urlTemplate":"https:\/\/www.mountainguide.ro\/de\/?s={search_term_string}"},"query-input":{"@type":"PropertyValueSpecification","valueRequired":true,"valueName":"search_term_string"}}],"inLanguage":"de"}]}},"_links":{"self":[{"href":"https:\/\/www.mountainguide.ro\/de\/wp-json\/wp\/v2\/pages\/2","targetHints":{"allow":["GET"]}}],"collection":[{"href":"https:\/\/www.mountainguide.ro\/de\/wp-json\/wp\/v2\/pages"}],"about":[{"href":"https:\/\/www.mountainguide.ro\/de\/wp-json\/wp\/v2\/types\/page"}],"author":[{"embeddable":true,"href":"https:\/\/www.mountainguide.ro\/de\/wp-json\/wp\/v2\/users\/3"}],"replies":[{"embeddable":true,"href":"https:\/\/www.mountainguide.ro\/de\/wp-json\/wp\/v2\/comments?post=2"}],"version-history":[{"count":3,"href":"https:\/\/www.mountainguide.ro\/de\/wp-json\/wp\/v2\/pages\/2\/revisions"}],"predecessor-version":[{"id":10457,"href":"https:\/\/www.mountainguide.ro\/de\/wp-json\/wp\/v2\/pages\/2\/revisions\/10457"}],"wp:attachment":[{"href":"https:\/\/www.mountainguide.ro\/de\/wp-json\/wp\/v2\/media?parent=2"}],"wp:term":[{"taxonomy":"post_tag","embeddable":true,"href":"https:\/\/www.mountainguide.ro\/de\/wp-json\/wp\/v2\/tags?post=2"}],"curies":[{"name":"wp","href":"https:\/\/api.w.org\/{rel}","templated":true}]}}