{"id":10345,"date":"2014-01-22T15:58:40","date_gmt":"2014-01-22T13:58:40","guid":{"rendered":"http:\/\/www.mountainguide.ro\/?page_id=10345"},"modified":"2016-10-17T21:08:05","modified_gmt":"2016-10-17T18:08:05","slug":"testimonials-words-from-our-guests","status":"publish","type":"page","link":"https:\/\/www.mountainguide.ro\/de\/reiseberichte-wandern-skitouren-rumanien\/","title":{"rendered":"Reiseberichte &#8211; Worte von unseren G\u00e4sten"},"content":{"rendered":"<p><img loading=\"lazy\" decoding=\"async\" class=\"alignleft  wp-image-10493\" title=\"Jocki aus Deutschland, Wandern im Bucegi-Gebirge!\" alt=\"Jocki aus Deutschland, Wandern im Bucegi-Gebirge!\" src=\"http:\/\/www.mountainguide.ro\/wp-content\/uploads\/2014\/01\/MG_3025.jpg\" width=\"402\" height=\"268\" srcset=\"https:\/\/www.mountainguide.ro\/wp-content\/uploads\/2014\/01\/MG_3025.jpg 670w, https:\/\/www.mountainguide.ro\/wp-content\/uploads\/2014\/01\/MG_3025-300x200.jpg 300w, https:\/\/www.mountainguide.ro\/wp-content\/uploads\/2014\/01\/MG_3025-330x220.jpg 330w\" sizes=\"auto, (max-width: 402px) 100vw, 402px\" \/>Die beste Werbung ist ein zufriedener Kunde.<\/p>\n<div>Wie organisieren Bergtouren in Rum\u00e4nien seit dem Jahr 1999, seien es Wanderungen, Tourenski oder neuerdings auch Mountain Biking. \u00dcber die Jahre hatten wir hunderte G\u00e4ste, von denen sehr viele auch die Freundlichkeit hatten uns Ihre Erfahrungen der Reise aufzuschreiben. Wir laden Sie ein diese Erfahrungen in diesem Bereichen der Webseite zu lesen.<\/div>\n<div><\/div>\n<div>Folgen Sie den Weblinks im unteren Bereich f\u00fcr das gesamte Archiv oder klicken Sie f\u00fcr bestimmte Aktivit\u00e4ten auf die passenden Weblinks (mit Ausz\u00fcgen aus den sch\u00f6nsten Nachrichten die wir erhalten haben).<\/div>\n<p><\/p>","protected":false},"excerpt":{"rendered":"<p>Die beste Werbung ist ein zufriedener Kunde. Wie organisieren Bergtouren in Rum\u00e4nien seit dem Jahr 1999, seien es Wanderungen, Tourenski oder neuerdings auch Mountain Biking. \u00dcber die Jahre hatten wir hunderte G\u00e4ste, von denen sehr viele auch die Freundlichkeit hatten uns Ihre Erfahrungen der Reise aufzuschreiben. Wir laden Sie ein diese Erfahrungen in diesem Bereichen&#8230;  <a class=\"excerpt-read-more\" href=\"https:\/\/www.mountainguide.ro\/de\/reiseberichte-wandern-skitouren-rumanien\/\" title=\"Read Reiseberichte &#8211; Worte von unseren G\u00e4sten\">Weiter &raquo;<\/a><\/p>\n","protected":false},"author":3,"featured_media":0,"parent":0,"menu_order":0,"comment_status":"open","ping_status":"closed","template":"","meta":{"footnotes":""},"tags":[],"class_list":["post-10345","page","type-page","status-publish","hentry"],"yoast_head":"<!-- This site is optimized with the Yoast SEO plugin v27.3 - https:\/\/yoast.com\/product\/yoast-seo-wordpress\/ -->\n<title>Reiseberichte - Worte von unseren G\u00e4sten - mountainguide.ro<\/title>\n<meta name=\"robots\" content=\"index, follow, max-snippet:-1, max-image-preview:large, max-video-preview:-1\" \/>\n<link rel=\"canonical\" href=\"https:\/\/www.mountainguide.ro\/de\/reiseberichte-wandern-skitouren-rumanien\/\" \/>\n<meta property=\"og:locale\" content=\"de_DE\" \/>\n<meta property=\"og:type\" content=\"article\" \/>\n<meta property=\"og:title\" content=\"Reiseberichte - Worte von unseren G\u00e4sten - mountainguide.ro\" \/>\n<meta property=\"og:description\" content=\"Die beste Werbung ist ein zufriedener Kunde. Wie organisieren Bergtouren in Rum\u00e4nien seit dem Jahr 1999, seien es Wanderungen, Tourenski oder neuerdings auch Mountain Biking. \u00dcber die Jahre hatten wir hunderte G\u00e4ste, von denen sehr viele auch die Freundlichkeit hatten uns Ihre Erfahrungen der Reise aufzuschreiben. Wir laden Sie ein diese Erfahrungen in diesem Bereichen... Weiter &raquo;\" \/>\n<meta property=\"og:url\" content=\"http:\/\/www.mountainguide.ro\/de\/reiseberichte-wandern-skitouren-rumanien\/\" \/>\n<meta property=\"og:site_name\" content=\"Bergf\u00fchrer f\u00fcr Bergtouren in den rum\u00e4nischen Bergen\" \/>\n<meta property=\"article:publisher\" content=\"https:\/\/www.facebook.com\/mountainguide.ro\/\" \/>\n<meta property=\"article:modified_time\" content=\"2016-10-17T18:08:05+00:00\" \/>\n<meta property=\"og:image\" content=\"http:\/\/www.mountainguide.ro\/wp-content\/uploads\/2014\/01\/MG_3025.jpg\" \/>\n<meta name=\"twitter:card\" content=\"summary_large_image\" \/>\n<meta name=\"twitter:label1\" content=\"Gesch\u00e4tzte Lesezeit\" \/>\n\t<meta name=\"twitter:data1\" content=\"2\u00a0Minuten\" \/>\n<script type=\"application\/ld+json\" class=\"yoast-schema-graph\">{\"@context\":\"https:\\\/\\\/schema.org\",\"@graph\":[{\"@type\":\"WebPage\",\"@id\":\"https:\\\/\\\/www.mountainguide.ro\\\/de\\\/reiseberichte-wandern-skitouren-rumanien\\\/\",\"url\":\"https:\\\/\\\/www.mountainguide.ro\\\/de\\\/reiseberichte-wandern-skitouren-rumanien\\\/\",\"name\":\"Reiseberichte - Worte von unseren G\u00e4sten - mountainguide.ro\",\"isPartOf\":{\"@id\":\"https:\\\/\\\/www.mountainguide.ro\\\/de\\\/#website\"},\"primaryImageOfPage\":{\"@id\":\"https:\\\/\\\/www.mountainguide.ro\\\/de\\\/reiseberichte-wandern-skitouren-rumanien\\\/#primaryimage\"},\"image\":{\"@id\":\"https:\\\/\\\/www.mountainguide.ro\\\/de\\\/reiseberichte-wandern-skitouren-rumanien\\\/#primaryimage\"},\"thumbnailUrl\":\"http:\\\/\\\/www.mountainguide.ro\\\/wp-content\\\/uploads\\\/2014\\\/01\\\/MG_3025.jpg\",\"datePublished\":\"2014-01-22T13:58:40+00:00\",\"dateModified\":\"2016-10-17T18:08:05+00:00\",\"breadcrumb\":{\"@id\":\"https:\\\/\\\/www.mountainguide.ro\\\/de\\\/reiseberichte-wandern-skitouren-rumanien\\\/#breadcrumb\"},\"inLanguage\":\"de\",\"potentialAction\":[{\"@type\":\"ReadAction\",\"target\":[[\"https:\\\/\\\/www.mountainguide.ro\\\/de\\\/reiseberichte-wandern-skitouren-rumanien\\\/\"]]}]},{\"@type\":\"ImageObject\",\"inLanguage\":\"de\",\"@id\":\"https:\\\/\\\/www.mountainguide.ro\\\/de\\\/reiseberichte-wandern-skitouren-rumanien\\\/#primaryimage\",\"url\":\"http:\\\/\\\/www.mountainguide.ro\\\/wp-content\\\/uploads\\\/2014\\\/01\\\/MG_3025.jpg\",\"contentUrl\":\"http:\\\/\\\/www.mountainguide.ro\\\/wp-content\\\/uploads\\\/2014\\\/01\\\/MG_3025.jpg\"},{\"@type\":\"BreadcrumbList\",\"@id\":\"https:\\\/\\\/www.mountainguide.ro\\\/de\\\/reiseberichte-wandern-skitouren-rumanien\\\/#breadcrumb\",\"itemListElement\":[{\"@type\":\"ListItem\",\"position\":1,\"name\":\"Home\",\"item\":\"https:\\\/\\\/www.mountainguide.ro\\\/de\\\/\"},{\"@type\":\"ListItem\",\"position\":2,\"name\":\"Reiseberichte &#8211; Worte von unseren G\u00e4sten\"}]},{\"@type\":\"WebSite\",\"@id\":\"https:\\\/\\\/www.mountainguide.ro\\\/de\\\/#website\",\"url\":\"https:\\\/\\\/www.mountainguide.ro\\\/de\\\/\",\"name\":\"Bergf\u00fchrer f\u00fcr Bergtouren in den rum\u00e4nischen Bergen\",\"description\":\"Trekking, Wandern, Skitouren in Rum\u00e4nien\",\"potentialAction\":[{\"@type\":\"SearchAction\",\"target\":{\"@type\":\"EntryPoint\",\"urlTemplate\":\"https:\\\/\\\/www.mountainguide.ro\\\/de\\\/?s={search_term_string}\"},\"query-input\":{\"@type\":\"PropertyValueSpecification\",\"valueRequired\":true,\"valueName\":\"search_term_string\"}}],\"inLanguage\":\"de\"}]}<\/script>\n<!-- \/ Yoast SEO plugin. -->","yoast_head_json":{"title":"Reiseberichte - Worte von unseren G\u00e4sten - mountainguide.ro","robots":{"index":"index","follow":"follow","max-snippet":"max-snippet:-1","max-image-preview":"max-image-preview:large","max-video-preview":"max-video-preview:-1"},"canonical":"https:\/\/www.mountainguide.ro\/de\/reiseberichte-wandern-skitouren-rumanien\/","og_locale":"de_DE","og_type":"article","og_title":"Reiseberichte - Worte von unseren G\u00e4sten - mountainguide.ro","og_description":"Die beste Werbung ist ein zufriedener Kunde. Wie organisieren Bergtouren in Rum\u00e4nien seit dem Jahr 1999, seien es Wanderungen, Tourenski oder neuerdings auch Mountain Biking. \u00dcber die Jahre hatten wir hunderte G\u00e4ste, von denen sehr viele auch die Freundlichkeit hatten uns Ihre Erfahrungen der Reise aufzuschreiben. Wir laden Sie ein diese Erfahrungen in diesem Bereichen... Weiter &raquo;","og_url":"http:\/\/www.mountainguide.ro\/de\/reiseberichte-wandern-skitouren-rumanien\/","og_site_name":"Bergf\u00fchrer f\u00fcr Bergtouren in den rum\u00e4nischen Bergen","article_publisher":"https:\/\/www.facebook.com\/mountainguide.ro\/","article_modified_time":"2016-10-17T18:08:05+00:00","og_image":[{"url":"http:\/\/www.mountainguide.ro\/wp-content\/uploads\/2014\/01\/MG_3025.jpg","type":"","width":"","height":""}],"twitter_card":"summary_large_image","twitter_misc":{"Gesch\u00e4tzte Lesezeit":"2\u00a0Minuten"},"schema":{"@context":"https:\/\/schema.org","@graph":[{"@type":"WebPage","@id":"https:\/\/www.mountainguide.ro\/de\/reiseberichte-wandern-skitouren-rumanien\/","url":"https:\/\/www.mountainguide.ro\/de\/reiseberichte-wandern-skitouren-rumanien\/","name":"Reiseberichte - Worte von unseren G\u00e4sten - mountainguide.ro","isPartOf":{"@id":"https:\/\/www.mountainguide.ro\/de\/#website"},"primaryImageOfPage":{"@id":"https:\/\/www.mountainguide.ro\/de\/reiseberichte-wandern-skitouren-rumanien\/#primaryimage"},"image":{"@id":"https:\/\/www.mountainguide.ro\/de\/reiseberichte-wandern-skitouren-rumanien\/#primaryimage"},"thumbnailUrl":"http:\/\/www.mountainguide.ro\/wp-content\/uploads\/2014\/01\/MG_3025.jpg","datePublished":"2014-01-22T13:58:40+00:00","dateModified":"2016-10-17T18:08:05+00:00","breadcrumb":{"@id":"https:\/\/www.mountainguide.ro\/de\/reiseberichte-wandern-skitouren-rumanien\/#breadcrumb"},"inLanguage":"de","potentialAction":[{"@type":"ReadAction","target":[["https:\/\/www.mountainguide.ro\/de\/reiseberichte-wandern-skitouren-rumanien\/"]]}]},{"@type":"ImageObject","inLanguage":"de","@id":"https:\/\/www.mountainguide.ro\/de\/reiseberichte-wandern-skitouren-rumanien\/#primaryimage","url":"http:\/\/www.mountainguide.ro\/wp-content\/uploads\/2014\/01\/MG_3025.jpg","contentUrl":"http:\/\/www.mountainguide.ro\/wp-content\/uploads\/2014\/01\/MG_3025.jpg"},{"@type":"BreadcrumbList","@id":"https:\/\/www.mountainguide.ro\/de\/reiseberichte-wandern-skitouren-rumanien\/#breadcrumb","itemListElement":[{"@type":"ListItem","position":1,"name":"Home","item":"https:\/\/www.mountainguide.ro\/de\/"},{"@type":"ListItem","position":2,"name":"Reiseberichte &#8211; Worte von unseren G\u00e4sten"}]},{"@type":"WebSite","@id":"https:\/\/www.mountainguide.ro\/de\/#website","url":"https:\/\/www.mountainguide.ro\/de\/","name":"Bergf\u00fchrer f\u00fcr Bergtouren in den rum\u00e4nischen Bergen","description":"Trekking, Wandern, Skitouren in Rum\u00e4nien","potentialAction":[{"@type":"SearchAction","target":{"@type":"EntryPoint","urlTemplate":"https:\/\/www.mountainguide.ro\/de\/?s={search_term_string}"},"query-input":{"@type":"PropertyValueSpecification","valueRequired":true,"valueName":"search_term_string"}}],"inLanguage":"de"}]}},"_links":{"self":[{"href":"https:\/\/www.mountainguide.ro\/de\/wp-json\/wp\/v2\/pages\/10345","targetHints":{"allow":["GET"]}}],"collection":[{"href":"https:\/\/www.mountainguide.ro\/de\/wp-json\/wp\/v2\/pages"}],"about":[{"href":"https:\/\/www.mountainguide.ro\/de\/wp-json\/wp\/v2\/types\/page"}],"author":[{"embeddable":true,"href":"https:\/\/www.mountainguide.ro\/de\/wp-json\/wp\/v2\/users\/3"}],"replies":[{"embeddable":true,"href":"https:\/\/www.mountainguide.ro\/de\/wp-json\/wp\/v2\/comments?post=10345"}],"version-history":[{"count":4,"href":"https:\/\/www.mountainguide.ro\/de\/wp-json\/wp\/v2\/pages\/10345\/revisions"}],"predecessor-version":[{"id":13172,"href":"https:\/\/www.mountainguide.ro\/de\/wp-json\/wp\/v2\/pages\/10345\/revisions\/13172"}],"wp:attachment":[{"href":"https:\/\/www.mountainguide.ro\/de\/wp-json\/wp\/v2\/media?parent=10345"}],"wp:term":[{"taxonomy":"post_tag","embeddable":true,"href":"https:\/\/www.mountainguide.ro\/de\/wp-json\/wp\/v2\/tags?post=10345"}],"curies":[{"name":"wp","href":"https:\/\/api.w.org\/{rel}","templated":true}]}}